{"id":2729,"date":"2022-12-20T16:20:15","date_gmt":"2022-12-20T16:20:15","guid":{"rendered":"https:\/\/magmont.com\/mas-informacion-sobre-las-cookies\/"},"modified":"2024-05-09T08:04:33","modified_gmt":"2024-05-09T08:04:33","slug":"que-es-una-cookie","status":"publish","type":"page","link":"https:\/\/magmont.com\/ca\/que-es-una-cookie\/","title":{"rendered":"M\u00e9s informaci\u00f3 sobre les cookies"},"content":{"rendered":"<h2>Qu\u00e8 \u00e9s una cookie?<\/h2>\n<p>Una <em>cookie<\/em> \u00e9s un fitxer de text <b>inofensiu<\/b> que s&#8217;emmagatzema al navegador quan visita gaireb\u00e9 qualsevol p\u00e0gina web. La utilitat de la <em>cookie<\/em> \u00e9s que la web sigui capa\u00e7 de recordar la vostra visita quan torneu a navegar per aquesta p\u00e0gina. Encara que molta gent no ho sap les cookies es porten utilitzant des de fa 20 anys, quan van apar\u00e8ixer els primers navegadors per a la World Wide Web.<\/p>\n<h2>Qu\u00e8 NO \u00c9S una cookie?<\/h2>\n<p>No \u00e9s un virus, ni un troi\u00e0, ni un cuc, ni spam, ni spyware, ni obre finestres pop-up.<\/p>\n<h2>Quina informaci\u00f3 emmagatzema una <em>cookie<\/em>?<\/h2>\n<p>Las <em>cookies\u00a0<\/em>no solen emmagatzemar informaci\u00f3 sensible sobre vost\u00e8, com ara targetes de cr\u00e8dit o dades banc\u00e0ries, fotografies, el seu DNI o informaci\u00f3 personal, etc. Les dades que guarden s\u00f3n de car\u00e0cter t\u00e8cnic, prefer\u00e8ncies personals, personalitzaci\u00f3 de continguts, etc.<\/p>\n<p>El servidor web no us associa a vost\u00e8 com a persona sin\u00f3 al vostre navegador web. De fet, si navega habitualment amb Internet Explorer i prova a navegar per la mateixa web amb Firefox o Chrome veur\u00e0 que la web no s&#8217;adona que \u00e9s vost\u00e8 la mateixa persona perqu\u00e8 en realitat est\u00e0 associant al navegador, no a la persona.<\/p>\n<div id=\"tw-target-text-container\" class=\"tw-ta-container F0azHf tw-nfl\" tabindex=\"0\"><\/div>\n<h2>\u00bfQuins tipus de <em>cookies<\/em> hi ha?<\/h2>\n<ul>\n<li><em>Cookies<\/em> t\u00e8cniques: S\u00f3n les <span class=\"hiddenGrammarError\">m\u00e9s<\/span>\u00a0elementals i permeten, entre altres coses, saber quan est\u00e0 navegant un hum\u00e0 o una aplicaci\u00f3 automatitzada, quan navega un usuari an\u00f2nim i un registrat, tasques b\u00e0siques per al funcionament de qualsevol web din\u00e0mica.<\/li>\n<li><\/li>\n<li><em>Cookies d&#8217;an\u00e0lisi<\/em>: recullen informaci\u00f3 sobre el tipus de navegaci\u00f3 que esteu realitzant, les seccions que m\u00e9s utilitzeu, productes consultats, franja hor\u00e0ria d&#8217;\u00fas, idioma, etc.<\/li>\n<li><em>Cookies publicit\u00e0ries<\/em>: Mostren publicitat en funci\u00f3 de la seva navegaci\u00f3, el seu pa\u00eds de proced\u00e8ncia, idioma, etc.<\/li>\n<\/ul>\n<h2>Qu\u00e8 s\u00f3n les <em>cookies<\/em> pr\u00f2pies i les de tercers?<\/h2>\n<p>Las <em>cookies pr\u00f2pies<\/em> s\u00f3n les generades per la p\u00e0gina que esteu visitant i les de<em> tercers<\/em> son las generadas por serveis o prove\u00efdors externs como Facebook, Twitter, Google, etc.<\/p>\n<h2>Qu\u00e8 passa si desactivo les <em>cookies<\/em>?<\/h2>\n<p>Perqu\u00e8 entengueu l&#8217;abast que podeu tenir desactivar les cookies us mostrem uns exemples:<\/p>\n<ul>\n<li>No podreu compartir continguts d&#8217;aquesta web a Facebook, Twitter o qualsevol altra xarxa social.<\/li>\n<li>El lloc web no podr\u00e0 adaptar els continguts a les seves prefer\u00e8ncies personals, com sol passar a les botigues en l\u00ednia.<\/li>\n<li>No podreu accedir a l&#8217;\u00e0rea personal d&#8217;aquesta web, com ara El meu compte, o El meu perfil o Les meves comandes.<\/li>\n<li>Botigues en l\u00ednia: Li ser\u00e0 impossible fer compres en l\u00ednia, hauran de ser telef\u00f2niques o visitant la botiga f\u00edsica si \u00e9s que en disposa.<\/li>\n<li>No ser\u00e0 possible personalitzar les vostres prefer\u00e8ncies geogr\u00e0fiques com ara franja hor\u00e0ria, divisa o idioma.<\/li>\n<li>El lloc web no podr\u00e0 realitzar anal\u00edtiques web sobre visitants i tr\u00e0nsit a la web, cosa que dificultar\u00e0 que la web sigui competitiva.<\/li>\n<li>No podr\u00e0 escriure al bloc, no podr\u00e0 pujar fotos, publicar comentaris, valorar o puntuar continguts. La web tampoc podr\u00e0 saber si vost\u00e8 \u00e9s un hum\u00e0 o una aplicaci\u00f3 automatitzada que publica\u00a0<span class=\"hiddenGreenError\" style=\"padding-bottom: 2px; background-image: url('..\/..\/..\/..\/..\/images\/squiggle_green.png'); background-repeat: repeat-x; background-position: left bottom; cursor: default; color: #000000; font-family: 'Open Sans', Helvetica, Arial, sans-serif; font-size: 16px; font-style: normal; font-variant-ligatures: normal; font-variant-caps: normal; font-weight: 300; letter-spacing: normal; orphans: 2; text-align: start; text-indent: 0px; text-transform: none; widows: 2; word-spacing: 0px; -webkit-text-stroke-width: 0px; white-space: normal; text-decoration-thickness: initial; text-decoration-style: initial; text-decoration-color: initial;\">spam<\/span>.<\/li>\n<li>No es podr\u00e0 mostrar publicitat sectoritzada, cosa que reduir\u00e0 els ingressos publicitaris de la web.<\/li>\n<li>Totes les xarxes socials usen cookies, si les desactiva no podreu utilitzar cap xarxa social.<\/li>\n<\/ul>\n<h2>Es poden eliminar les <em>cookies<\/em>?<\/h2>\n<p>S\u00ed. No nom\u00e9s eliminar, tamb\u00e9 bloquejar, de manera general o particular per a un domini espec\u00edfic.<\/p>\n<p>Per eliminar les galetes d&#8217;un lloc web heu d&#8217;anar a la configuraci\u00f3 del vostre navegador i all\u00e0 podreu buscar les associades al domini en q\u00fcesti\u00f3 i procedir a la seva eliminaci\u00f3.<\/p>\n<h2 id=\"navegadores\">Configuraci\u00f3 de <em>cookies<\/em> per als navegadors m\u00e9s populars<\/h2>\n<p>A continuaci\u00f3 us indiquem com accedir a una cookie determinada del navegador Chrome. Nota: aquests passos poden variar en funci\u00f3 de la versi\u00f3 del navegador:<\/p>\n<ol>\n<li>Aneu a Configuraci\u00f3 o Prefer\u00e8ncies mitjan\u00e7ant el men\u00fa Fitxer o b\u00e9 clicant la icona de personalitzaci\u00f3 que apareix a dalt a la dreta.<\/li>\n<li>Veureu seccions diferents, premeu Mostrar opcions avan\u00e7ades.<\/li>\n<li>Aneu a Privadesa, Configuraci\u00f3 de contingut.<\/li>\n<li>Seleccioneu Totes les galetes i les dades de llocs.<\/li>\n<li>Apareixer\u00e0 un llistat amb totes les galetes ordenades per domini. Perqu\u00e8 us sigui m\u00e9s f\u00e0cil trobar les galetes d&#8217;un determinat domini introdu\u00efu parcialment o totalment l&#8217;adre\u00e7a al camp Cerca galetes.<\/li>\n<li>Despr\u00e9s de realitzar aquest filtre apareixeran en pantalla una o diverses l\u00ednies amb les galetes del web sol\u00b7licitat. Ara nom\u00e9s heu de seleccionar-la i pr\u00e9mer la X per procedir a la seva eliminaci\u00f3.<\/li>\n<\/ol>\n<p>Per accedir a la configuraci\u00f3 de\u00a0<span class=\"hiddenGrammarError\">cookies<\/span>\u00a0del navegador <strong>Internet Explorer<\/strong> seguiu aquests passos (poden variar en funci\u00f3 de la versi\u00f3 del navegador):<\/p>\n<ol>\n<li>Aneu a Eines, Opcions d&#8217;Internet<\/li>\n<li>Feu clic a Privadesa.<\/li>\n<li>Moveu el bot\u00f3 lliscant fins a ajustar el nivell de privadesa que vulgueu.<\/li>\n<\/ol>\n<p>Per accedir a la configuraci\u00f3 de\u00a0<span class=\"hiddenGrammarError\">cookies<\/span>\u00a0del navegador <strong>Firefox<\/strong> seguiu aquests passos (poden variar en funci\u00f3 de la versi\u00f3 del navegador):<\/p>\n<ol>\n<li>Aneu a Opcions o Prefer\u00e8ncies segons el vostre sistema operatiu.<\/li>\n<li>Feu clic a Privadesa.<\/li>\n<li>A Historial trieu Usa una configuraci\u00f3 personalitzada per a l&#8217;historial.<\/li>\n<li>Ara veureu l&#8217;opci\u00f3 Acceptar\u00a0<span class=\"hiddenGrammarError\">cookies<\/span>, podeu activar-la o desactivar-la segons les vostres prefer\u00e8ncies.<\/li>\n<\/ol>\n<p>Per accedir a la configuraci\u00f3 de\u00a0<span class=\"hiddenGrammarError\">cookies<\/span>\u00a0del navegador <strong>Safari per a\u00a0<span class=\"hiddenSpellError\">OSX<\/span><\/strong>\u00a0seguiu aquests passos (poden variar en funci\u00f3 de la versi\u00f3 del navegador):<\/p>\n<ol>\n<li>Aneu a Prefer\u00e8ncies, despr\u00e9s Privadesa.<\/li>\n<li>En aquest lloc veureu l&#8217;opci\u00f3 Bloquejar\u00a0<span class=\"hiddenGrammarError\">cookies<\/span>\u00a0perqu\u00e8 ajusti el tipus de bloqueig que voleu realitzar.<\/li>\n<\/ol>\n<p>Per accedir a la configuraci\u00f3 de\u00a0<span class=\"hiddenGrammarError\">cookies<\/span>\u00a0del navegador <strong>Safari per a iOS<\/strong> seguiu aquests passos (poden variar en funci\u00f3 de la versi\u00f3 del navegador):<\/p>\n<ol>\n<li>Aneu a Ajustos, despr\u00e9s Safari.<\/li>\n<li>Aneu a Privadesa i Seguretat, veureu l&#8217;opci\u00f3 Bloquejar\u00a0<span class=\"hiddenGrammarError\">cookies<\/span>\u00a0perqu\u00e8 ajusti el tipus de bloqueig que voleu realitzar.<\/li>\n<\/ol>\n<p>Per accedir a la configuraci\u00f3 de\u00a0<span class=\"hiddenGrammarError\">cookies<\/span>\u00a0del navegador per a dispositius <strong>Android<\/strong> seguiu aquests passos (poden variar en funci\u00f3 de la versi\u00f3 del navegador):<\/p>\n<ol>\n<li>Executeu el navegador i premeu la tecla Men\u00fa, despr\u00e9s Configuraci\u00f3.<\/li>\n<li>Aneu a Seguretat i Privadesa, veureu l&#8217;opci\u00f3 Acceptar\u00a0<span class=\"hiddenGrammarError\">cookies<\/span>\u00a0perqu\u00e8 activeu o desactiveu la casella.<\/li>\n<\/ol>\n<p>Per accedir a la configuraci\u00f3 de\u00a0<span class=\"hiddenGrammarError\">cookies<\/span>\u00a0del navegador per a dispositius <strong>Windows Phone<\/strong> seguiu aquests passos (poden variar en funci\u00f3 de la versi\u00f3 del navegador):<\/p>\n<ol>\n<li>Obriu Internet Explorer, despr\u00e9s M\u00e9s,\u00a0despr\u00e9s Configuraci\u00f3<\/li>\n<li>Ara podeu activar o desactivar la casella Permetre cookies.<\/li>\n<\/ol>\n<p>Assessor de\u00a0<span class=\"hiddenGrammarError\">Cookies<\/span> \u00e9s un\u00a0<a href=\"http:\/\/wordpress.org\/plugins\/asesor-cookies-para-la-ley-en-espana\/\" target=\"_blank\" rel=\"noopener\">plugin per WordPress<\/a><\/p>\n","protected":false},"excerpt":{"rendered":"<p>Qu\u00e8 \u00e9s una cookie? Una cookie \u00e9s un fitxer de text inofensiu que s&#8217;emmagatzema al navegador quan visita gaireb\u00e9 qualsevol p\u00e0gina web. La utilitat de la cookie \u00e9s que la web sigui capa\u00e7 de recordar la vostra visita quan torneu a navegar per aquesta p\u00e0gina. Encara que molta gent no ho sap les cookies es [&hellip;]<\/p>\n","protected":false},"author":1,"featured_media":0,"parent":0,"menu_order":0,"comment_status":"closed","ping_status":"closed","template":"","meta":{"_et_pb_use_builder":"","_et_pb_old_content":"","_et_gb_content_width":"","footnotes":""},"class_list":["post-2729","page","type-page","status-publish","hentry"],"yoast_head":"<!-- This site is optimized with the Yoast SEO plugin v26.7 - https:\/\/yoast.com\/wordpress\/plugins\/seo\/ -->\n<title>Qu\u00e8 \u00e9s una cookie? - MAGMONT | Castell Universal | Adhesivos de cianocrilato en distintos formatos<\/title>\n<meta name=\"description\" content=\"Qu\u00e8 \u00e9s una cookie? Una galeta \u00e9s un fitxer de text inofensiu que s&#039;emmagatzema al navegador quan visita gaireb\u00e9 qualsevol p\u00e0gina web.\" \/>\n<meta name=\"robots\" content=\"index, follow, max-snippet:-1, max-image-preview:large, max-video-preview:-1\" \/>\n<link rel=\"canonical\" href=\"https:\/\/magmont.com\/ca\/que-es-una-cookie\/\" \/>\n<meta property=\"og:locale\" content=\"ca_ES\" \/>\n<meta property=\"og:type\" content=\"article\" \/>\n<meta property=\"og:title\" content=\"Qu\u00e8 \u00e9s una cookie? - MAGMONT | Castell Universal | Adhesivos de cianocrilato en distintos formatos\" \/>\n<meta property=\"og:description\" content=\"Qu\u00e8 \u00e9s una cookie? Una galeta \u00e9s un fitxer de text inofensiu que s&#039;emmagatzema al navegador quan visita gaireb\u00e9 qualsevol p\u00e0gina web.\" \/>\n<meta property=\"og:url\" content=\"https:\/\/magmont.com\/ca\/que-es-una-cookie\/\" \/>\n<meta property=\"og:site_name\" content=\"MAGMONT | Castell Universal | Adhesivos de cianocrilato en distintos formatos\" \/>\n<meta property=\"article:modified_time\" content=\"2024-05-09T08:04:33+00:00\" \/>\n<meta property=\"og:image\" content=\"https:\/\/magmont.com\/wp-content\/uploads\/2024\/05\/IMG_5928-scaled.jpg\" \/>\n\t<meta property=\"og:image:width\" content=\"2560\" \/>\n\t<meta property=\"og:image:height\" content=\"1707\" \/>\n\t<meta property=\"og:image:type\" content=\"image\/jpeg\" \/>\n<meta name=\"twitter:label1\" content=\"Temps estimat de lectura\" \/>\n\t<meta name=\"twitter:data1\" content=\"5 minuts\" \/>\n<script type=\"application\/ld+json\" class=\"yoast-schema-graph\">{\"@context\":\"https:\/\/schema.org\",\"@graph\":[{\"@type\":\"WebPage\",\"@id\":\"https:\/\/magmont.com\/ca\/que-es-una-cookie\/\",\"url\":\"https:\/\/magmont.com\/ca\/que-es-una-cookie\/\",\"name\":\"Qu\u00e8 \u00e9s una cookie? - MAGMONT | Castell Universal | Adhesivos de cianocrilato en distintos formatos\",\"isPartOf\":{\"@id\":\"https:\/\/magmont.com\/#website\"},\"datePublished\":\"2022-12-20T16:20:15+00:00\",\"dateModified\":\"2024-05-09T08:04:33+00:00\",\"description\":\"Qu\u00e8 \u00e9s una cookie? Una galeta \u00e9s un fitxer de text inofensiu que s'emmagatzema al navegador quan visita gaireb\u00e9 qualsevol p\u00e0gina web.\",\"breadcrumb\":{\"@id\":\"https:\/\/magmont.com\/ca\/que-es-una-cookie\/#breadcrumb\"},\"inLanguage\":\"ca\",\"potentialAction\":[{\"@type\":\"ReadAction\",\"target\":[\"https:\/\/magmont.com\/ca\/que-es-una-cookie\/\"]}]},{\"@type\":\"BreadcrumbList\",\"@id\":\"https:\/\/magmont.com\/ca\/que-es-una-cookie\/#breadcrumb\",\"itemListElement\":[{\"@type\":\"ListItem\",\"position\":1,\"name\":\"Portada\",\"item\":\"https:\/\/magmont.com\/\"},{\"@type\":\"ListItem\",\"position\":2,\"name\":\"M\u00e9s informaci\u00f3 sobre les cookies\"}]},{\"@type\":\"WebSite\",\"@id\":\"https:\/\/magmont.com\/#website\",\"url\":\"https:\/\/magmont.com\/\",\"name\":\"MAGMONT | Castell Universal | Adhesivos de cianocrilato en distintos formatos\",\"description\":\"Fabricantes de adhesivos de cianocrilato, adhesivos termoconductores, fija tuercas, sellador en pasta y recubrimientos anti manipulaci\u00f3n. Servicio y Calidad, unas de las principales prioridades con m\u00e1s de 15 a\u00f1os de experiencia\",\"publisher\":{\"@id\":\"https:\/\/magmont.com\/#organization\"},\"alternateName\":\"Castell Universal\",\"potentialAction\":[{\"@type\":\"SearchAction\",\"target\":{\"@type\":\"EntryPoint\",\"urlTemplate\":\"https:\/\/magmont.com\/?s={search_term_string}\"},\"query-input\":{\"@type\":\"PropertyValueSpecification\",\"valueRequired\":true,\"valueName\":\"search_term_string\"}}],\"inLanguage\":\"ca\"},{\"@type\":\"Organization\",\"@id\":\"https:\/\/magmont.com\/#organization\",\"name\":\"MAGMONT | Castell Universal | Adhesivos de cianocrilato en distintos formatos\",\"url\":\"https:\/\/magmont.com\/\",\"logo\":{\"@type\":\"ImageObject\",\"inLanguage\":\"ca\",\"@id\":\"https:\/\/magmont.com\/#\/schema\/logo\/image\/\",\"url\":\"https:\/\/magmont.com\/wp-content\/uploads\/2024\/06\/logo2.png\",\"contentUrl\":\"https:\/\/magmont.com\/wp-content\/uploads\/2024\/06\/logo2.png\",\"width\":536,\"height\":162,\"caption\":\"MAGMONT | Castell Universal | Adhesivos de cianocrilato en distintos formatos\"},\"image\":{\"@id\":\"https:\/\/magmont.com\/#\/schema\/logo\/image\/\"},\"sameAs\":[\"https:\/\/www.instagram.com\/adhesivosmagmont\/\",\"https:\/\/es.linkedin.com\/in\/magmont-adhesives\"]}]}<\/script>\n<!-- \/ Yoast SEO plugin. -->","yoast_head_json":{"title":"Qu\u00e8 \u00e9s una cookie? - MAGMONT | Castell Universal | Adhesivos de cianocrilato en distintos formatos","description":"Qu\u00e8 \u00e9s una cookie? Una galeta \u00e9s un fitxer de text inofensiu que s'emmagatzema al navegador quan visita gaireb\u00e9 qualsevol p\u00e0gina web.","robots":{"index":"index","follow":"follow","max-snippet":"max-snippet:-1","max-image-preview":"max-image-preview:large","max-video-preview":"max-video-preview:-1"},"canonical":"https:\/\/magmont.com\/ca\/que-es-una-cookie\/","og_locale":"ca_ES","og_type":"article","og_title":"Qu\u00e8 \u00e9s una cookie? - MAGMONT | Castell Universal | Adhesivos de cianocrilato en distintos formatos","og_description":"Qu\u00e8 \u00e9s una cookie? Una galeta \u00e9s un fitxer de text inofensiu que s'emmagatzema al navegador quan visita gaireb\u00e9 qualsevol p\u00e0gina web.","og_url":"https:\/\/magmont.com\/ca\/que-es-una-cookie\/","og_site_name":"MAGMONT | Castell Universal | Adhesivos de cianocrilato en distintos formatos","article_modified_time":"2024-05-09T08:04:33+00:00","og_image":[{"width":2560,"height":1707,"url":"https:\/\/magmont.com\/wp-content\/uploads\/2024\/05\/IMG_5928-scaled.jpg","type":"image\/jpeg"}],"twitter_misc":{"Temps estimat de lectura":"5 minuts"},"schema":{"@context":"https:\/\/schema.org","@graph":[{"@type":"WebPage","@id":"https:\/\/magmont.com\/ca\/que-es-una-cookie\/","url":"https:\/\/magmont.com\/ca\/que-es-una-cookie\/","name":"Qu\u00e8 \u00e9s una cookie? - MAGMONT | Castell Universal | Adhesivos de cianocrilato en distintos formatos","isPartOf":{"@id":"https:\/\/magmont.com\/#website"},"datePublished":"2022-12-20T16:20:15+00:00","dateModified":"2024-05-09T08:04:33+00:00","description":"Qu\u00e8 \u00e9s una cookie? Una galeta \u00e9s un fitxer de text inofensiu que s'emmagatzema al navegador quan visita gaireb\u00e9 qualsevol p\u00e0gina web.","breadcrumb":{"@id":"https:\/\/magmont.com\/ca\/que-es-una-cookie\/#breadcrumb"},"inLanguage":"ca","potentialAction":[{"@type":"ReadAction","target":["https:\/\/magmont.com\/ca\/que-es-una-cookie\/"]}]},{"@type":"BreadcrumbList","@id":"https:\/\/magmont.com\/ca\/que-es-una-cookie\/#breadcrumb","itemListElement":[{"@type":"ListItem","position":1,"name":"Portada","item":"https:\/\/magmont.com\/"},{"@type":"ListItem","position":2,"name":"M\u00e9s informaci\u00f3 sobre les cookies"}]},{"@type":"WebSite","@id":"https:\/\/magmont.com\/#website","url":"https:\/\/magmont.com\/","name":"MAGMONT | Castell Universal | Adhesivos de cianocrilato en distintos formatos","description":"Fabricantes de adhesivos de cianocrilato, adhesivos termoconductores, fija tuercas, sellador en pasta y recubrimientos anti manipulaci\u00f3n. Servicio y Calidad, unas de las principales prioridades con m\u00e1s de 15 a\u00f1os de experiencia","publisher":{"@id":"https:\/\/magmont.com\/#organization"},"alternateName":"Castell Universal","potentialAction":[{"@type":"SearchAction","target":{"@type":"EntryPoint","urlTemplate":"https:\/\/magmont.com\/?s={search_term_string}"},"query-input":{"@type":"PropertyValueSpecification","valueRequired":true,"valueName":"search_term_string"}}],"inLanguage":"ca"},{"@type":"Organization","@id":"https:\/\/magmont.com\/#organization","name":"MAGMONT | Castell Universal | Adhesivos de cianocrilato en distintos formatos","url":"https:\/\/magmont.com\/","logo":{"@type":"ImageObject","inLanguage":"ca","@id":"https:\/\/magmont.com\/#\/schema\/logo\/image\/","url":"https:\/\/magmont.com\/wp-content\/uploads\/2024\/06\/logo2.png","contentUrl":"https:\/\/magmont.com\/wp-content\/uploads\/2024\/06\/logo2.png","width":536,"height":162,"caption":"MAGMONT | Castell Universal | Adhesivos de cianocrilato en distintos formatos"},"image":{"@id":"https:\/\/magmont.com\/#\/schema\/logo\/image\/"},"sameAs":["https:\/\/www.instagram.com\/adhesivosmagmont\/","https:\/\/es.linkedin.com\/in\/magmont-adhesives"]}]}},"_links":{"self":[{"href":"https:\/\/magmont.com\/ca\/wp-json\/wp\/v2\/pages\/2729","targetHints":{"allow":["GET"]}}],"collection":[{"href":"https:\/\/magmont.com\/ca\/wp-json\/wp\/v2\/pages"}],"about":[{"href":"https:\/\/magmont.com\/ca\/wp-json\/wp\/v2\/types\/page"}],"author":[{"embeddable":true,"href":"https:\/\/magmont.com\/ca\/wp-json\/wp\/v2\/users\/1"}],"replies":[{"embeddable":true,"href":"https:\/\/magmont.com\/ca\/wp-json\/wp\/v2\/comments?post=2729"}],"version-history":[{"count":3,"href":"https:\/\/magmont.com\/ca\/wp-json\/wp\/v2\/pages\/2729\/revisions"}],"predecessor-version":[{"id":3002,"href":"https:\/\/magmont.com\/ca\/wp-json\/wp\/v2\/pages\/2729\/revisions\/3002"}],"wp:attachment":[{"href":"https:\/\/magmont.com\/ca\/wp-json\/wp\/v2\/media?parent=2729"}],"curies":[{"name":"wp","href":"https:\/\/api.w.org\/{rel}","templated":true}]}}