{"id":2742,"date":"2022-12-20T16:20:15","date_gmt":"2022-12-20T16:20:15","guid":{"rendered":"https:\/\/magmont.com\/politica-de-cookies\/"},"modified":"2024-05-09T07:57:37","modified_gmt":"2024-05-09T07:57:37","slug":"la-politica-de-cookies","status":"publish","type":"page","link":"https:\/\/magmont.com\/ca\/la-politica-de-cookies\/","title":{"rendered":"Pol\u00edtica de cookies"},"content":{"rendered":"<h1>Pol\u00edtica de cookies<\/h1>\n<p id=\"tw-target-text\" class=\"tw-data-text tw-text-large tw-ta\" dir=\"ltr\" data-placeholder=\"Traducci\u00f3n\" aria-label=\"Texto traducido\" data-ved=\"2ahUKEwi95uPhjvmFAxVnR_EDHeraDysQ3ewLegQIExAU\"><span class=\"Y2IQFc\" lang=\"ca\">Una cookie \u00e9s un petit fitxer de text que s&#8217;emmagatzema al vostre navegador quan visita gaireb\u00e9 qualsevol p\u00e0gina web. La seva utilitat \u00e9s que la web sigui capa\u00e7 de recordar la vostra visita quan torneu a navegar per aquesta p\u00e0gina. Les cookies solen emmagatzemar informaci\u00f3 de car\u00e0cter t\u00e8cnic, prefer\u00e8ncies personals, personalitzaci\u00f3 de continguts, estad\u00edstiques d\u00fas, enlla\u00e7os a xarxes socials, acc\u00e9s a comptes d&#8217;usuari, etc. L&#8217;objectiu de la cookie \u00e9s adaptar el contingut de la web al seu perfil i necessitats, sense galetes els serveis oferts per qualsevol p\u00e0gina es veurien minvats notablement. Si voleu consultar m\u00e9s informaci\u00f3 sobre qu\u00e8 s\u00f3n les galetes, qu\u00e8 emmagatzemen, com eliminar-les, desactivar-les, etc., <a href=\"https:\/\/magmont.com\/ca\/mes-informacio-sobre-les-cookies\/\">us preguem que us dirigiu a aquest enlla\u00e7.<\/a><\/span><\/p>\n<h2>Cookies utilitzades en aquest lloc web<\/h2>\n<p id=\"tw-target-text\" class=\"tw-data-text tw-text-large tw-ta\" dir=\"ltr\" data-placeholder=\"Traducci\u00f3n\" aria-label=\"Texto traducido\" data-ved=\"2ahUKEwi95uPhjvmFAxVnR_EDHeraDysQ3ewLegQIExAU\"><span class=\"Y2IQFc\" lang=\"ca\">Seguint les directrius de l&#8217;Ag\u00e8ncia Espanyola de Protecci\u00f3 de Dades procedim a detallar l&#8217;\u00fas de cookies que fa aquesta web per tal d&#8217;informar-vos amb la m\u00e0xima exactitud possible.<\/span><\/p>\n<p>Aquest lloc web utilitza les seg\u00fcents <strong>cookies propies:<\/strong><\/p>\n<ul>\n<li>\n<p id=\"tw-target-text\" class=\"tw-data-text tw-text-large tw-ta\" dir=\"ltr\" data-placeholder=\"Traducci\u00f3n\" aria-label=\"Texto traducido\" data-ved=\"2ahUKEwi95uPhjvmFAxVnR_EDHeraDysQ3ewLegQIExAU\"><span class=\"Y2IQFc\" lang=\"ca\">Cookies de sessi\u00f3, per garantir que els usuaris que escriguin comentaris al bloc siguin humans i no aplicacions automatitzades. D&#8217;aquesta manera es combat el correu brossa.<\/span><\/p>\n<\/li>\n<\/ul>\n<p>Aquest lloc web utilitza les <strong>cookies de tercers<\/strong> seg\u00fcents:<\/p>\n<ul>\n<li>\n<p id=\"tw-target-text\" class=\"tw-data-text tw-text-large tw-ta\" dir=\"ltr\" data-placeholder=\"Traducci\u00f3n\" aria-label=\"Texto traducido\" data-ved=\"2ahUKEwi95uPhjvmFAxVnR_EDHeraDysQ3ewLegQIExAU\"><span class=\"Y2IQFc\" lang=\"ca\">Google Analytics: Emmagatzema <em>cookies<\/em> per poder elaborar estad\u00edstiques sobre el tr\u00e0nsit i el volum de visites d&#8217;aquesta web. En utilitzar aquest lloc web est\u00e0 consentint el tractament dinformaci\u00f3 sobre vost\u00e8 per Google. Per tant, l&#8217;exercici de qualsevol dret en aquest sentit ho haur\u00e0 de fer comunicant directament amb Google.<\/span><\/p>\n<\/li>\n<li>\n<p id=\"tw-target-text\" class=\"tw-data-text tw-text-large tw-ta\" dir=\"ltr\" data-placeholder=\"Traducci\u00f3n\" aria-label=\"Texto traducido\" data-ved=\"2ahUKEwi95uPhjvmFAxVnR_EDHeraDysQ3ewLegQIExAU\"><span class=\"Y2IQFc\" lang=\"ca\">Xarxes socials: Cada xarxa social utilitza les seves pr\u00f2pies galetes perqu\u00e8 pugueu punxar en botons del tipus M&#8217;agrada o Compartir.<\/span><\/p>\n<\/li>\n<\/ul>\n<h2>Desactivaci\u00f3 o eliminaci\u00f3 de cookies<\/h2>\n<p id=\"tw-target-text\" class=\"tw-data-text tw-text-large tw-ta\" dir=\"ltr\" data-placeholder=\"Traducci\u00f3n\" aria-label=\"Texto traducido\" data-ved=\"2ahUKEwi95uPhjvmFAxVnR_EDHeraDysQ3ewLegQIExAU\"><span class=\"Y2IQFc\" lang=\"ca\">En qualsevol moment podreu exercir el vostre dret de desactivaci\u00f3 o eliminaci\u00f3 de cookies d&#8217;aquest lloc web. Aquestes accions es realitzen de manera diferent en funci\u00f3 del navegador que utilitzeu. <a href=\"https:\/\/magmont.com\/ca\/mes-informacio-sobre-les-cookies\/#navegadores\">Aqu\u00ed us deixem una guia r\u00e0pida per als navegadors m\u00e9s populars.<\/a><\/span><\/p>\n<h2>Notes addicionals<\/h2>\n<ul>\n<li>\n<p id=\"tw-target-text\" class=\"tw-data-text tw-text-large tw-ta\" dir=\"ltr\" data-placeholder=\"Traducci\u00f3n\" aria-label=\"Texto traducido\" data-ved=\"2ahUKEwi95uPhjvmFAxVnR_EDHeraDysQ3ewLegQIExAU\"><span class=\"Y2IQFc\" lang=\"ca\">Ni aquesta web ni els seus representants legals es fan responsables ni del contingut ni de la veracitat de les pol\u00edtiques de privadesa que puguin tenir els tercers esmentats en aquesta pol\u00edtica de <em>cookies.<\/em><\/span><\/p>\n<\/li>\n<li>\n<p id=\"tw-target-text\" class=\"tw-data-text tw-text-large tw-ta\" dir=\"ltr\" data-placeholder=\"Traducci\u00f3n\" aria-label=\"Texto traducido\" data-ved=\"2ahUKEwi95uPhjvmFAxVnR_EDHeraDysQ3ewLegQIExAU\"><span class=\"Y2IQFc\" lang=\"ca\">Els navegadors web s\u00f3n les eines encarregades d&#8217;emmagatzemar les galetes i des d&#8217;aquest lloc ha d&#8217;efectuar el dret a eliminar-lo o desactivar-lo. Ni aquesta web ni els seus representants legals poden garantir la correcta o incorrecta manipulaci\u00f3 de les cookies per part dels navegadors esmentats.<\/span><\/p>\n<\/li>\n<li>\n<p id=\"tw-target-text\" class=\"tw-data-text tw-text-large tw-ta\" dir=\"ltr\" data-placeholder=\"Traducci\u00f3n\" aria-label=\"Texto traducido\" data-ved=\"2ahUKEwi95uPhjvmFAxVnR_EDHeraDysQ3ewLegQIExAU\"><span class=\"Y2IQFc\" lang=\"ca\">En alguns casos \u00e9s necessari instal\u00b7lar <em>cookies<\/em> perqu\u00e8 el navegador no oblidi la seva decisi\u00f3 de no acceptar-les.<\/span><\/p>\n<\/li>\n<li><span class=\"Y2IQFc\" lang=\"ca\">En el cas de les galetes de Google Analytics, aquesta empresa emmagatzema les galetes en servidors ubicats als Estats Units i es compromet a no compartir-la amb tercers, excepte en els casos en qu\u00e8 sigui necessari per al funcionament del sistema o quan la llei obligui a aquest efecte. Segons Google no desa la vostra adre\u00e7a IP. Google Inc. \u00e9s una companyia adherida a l&#8217;Acord de Port Segur que garanteix que totes les dades transferides seran tractades amb un nivell de protecci\u00f3 d&#8217;acord amb la normativa europea. Podeu consultar informaci\u00f3 detallada en <a href=\"http:\/\/safeharbor.export.gov\/companyinfo.aspx?id=16626\">aquest enlla\u00e7<\/a>. Si voleu informaci\u00f3 sobre l&#8217;\u00fas que Google d\u00f3na a les cookies us adjuntem <a href=\"https:\/\/developers.google.com\/analytics\/devguides\/collection\/analyticsjs\/cookie-usage?hl=es&amp;csw=1\">aquest altre enlla\u00e7.<\/a><\/span><\/li>\n<li>\n<p id=\"tw-target-text\" class=\"tw-data-text tw-text-large tw-ta\" dir=\"ltr\" data-placeholder=\"Traducci\u00f3n\" aria-label=\"Texto traducido\" data-ved=\"2ahUKEwi95uPhjvmFAxVnR_EDHeraDysQ3ewLegQIExAU\"><span class=\"Y2IQFc\" lang=\"ca\">Per a qualsevol dubte o consulta sobre aquesta pol\u00edtica de cookies no dubteu a comunicar-vos amb nosaltres a trav\u00e9s de la secci\u00f3 de contacte.<\/span><\/p>\n<\/li>\n<\/ul>\n<p>Assessor de Cookies \u00e9s un <a href=\"http:\/\/wordpress.org\/plugins\/asesor-cookies-para-la-ley-en-espana\/\">plugin per a WordPress<\/a>.<\/p>\n","protected":false},"excerpt":{"rendered":"<p>Pol\u00edtica de cookies Una cookie \u00e9s un petit fitxer de text que s&#8217;emmagatzema al vostre navegador quan visita gaireb\u00e9 qualsevol p\u00e0gina web. La seva utilitat \u00e9s que la web sigui capa\u00e7 de recordar la vostra visita quan torneu a navegar per aquesta p\u00e0gina. Les cookies solen emmagatzemar informaci\u00f3 de car\u00e0cter t\u00e8cnic, prefer\u00e8ncies personals, personalitzaci\u00f3 de [&hellip;]<\/p>\n","protected":false},"author":1,"featured_media":0,"parent":0,"menu_order":0,"comment_status":"closed","ping_status":"closed","template":"","meta":{"_et_pb_use_builder":"","_et_pb_old_content":"","_et_gb_content_width":"","footnotes":""},"class_list":["post-2742","page","type-page","status-publish","hentry"],"yoast_head":"<!-- This site is optimized with the Yoast SEO plugin v26.7 - https:\/\/yoast.com\/wordpress\/plugins\/seo\/ -->\n<title>La pol\u00edtica de cookies - MAGMONT | Castell Universal | Adhesivos de cianocrilato en distintos formatos<\/title>\n<meta name=\"description\" content=\"La pol\u00edtica de cookies. Una cookie \u00e9s un petit fitxer de text que s&#039;emmagatzema al teu navegador quan visita qualsevol p\u00e0gina web.\" \/>\n<meta name=\"robots\" content=\"index, follow, max-snippet:-1, max-image-preview:large, max-video-preview:-1\" \/>\n<link rel=\"canonical\" href=\"https:\/\/magmont.com\/ca\/la-politica-de-cookies\/\" \/>\n<meta property=\"og:locale\" content=\"ca_ES\" \/>\n<meta property=\"og:type\" content=\"article\" \/>\n<meta property=\"og:title\" content=\"La pol\u00edtica de cookies - MAGMONT | Castell Universal | Adhesivos de cianocrilato en distintos formatos\" \/>\n<meta property=\"og:description\" content=\"La pol\u00edtica de cookies. Una cookie \u00e9s un petit fitxer de text que s&#039;emmagatzema al teu navegador quan visita qualsevol p\u00e0gina web.\" \/>\n<meta property=\"og:url\" content=\"https:\/\/magmont.com\/ca\/la-politica-de-cookies\/\" \/>\n<meta property=\"og:site_name\" content=\"MAGMONT | Castell Universal | Adhesivos de cianocrilato en distintos formatos\" \/>\n<meta property=\"article:modified_time\" content=\"2024-05-09T07:57:37+00:00\" \/>\n<meta property=\"og:image\" content=\"https:\/\/magmont.com\/wp-content\/uploads\/2024\/05\/IMG_5928-scaled.jpg\" \/>\n\t<meta property=\"og:image:width\" content=\"2560\" \/>\n\t<meta property=\"og:image:height\" content=\"1707\" \/>\n\t<meta property=\"og:image:type\" content=\"image\/jpeg\" \/>\n<meta name=\"twitter:label1\" content=\"Temps estimat de lectura\" \/>\n\t<meta name=\"twitter:data1\" content=\"3 minuts\" \/>\n<script type=\"application\/ld+json\" class=\"yoast-schema-graph\">{\"@context\":\"https:\/\/schema.org\",\"@graph\":[{\"@type\":\"WebPage\",\"@id\":\"https:\/\/magmont.com\/ca\/la-politica-de-cookies\/\",\"url\":\"https:\/\/magmont.com\/ca\/la-politica-de-cookies\/\",\"name\":\"La pol\u00edtica de cookies - MAGMONT | Castell Universal | Adhesivos de cianocrilato en distintos formatos\",\"isPartOf\":{\"@id\":\"https:\/\/magmont.com\/#website\"},\"datePublished\":\"2022-12-20T16:20:15+00:00\",\"dateModified\":\"2024-05-09T07:57:37+00:00\",\"description\":\"La pol\u00edtica de cookies. Una cookie \u00e9s un petit fitxer de text que s'emmagatzema al teu navegador quan visita qualsevol p\u00e0gina web.\",\"breadcrumb\":{\"@id\":\"https:\/\/magmont.com\/ca\/la-politica-de-cookies\/#breadcrumb\"},\"inLanguage\":\"ca\",\"potentialAction\":[{\"@type\":\"ReadAction\",\"target\":[\"https:\/\/magmont.com\/ca\/la-politica-de-cookies\/\"]}]},{\"@type\":\"BreadcrumbList\",\"@id\":\"https:\/\/magmont.com\/ca\/la-politica-de-cookies\/#breadcrumb\",\"itemListElement\":[{\"@type\":\"ListItem\",\"position\":1,\"name\":\"Portada\",\"item\":\"https:\/\/magmont.com\/\"},{\"@type\":\"ListItem\",\"position\":2,\"name\":\"Pol\u00edtica de cookies\"}]},{\"@type\":\"WebSite\",\"@id\":\"https:\/\/magmont.com\/#website\",\"url\":\"https:\/\/magmont.com\/\",\"name\":\"MAGMONT | Castell Universal | Adhesivos de cianocrilato en distintos formatos\",\"description\":\"Fabricantes de adhesivos de cianocrilato, adhesivos termoconductores, fija tuercas, sellador en pasta y recubrimientos anti manipulaci\u00f3n. Servicio y Calidad, unas de las principales prioridades con m\u00e1s de 15 a\u00f1os de experiencia\",\"publisher\":{\"@id\":\"https:\/\/magmont.com\/#organization\"},\"alternateName\":\"Castell Universal\",\"potentialAction\":[{\"@type\":\"SearchAction\",\"target\":{\"@type\":\"EntryPoint\",\"urlTemplate\":\"https:\/\/magmont.com\/?s={search_term_string}\"},\"query-input\":{\"@type\":\"PropertyValueSpecification\",\"valueRequired\":true,\"valueName\":\"search_term_string\"}}],\"inLanguage\":\"ca\"},{\"@type\":\"Organization\",\"@id\":\"https:\/\/magmont.com\/#organization\",\"name\":\"MAGMONT | Castell Universal | Adhesivos de cianocrilato en distintos formatos\",\"url\":\"https:\/\/magmont.com\/\",\"logo\":{\"@type\":\"ImageObject\",\"inLanguage\":\"ca\",\"@id\":\"https:\/\/magmont.com\/#\/schema\/logo\/image\/\",\"url\":\"https:\/\/magmont.com\/wp-content\/uploads\/2024\/06\/logo2.png\",\"contentUrl\":\"https:\/\/magmont.com\/wp-content\/uploads\/2024\/06\/logo2.png\",\"width\":536,\"height\":162,\"caption\":\"MAGMONT | Castell Universal | Adhesivos de cianocrilato en distintos formatos\"},\"image\":{\"@id\":\"https:\/\/magmont.com\/#\/schema\/logo\/image\/\"},\"sameAs\":[\"https:\/\/www.instagram.com\/adhesivosmagmont\/\",\"https:\/\/es.linkedin.com\/in\/magmont-adhesives\"]}]}<\/script>\n<!-- \/ Yoast SEO plugin. -->","yoast_head_json":{"title":"La pol\u00edtica de cookies - MAGMONT | Castell Universal | Adhesivos de cianocrilato en distintos formatos","description":"La pol\u00edtica de cookies. Una cookie \u00e9s un petit fitxer de text que s'emmagatzema al teu navegador quan visita qualsevol p\u00e0gina web.","robots":{"index":"index","follow":"follow","max-snippet":"max-snippet:-1","max-image-preview":"max-image-preview:large","max-video-preview":"max-video-preview:-1"},"canonical":"https:\/\/magmont.com\/ca\/la-politica-de-cookies\/","og_locale":"ca_ES","og_type":"article","og_title":"La pol\u00edtica de cookies - MAGMONT | Castell Universal | Adhesivos de cianocrilato en distintos formatos","og_description":"La pol\u00edtica de cookies. Una cookie \u00e9s un petit fitxer de text que s'emmagatzema al teu navegador quan visita qualsevol p\u00e0gina web.","og_url":"https:\/\/magmont.com\/ca\/la-politica-de-cookies\/","og_site_name":"MAGMONT | Castell Universal | Adhesivos de cianocrilato en distintos formatos","article_modified_time":"2024-05-09T07:57:37+00:00","og_image":[{"width":2560,"height":1707,"url":"https:\/\/magmont.com\/wp-content\/uploads\/2024\/05\/IMG_5928-scaled.jpg","type":"image\/jpeg"}],"twitter_misc":{"Temps estimat de lectura":"3 minuts"},"schema":{"@context":"https:\/\/schema.org","@graph":[{"@type":"WebPage","@id":"https:\/\/magmont.com\/ca\/la-politica-de-cookies\/","url":"https:\/\/magmont.com\/ca\/la-politica-de-cookies\/","name":"La pol\u00edtica de cookies - MAGMONT | Castell Universal | Adhesivos de cianocrilato en distintos formatos","isPartOf":{"@id":"https:\/\/magmont.com\/#website"},"datePublished":"2022-12-20T16:20:15+00:00","dateModified":"2024-05-09T07:57:37+00:00","description":"La pol\u00edtica de cookies. Una cookie \u00e9s un petit fitxer de text que s'emmagatzema al teu navegador quan visita qualsevol p\u00e0gina web.","breadcrumb":{"@id":"https:\/\/magmont.com\/ca\/la-politica-de-cookies\/#breadcrumb"},"inLanguage":"ca","potentialAction":[{"@type":"ReadAction","target":["https:\/\/magmont.com\/ca\/la-politica-de-cookies\/"]}]},{"@type":"BreadcrumbList","@id":"https:\/\/magmont.com\/ca\/la-politica-de-cookies\/#breadcrumb","itemListElement":[{"@type":"ListItem","position":1,"name":"Portada","item":"https:\/\/magmont.com\/"},{"@type":"ListItem","position":2,"name":"Pol\u00edtica de cookies"}]},{"@type":"WebSite","@id":"https:\/\/magmont.com\/#website","url":"https:\/\/magmont.com\/","name":"MAGMONT | Castell Universal | Adhesivos de cianocrilato en distintos formatos","description":"Fabricantes de adhesivos de cianocrilato, adhesivos termoconductores, fija tuercas, sellador en pasta y recubrimientos anti manipulaci\u00f3n. Servicio y Calidad, unas de las principales prioridades con m\u00e1s de 15 a\u00f1os de experiencia","publisher":{"@id":"https:\/\/magmont.com\/#organization"},"alternateName":"Castell Universal","potentialAction":[{"@type":"SearchAction","target":{"@type":"EntryPoint","urlTemplate":"https:\/\/magmont.com\/?s={search_term_string}"},"query-input":{"@type":"PropertyValueSpecification","valueRequired":true,"valueName":"search_term_string"}}],"inLanguage":"ca"},{"@type":"Organization","@id":"https:\/\/magmont.com\/#organization","name":"MAGMONT | Castell Universal | Adhesivos de cianocrilato en distintos formatos","url":"https:\/\/magmont.com\/","logo":{"@type":"ImageObject","inLanguage":"ca","@id":"https:\/\/magmont.com\/#\/schema\/logo\/image\/","url":"https:\/\/magmont.com\/wp-content\/uploads\/2024\/06\/logo2.png","contentUrl":"https:\/\/magmont.com\/wp-content\/uploads\/2024\/06\/logo2.png","width":536,"height":162,"caption":"MAGMONT | Castell Universal | Adhesivos de cianocrilato en distintos formatos"},"image":{"@id":"https:\/\/magmont.com\/#\/schema\/logo\/image\/"},"sameAs":["https:\/\/www.instagram.com\/adhesivosmagmont\/","https:\/\/es.linkedin.com\/in\/magmont-adhesives"]}]}},"_links":{"self":[{"href":"https:\/\/magmont.com\/ca\/wp-json\/wp\/v2\/pages\/2742","targetHints":{"allow":["GET"]}}],"collection":[{"href":"https:\/\/magmont.com\/ca\/wp-json\/wp\/v2\/pages"}],"about":[{"href":"https:\/\/magmont.com\/ca\/wp-json\/wp\/v2\/types\/page"}],"author":[{"embeddable":true,"href":"https:\/\/magmont.com\/ca\/wp-json\/wp\/v2\/users\/1"}],"replies":[{"embeddable":true,"href":"https:\/\/magmont.com\/ca\/wp-json\/wp\/v2\/comments?post=2742"}],"version-history":[{"count":3,"href":"https:\/\/magmont.com\/ca\/wp-json\/wp\/v2\/pages\/2742\/revisions"}],"predecessor-version":[{"id":2746,"href":"https:\/\/magmont.com\/ca\/wp-json\/wp\/v2\/pages\/2742\/revisions\/2746"}],"wp:attachment":[{"href":"https:\/\/magmont.com\/ca\/wp-json\/wp\/v2\/media?parent=2742"}],"curies":[{"name":"wp","href":"https:\/\/api.w.org\/{rel}","templated":true}]}}