{"id":2935,"date":"2024-03-13T14:55:45","date_gmt":"2024-03-13T14:55:45","guid":{"rendered":"https:\/\/magmont.com\/producto\/limpiaciano\/"},"modified":"2025-08-11T07:20:53","modified_gmt":"2025-08-11T07:20:53","slug":"netejacia","status":"publish","type":"product","link":"https:\/\/magmont.com\/ca\/producto\/netejacia\/","title":{"rendered":"Netejaci\u00e0"},"content":{"rendered":"[et_pb_section fb_built=&#8221;1&#8243; _builder_version=&#8221;4.24.2&#8243; background_color=&#8221;#FFFFFF&#8221; custom_padding=&#8221;0px||||false|false&#8221; global_colors_info=&#8221;{}&#8221;][et_pb_row _builder_version=&#8221;4.16&#8243; background_size=&#8221;initial&#8221; background_position=&#8221;top_left&#8221; background_repeat=&#8221;repeat&#8221; width=&#8221;100%&#8221; custom_padding=&#8221;0px||0px||false|false&#8221; global_colors_info=&#8221;{}&#8221;][et_pb_column type=&#8221;4_4&#8243; _builder_version=&#8221;4.16&#8243; custom_padding=&#8221;|||&#8221; global_colors_info=&#8221;{}&#8221; custom_padding__hover=&#8221;|||&#8221;][et_pb_wc_breadcrumb _builder_version=&#8221;4.16&#8243; global_colors_info=&#8221;{}&#8221;][\/et_pb_wc_breadcrumb][et_pb_wc_cart_notice _builder_version=&#8221;4.16&#8243; global_colors_info=&#8221;{}&#8221;][\/et_pb_wc_cart_notice][\/et_pb_column][\/et_pb_row][et_pb_row column_structure=&#8221;1_2,1_2&#8243; _builder_version=&#8221;4.16&#8243; background_size=&#8221;initial&#8221; background_position=&#8221;top_left&#8221; background_repeat=&#8221;repeat&#8221; width=&#8221;100%&#8221; custom_padding=&#8221;0px||||false|false&#8221; global_colors_info=&#8221;{}&#8221;][et_pb_column type=&#8221;1_2&#8243; _builder_version=&#8221;4.16&#8243; custom_padding=&#8221;|||&#8221; global_colors_info=&#8221;{}&#8221; custom_padding__hover=&#8221;|||&#8221;][et_pb_wc_images _builder_version=&#8221;4.16&#8243; global_colors_info=&#8221;{}&#8221;][\/et_pb_wc_images][\/et_pb_column][et_pb_column type=&#8221;1_2&#8243; _builder_version=&#8221;4.16&#8243; custom_padding=&#8221;|||&#8221; global_colors_info=&#8221;{}&#8221; custom_padding__hover=&#8221;|||&#8221;][et_pb_wc_title _builder_version=&#8221;4.16&#8243; global_colors_info=&#8221;{}&#8221;][\/et_pb_wc_title][et_pb_wc_rating _builder_version=&#8221;4.16&#8243; global_colors_info=&#8221;{}&#8221;][\/et_pb_wc_rating][et_pb_wc_price _builder_version=&#8221;4.16&#8243; global_colors_info=&#8221;{}&#8221;][\/et_pb_wc_price][et_pb_wc_description _builder_version=&#8221;4.16&#8243; global_colors_info=&#8221;{}&#8221;][\/et_pb_wc_description][et_pb_wc_add_to_cart _builder_version=&#8221;4.16&#8243; global_colors_info=&#8221;{}&#8221;][\/et_pb_wc_add_to_cart][et_pb_wc_tabs admin_label=&#8221;Pesta\u00f1as de productos Woo&#8221; _builder_version=&#8221;4.24.2&#8243; global_colors_info=&#8221;{}&#8221;] [\/et_pb_wc_tabs][et_pb_wc_meta _builder_version=&#8221;4.16&#8243; global_colors_info=&#8221;{}&#8221;][\/et_pb_wc_meta][\/et_pb_column][\/et_pb_row][et_pb_row _builder_version=&#8221;4.16&#8243; background_size=&#8221;initial&#8221; background_position=&#8221;top_left&#8221; background_repeat=&#8221;repeat&#8221; width=&#8221;100%&#8221; global_colors_info=&#8221;{}&#8221;][et_pb_column type=&#8221;4_4&#8243; _builder_version=&#8221;4.16&#8243; custom_padding=&#8221;|||&#8221; global_colors_info=&#8221;{}&#8221; custom_padding__hover=&#8221;|||&#8221;][et_pb_wc_upsells _builder_version=&#8221;4.16&#8243; global_colors_info=&#8221;{}&#8221;][\/et_pb_wc_upsells][et_pb_wc_related_products _builder_version=&#8221;4.16&#8243; global_colors_info=&#8221;{}&#8221;][\/et_pb_wc_related_products][\/et_pb_column][\/et_pb_row][et_pb_row _builder_version=&#8221;4.24.2&#8243; _module_preset=&#8221;default&#8221; global_colors_info=&#8221;{}&#8221;][et_pb_column type=&#8221;4_4&#8243; _builder_version=&#8221;4.24.2&#8243; _module_preset=&#8221;default&#8221; global_colors_info=&#8221;{}&#8221;][et_pb_code _builder_version=&#8221;4.24.2&#8243; _module_preset=&#8221;default&#8221; global_colors_info=&#8221;{}&#8221;]<span class=\"collapseomatic \" id=\"id69d84e436a89c\"  tabindex=\"0\" title=\"\"    ><\/span><div id=\"target-id69d84e436a89c\" class=\"collapseomatic_content \"><!-- [et_pb_line_break_holder] --><!-- [et_pb_line_break_holder] --><a href=\"https:\/\/masergrup.com\/\"><\/a><!-- [et_pb_line_break_holder] --><!-- [et_pb_line_break_holder] --><img alt=\"limpiaciano\"><!-- [et_pb_line_break_holder] --><!-- [et_pb_line_break_holder] --><!-- [et_pb_line_break_holder] --><!-- [et_pb_line_break_holder] -->El limpiaciano es un producto especialmente dise\u00f1ado para mantener la limpieza y claridad de superficies vidriosas, como ventanas, espejos y superficies de vidrio en general. Con una f\u00f3rmula espec\u00edficamente formulada para eliminar eficazmente la suciedad, el polvo, las manchas y los residuos de agua dura, el limpiaciano es un aliado confiable en la lucha contra las marcas y huellas no deseadas.<!-- [et_pb_line_break_holder] --><!-- [et_pb_line_break_holder] -->Una de las caracter\u00edsticas m\u00e1s destacadas del limpiaciano es su capacidad para proporcionar resultados impecables sin dejar rayas ni residuos, lo que garantiza una superficie vidriosa clara y brillante en cada aplicaci\u00f3n. Su f\u00f3rmula de secado r\u00e1pido permite un proceso de limpieza eficiente y sin complicaciones, ideal para aquellos que buscan resultados r\u00e1pidos y efectivos en su rutina de limpieza.<!-- [et_pb_line_break_holder] --><!-- [et_pb_line_break_holder] -->Adem\u00e1s de su eficacia en la eliminaci\u00f3n de la suciedad superficial, el limpiaciano tambi\u00e9n puede abordar manchas dif\u00edciles y persistentes, como residuos de jab\u00f3n, grasa o marcas de agua. Su acci\u00f3n potente disuelve y levanta estas impurezas, dejando detr\u00e1s una superficie vidriosa impecable y reluciente.<!-- [et_pb_line_break_holder] --><!-- [et_pb_line_break_holder] -->El limpiaciano es f\u00e1cil de usar, simplemente se aplica directamente sobre la superficie a limpiar y se limpia con un pa\u00f1o suave o papel absorbente. Su aroma fresco y agradable deja un ambiente limpio y revitalizado despu\u00e9s de cada limpieza.<!-- [et_pb_line_break_holder] --><!-- [et_pb_line_break_holder] -->Ya sea para el hogar, la oficina o espacios comerciales, el limpiaciano es una herramienta esencial para mantener la claridad y el brillo en todas las superficies vidriosas. Con su capacidad para eliminar eficazmente la suciedad y las manchas, este producto se convierte en un aliado confiable para mantener un ambiente limpio y acogedor en cualquier entorno.<!-- [et_pb_line_break_holder] --><!-- [et_pb_line_break_holder] --><!-- [et_pb_line_break_holder] --><\/div><!-- [et_pb_line_break_holder] -->[\/et_pb_code][\/et_pb_column][\/et_pb_row][\/et_pb_section]\n","protected":false},"excerpt":{"rendered":"<p id=\"tw-target-text\" class=\"tw-data-text tw-text-large tw-ta\" dir=\"ltr\" data-placeholder=\"Traducci\u00f3n\" aria-label=\"Texto traducido\" data-ved=\"2ahUKEwiknviuyI2HAxVd-gIHHZeFDSgQ3ewLegQICBAU\"><span class=\"Y2IQFc\" lang=\"ca\">Netejador adequat per eliminar residus de cianocrilat i enlairar-se adhesius instantanis de diverses superf\u00edcies.<\/span><\/p>\n<ul>\n<li><strong><em>Aplicaci\u00f3<\/em><\/strong>: Est\u00e0 particularment dissenyat per a usos en els casos seg\u00fcents: Separaci\u00f3 d&#8217;elements\/juntes segellades amb cianoacrilat. Neteja d&#8217;eines i peces amb restes de cianoacrilat. Manteniment d&#8217;equips dosificadors, canonades de drenatge i caps de distribuci\u00f3.<\/li>\n<\/ul>\n<p><strong>Capacitats disponibles:<\/strong><\/p>\n<ul>\n<li>5gr<\/li>\n<li>20gr<\/li>\n<li>30ml (cristal)<\/li>\n<\/ul>\n","protected":false},"featured_media":2600,"comment_status":"closed","ping_status":"closed","template":"","meta":{"_et_pb_use_builder":"on","_et_pb_old_content":"","_et_gb_content_width":""},"product_brand":[],"product_cat":[80],"product_tag":[],"class_list":{"0":"post-2935","1":"product","2":"type-product","3":"status-publish","4":"has-post-thumbnail","6":"product_cat-cianocrilat","8":"first","9":"instock","10":"shipping-taxable","11":"product-type-variable"},"yoast_head":"<!-- This site is optimized with the Yoast SEO plugin v26.7 - https:\/\/yoast.com\/wordpress\/plugins\/seo\/ -->\n<title>Netejaci\u00e0 - MAGMONT | Castell Universal | Adhesivos de cianocrilato en distintos formatos<\/title>\n<meta name=\"description\" content=\"Netejacia. Netejador de cianoacrilat. Est\u00e0 particularment dissenyat per a molts diferents usos en diversos casos espec\u00edfics.\" \/>\n<meta name=\"robots\" content=\"index, follow, max-snippet:-1, max-image-preview:large, max-video-preview:-1\" \/>\n<link rel=\"canonical\" href=\"https:\/\/magmont.com\/ca\/producto\/netejacia\/\" \/>\n<meta property=\"og:locale\" content=\"ca_ES\" \/>\n<meta property=\"og:type\" content=\"article\" \/>\n<meta property=\"og:title\" content=\"Netejaci\u00e0 - MAGMONT | Castell Universal | Adhesivos de cianocrilato en distintos formatos\" \/>\n<meta property=\"og:description\" content=\"Netejacia. Netejador de cianoacrilat. Est\u00e0 particularment dissenyat per a molts diferents usos en diversos casos espec\u00edfics.\" \/>\n<meta property=\"og:url\" content=\"https:\/\/magmont.com\/ca\/producto\/netejacia\/\" \/>\n<meta property=\"og:site_name\" content=\"MAGMONT | Castell Universal | Adhesivos de cianocrilato en distintos formatos\" \/>\n<meta property=\"article:modified_time\" content=\"2025-08-11T07:20:53+00:00\" \/>\n<meta property=\"og:image\" content=\"https:\/\/magmont.com\/wp-content\/uploads\/2024\/03\/limpia-ciano.jpg\" \/>\n\t<meta property=\"og:image:width\" content=\"1000\" \/>\n\t<meta property=\"og:image:height\" content=\"1000\" \/>\n\t<meta property=\"og:image:type\" content=\"image\/jpeg\" \/>\n<meta name=\"twitter:label1\" content=\"Temps estimat de lectura\" \/>\n\t<meta name=\"twitter:data1\" content=\"3 minuts\" \/>\n<script type=\"application\/ld+json\" class=\"yoast-schema-graph\">{\"@context\":\"https:\/\/schema.org\",\"@graph\":[{\"@type\":\"WebPage\",\"@id\":\"https:\/\/magmont.com\/ca\/producto\/netejacia\/\",\"url\":\"https:\/\/magmont.com\/ca\/producto\/netejacia\/\",\"name\":\"Netejaci\u00e0 - MAGMONT | Castell Universal | Adhesivos de cianocrilato en distintos formatos\",\"isPartOf\":{\"@id\":\"https:\/\/magmont.com\/#website\"},\"primaryImageOfPage\":{\"@id\":\"https:\/\/magmont.com\/ca\/producto\/netejacia\/#primaryimage\"},\"image\":{\"@id\":\"https:\/\/magmont.com\/ca\/producto\/netejacia\/#primaryimage\"},\"thumbnailUrl\":\"https:\/\/magmont.com\/wp-content\/uploads\/2024\/03\/limpia-ciano.jpg\",\"datePublished\":\"2024-03-13T14:55:45+00:00\",\"dateModified\":\"2025-08-11T07:20:53+00:00\",\"description\":\"Netejacia. Netejador de cianoacrilat. Est\u00e0 particularment dissenyat per a molts diferents usos en diversos casos espec\u00edfics.\",\"breadcrumb\":{\"@id\":\"https:\/\/magmont.com\/ca\/producto\/netejacia\/#breadcrumb\"},\"inLanguage\":\"ca\",\"potentialAction\":[{\"@type\":\"ReadAction\",\"target\":[\"https:\/\/magmont.com\/ca\/producto\/netejacia\/\"]}]},{\"@type\":\"ImageObject\",\"inLanguage\":\"ca\",\"@id\":\"https:\/\/magmont.com\/ca\/producto\/netejacia\/#primaryimage\",\"url\":\"https:\/\/magmont.com\/wp-content\/uploads\/2024\/03\/limpia-ciano.jpg\",\"contentUrl\":\"https:\/\/magmont.com\/wp-content\/uploads\/2024\/03\/limpia-ciano.jpg\",\"width\":1000,\"height\":1000},{\"@type\":\"BreadcrumbList\",\"@id\":\"https:\/\/magmont.com\/ca\/producto\/netejacia\/#breadcrumb\",\"itemListElement\":[{\"@type\":\"ListItem\",\"position\":1,\"name\":\"Portada\",\"item\":\"https:\/\/magmont.com\/\"},{\"@type\":\"ListItem\",\"position\":2,\"name\":\"PRODUCTOS\",\"item\":\"https:\/\/magmont.com\/productos\/\"},{\"@type\":\"ListItem\",\"position\":3,\"name\":\"Netejaci\u00e0\"}]},{\"@type\":\"WebSite\",\"@id\":\"https:\/\/magmont.com\/#website\",\"url\":\"https:\/\/magmont.com\/\",\"name\":\"MAGMONT | Castell Universal | Adhesivos de cianocrilato en distintos formatos\",\"description\":\"Fabricantes de adhesivos de cianocrilato, adhesivos termoconductores, fija tuercas, sellador en pasta y recubrimientos anti manipulaci\u00f3n. Servicio y Calidad, unas de las principales prioridades con m\u00e1s de 15 a\u00f1os de experiencia\",\"publisher\":{\"@id\":\"https:\/\/magmont.com\/#organization\"},\"alternateName\":\"Castell Universal\",\"potentialAction\":[{\"@type\":\"SearchAction\",\"target\":{\"@type\":\"EntryPoint\",\"urlTemplate\":\"https:\/\/magmont.com\/?s={search_term_string}\"},\"query-input\":{\"@type\":\"PropertyValueSpecification\",\"valueRequired\":true,\"valueName\":\"search_term_string\"}}],\"inLanguage\":\"ca\"},{\"@type\":\"Organization\",\"@id\":\"https:\/\/magmont.com\/#organization\",\"name\":\"MAGMONT | Castell Universal | Adhesivos de cianocrilato en distintos formatos\",\"url\":\"https:\/\/magmont.com\/\",\"logo\":{\"@type\":\"ImageObject\",\"inLanguage\":\"ca\",\"@id\":\"https:\/\/magmont.com\/#\/schema\/logo\/image\/\",\"url\":\"https:\/\/magmont.com\/wp-content\/uploads\/2024\/06\/logo2.png\",\"contentUrl\":\"https:\/\/magmont.com\/wp-content\/uploads\/2024\/06\/logo2.png\",\"width\":536,\"height\":162,\"caption\":\"MAGMONT | Castell Universal | Adhesivos de cianocrilato en distintos formatos\"},\"image\":{\"@id\":\"https:\/\/magmont.com\/#\/schema\/logo\/image\/\"},\"sameAs\":[\"https:\/\/www.instagram.com\/adhesivosmagmont\/\",\"https:\/\/es.linkedin.com\/in\/magmont-adhesives\"]}]}<\/script>\n<!-- \/ Yoast SEO plugin. -->","yoast_head_json":{"title":"Netejaci\u00e0 - MAGMONT | Castell Universal | Adhesivos de cianocrilato en distintos formatos","description":"Netejacia. Netejador de cianoacrilat. Est\u00e0 particularment dissenyat per a molts diferents usos en diversos casos espec\u00edfics.","robots":{"index":"index","follow":"follow","max-snippet":"max-snippet:-1","max-image-preview":"max-image-preview:large","max-video-preview":"max-video-preview:-1"},"canonical":"https:\/\/magmont.com\/ca\/producto\/netejacia\/","og_locale":"ca_ES","og_type":"article","og_title":"Netejaci\u00e0 - MAGMONT | Castell Universal | Adhesivos de cianocrilato en distintos formatos","og_description":"Netejacia. Netejador de cianoacrilat. Est\u00e0 particularment dissenyat per a molts diferents usos en diversos casos espec\u00edfics.","og_url":"https:\/\/magmont.com\/ca\/producto\/netejacia\/","og_site_name":"MAGMONT | Castell Universal | Adhesivos de cianocrilato en distintos formatos","article_modified_time":"2025-08-11T07:20:53+00:00","og_image":[{"width":1000,"height":1000,"url":"https:\/\/magmont.com\/wp-content\/uploads\/2024\/03\/limpia-ciano.jpg","type":"image\/jpeg"}],"twitter_misc":{"Temps estimat de lectura":"3 minuts"},"schema":{"@context":"https:\/\/schema.org","@graph":[{"@type":"WebPage","@id":"https:\/\/magmont.com\/ca\/producto\/netejacia\/","url":"https:\/\/magmont.com\/ca\/producto\/netejacia\/","name":"Netejaci\u00e0 - MAGMONT | Castell Universal | Adhesivos de cianocrilato en distintos formatos","isPartOf":{"@id":"https:\/\/magmont.com\/#website"},"primaryImageOfPage":{"@id":"https:\/\/magmont.com\/ca\/producto\/netejacia\/#primaryimage"},"image":{"@id":"https:\/\/magmont.com\/ca\/producto\/netejacia\/#primaryimage"},"thumbnailUrl":"https:\/\/magmont.com\/wp-content\/uploads\/2024\/03\/limpia-ciano.jpg","datePublished":"2024-03-13T14:55:45+00:00","dateModified":"2025-08-11T07:20:53+00:00","description":"Netejacia. Netejador de cianoacrilat. Est\u00e0 particularment dissenyat per a molts diferents usos en diversos casos espec\u00edfics.","breadcrumb":{"@id":"https:\/\/magmont.com\/ca\/producto\/netejacia\/#breadcrumb"},"inLanguage":"ca","potentialAction":[{"@type":"ReadAction","target":["https:\/\/magmont.com\/ca\/producto\/netejacia\/"]}]},{"@type":"ImageObject","inLanguage":"ca","@id":"https:\/\/magmont.com\/ca\/producto\/netejacia\/#primaryimage","url":"https:\/\/magmont.com\/wp-content\/uploads\/2024\/03\/limpia-ciano.jpg","contentUrl":"https:\/\/magmont.com\/wp-content\/uploads\/2024\/03\/limpia-ciano.jpg","width":1000,"height":1000},{"@type":"BreadcrumbList","@id":"https:\/\/magmont.com\/ca\/producto\/netejacia\/#breadcrumb","itemListElement":[{"@type":"ListItem","position":1,"name":"Portada","item":"https:\/\/magmont.com\/"},{"@type":"ListItem","position":2,"name":"PRODUCTOS","item":"https:\/\/magmont.com\/productos\/"},{"@type":"ListItem","position":3,"name":"Netejaci\u00e0"}]},{"@type":"WebSite","@id":"https:\/\/magmont.com\/#website","url":"https:\/\/magmont.com\/","name":"MAGMONT | Castell Universal | Adhesivos de cianocrilato en distintos formatos","description":"Fabricantes de adhesivos de cianocrilato, adhesivos termoconductores, fija tuercas, sellador en pasta y recubrimientos anti manipulaci\u00f3n. Servicio y Calidad, unas de las principales prioridades con m\u00e1s de 15 a\u00f1os de experiencia","publisher":{"@id":"https:\/\/magmont.com\/#organization"},"alternateName":"Castell Universal","potentialAction":[{"@type":"SearchAction","target":{"@type":"EntryPoint","urlTemplate":"https:\/\/magmont.com\/?s={search_term_string}"},"query-input":{"@type":"PropertyValueSpecification","valueRequired":true,"valueName":"search_term_string"}}],"inLanguage":"ca"},{"@type":"Organization","@id":"https:\/\/magmont.com\/#organization","name":"MAGMONT | Castell Universal | Adhesivos de cianocrilato en distintos formatos","url":"https:\/\/magmont.com\/","logo":{"@type":"ImageObject","inLanguage":"ca","@id":"https:\/\/magmont.com\/#\/schema\/logo\/image\/","url":"https:\/\/magmont.com\/wp-content\/uploads\/2024\/06\/logo2.png","contentUrl":"https:\/\/magmont.com\/wp-content\/uploads\/2024\/06\/logo2.png","width":536,"height":162,"caption":"MAGMONT | Castell Universal | Adhesivos de cianocrilato en distintos formatos"},"image":{"@id":"https:\/\/magmont.com\/#\/schema\/logo\/image\/"},"sameAs":["https:\/\/www.instagram.com\/adhesivosmagmont\/","https:\/\/es.linkedin.com\/in\/magmont-adhesives"]}]}},"_links":{"self":[{"href":"https:\/\/magmont.com\/ca\/wp-json\/wp\/v2\/product\/2935","targetHints":{"allow":["GET"]}}],"collection":[{"href":"https:\/\/magmont.com\/ca\/wp-json\/wp\/v2\/product"}],"about":[{"href":"https:\/\/magmont.com\/ca\/wp-json\/wp\/v2\/types\/product"}],"replies":[{"embeddable":true,"href":"https:\/\/magmont.com\/ca\/wp-json\/wp\/v2\/comments?post=2935"}],"wp:featuredmedia":[{"embeddable":true,"href":"https:\/\/magmont.com\/ca\/wp-json\/wp\/v2\/media\/2600"}],"wp:attachment":[{"href":"https:\/\/magmont.com\/ca\/wp-json\/wp\/v2\/media?parent=2935"}],"wp:term":[{"taxonomy":"product_brand","embeddable":true,"href":"https:\/\/magmont.com\/ca\/wp-json\/wp\/v2\/product_brand?post=2935"},{"taxonomy":"product_cat","embeddable":true,"href":"https:\/\/magmont.com\/ca\/wp-json\/wp\/v2\/product_cat?post=2935"},{"taxonomy":"product_tag","embeddable":true,"href":"https:\/\/magmont.com\/ca\/wp-json\/wp\/v2\/product_tag?post=2935"}],"curies":[{"name":"wp","href":"https:\/\/api.w.org\/{rel}","templated":true}]}}