{"id":2980,"date":"2024-03-07T10:44:49","date_gmt":"2024-03-07T10:44:49","guid":{"rendered":"https:\/\/magmont.com\/producto\/adhesivo-en-spray-multiusos\/"},"modified":"2025-08-11T07:23:42","modified_gmt":"2025-08-11T07:23:42","slug":"adhesiu-a-spray-multius","status":"publish","type":"product","link":"https:\/\/magmont.com\/ca\/producto\/adhesiu-a-spray-multius\/","title":{"rendered":"Adhesiu en Spray Multi\u00fas"},"content":{"rendered":"[et_pb_section fb_built=&#8221;1&#8243; _builder_version=&#8221;4.24.2&#8243; background_color=&#8221;#FFFFFF&#8221; custom_padding=&#8221;0px||||false|false&#8221; global_colors_info=&#8221;{}&#8221;][et_pb_row _builder_version=&#8221;4.16&#8243; background_size=&#8221;initial&#8221; background_position=&#8221;top_left&#8221; background_repeat=&#8221;repeat&#8221; width=&#8221;100%&#8221; custom_padding=&#8221;0px||0px||false|false&#8221; global_colors_info=&#8221;{}&#8221;][et_pb_column type=&#8221;4_4&#8243; _builder_version=&#8221;4.16&#8243; custom_padding=&#8221;|||&#8221; global_colors_info=&#8221;{}&#8221; custom_padding__hover=&#8221;|||&#8221;][et_pb_wc_breadcrumb _builder_version=&#8221;4.16&#8243; global_colors_info=&#8221;{}&#8221;][\/et_pb_wc_breadcrumb][et_pb_wc_cart_notice _builder_version=&#8221;4.16&#8243; global_colors_info=&#8221;{}&#8221;][\/et_pb_wc_cart_notice][\/et_pb_column][\/et_pb_row][et_pb_row column_structure=&#8221;1_2,1_2&#8243; _builder_version=&#8221;4.16&#8243; background_size=&#8221;initial&#8221; background_position=&#8221;top_left&#8221; background_repeat=&#8221;repeat&#8221; width=&#8221;100%&#8221; custom_padding=&#8221;0px||||false|false&#8221; global_colors_info=&#8221;{}&#8221;][et_pb_column type=&#8221;1_2&#8243; _builder_version=&#8221;4.16&#8243; custom_padding=&#8221;|||&#8221; global_colors_info=&#8221;{}&#8221; custom_padding__hover=&#8221;|||&#8221;][et_pb_wc_images _builder_version=&#8221;4.16&#8243; global_colors_info=&#8221;{}&#8221;][\/et_pb_wc_images][\/et_pb_column][et_pb_column type=&#8221;1_2&#8243; _builder_version=&#8221;4.16&#8243; custom_padding=&#8221;|||&#8221; global_colors_info=&#8221;{}&#8221; custom_padding__hover=&#8221;|||&#8221;][et_pb_wc_title _builder_version=&#8221;4.16&#8243; global_colors_info=&#8221;{}&#8221;][\/et_pb_wc_title][et_pb_wc_rating _builder_version=&#8221;4.16&#8243; global_colors_info=&#8221;{}&#8221;][\/et_pb_wc_rating][et_pb_wc_price _builder_version=&#8221;4.16&#8243; global_colors_info=&#8221;{}&#8221;][\/et_pb_wc_price][et_pb_wc_description _builder_version=&#8221;4.16&#8243; global_colors_info=&#8221;{}&#8221;][\/et_pb_wc_description][et_pb_wc_add_to_cart _builder_version=&#8221;4.16&#8243; global_colors_info=&#8221;{}&#8221;][\/et_pb_wc_add_to_cart][et_pb_wc_tabs admin_label=&#8221;Pesta\u00f1as de productos Woo&#8221; _builder_version=&#8221;4.24.2&#8243; global_colors_info=&#8221;{}&#8221;] [\/et_pb_wc_tabs][et_pb_wc_meta _builder_version=&#8221;4.16&#8243; global_colors_info=&#8221;{}&#8221;][\/et_pb_wc_meta][\/et_pb_column][\/et_pb_row][et_pb_row _builder_version=&#8221;4.16&#8243; background_size=&#8221;initial&#8221; background_position=&#8221;top_left&#8221; background_repeat=&#8221;repeat&#8221; width=&#8221;100%&#8221; global_colors_info=&#8221;{}&#8221;][et_pb_column type=&#8221;4_4&#8243; _builder_version=&#8221;4.16&#8243; custom_padding=&#8221;|||&#8221; global_colors_info=&#8221;{}&#8221; custom_padding__hover=&#8221;|||&#8221;][et_pb_wc_upsells _builder_version=&#8221;4.16&#8243; global_colors_info=&#8221;{}&#8221;][\/et_pb_wc_upsells][et_pb_wc_related_products _builder_version=&#8221;4.16&#8243; global_colors_info=&#8221;{}&#8221;][\/et_pb_wc_related_products][\/et_pb_column][\/et_pb_row][et_pb_row _builder_version=&#8221;4.24.2&#8243; _module_preset=&#8221;default&#8221; global_colors_info=&#8221;{}&#8221;][et_pb_column type=&#8221;4_4&#8243; _builder_version=&#8221;4.24.2&#8243; _module_preset=&#8221;default&#8221; global_colors_info=&#8221;{}&#8221;][et_pb_code _builder_version=&#8221;4.24.2&#8243; _module_preset=&#8221;default&#8221; global_colors_info=&#8221;{}&#8221;]<span class=\"collapseomatic \" id=\"id69e493878a547\"  tabindex=\"0\" title=\"\"    ><\/span><div id=\"target-id69e493878a547\" class=\"collapseomatic_content \"><!-- [et_pb_line_break_holder] --><!-- [et_pb_line_break_holder] --><img alt=\"Adhesivo en Spray\" \/><!-- [et_pb_line_break_holder] -->El adhesivo en spray multiusos es una herramienta vers\u00e1til y conveniente que ofrece una soluci\u00f3n r\u00e1pida y efectiva para una amplia gama de proyectos de bricolaje, manualidades y reparaciones. Este tipo de adhesivo se presenta en forma de aerosol, lo que facilita su aplicaci\u00f3n y proporciona una cobertura uniforme sobre diversas superficies.<!-- [et_pb_line_break_holder] --><!-- [et_pb_line_break_holder] -->Una de las ventajas m\u00e1s destacadas del adhesivo en spray multiusos es su capacidad para adherir una variedad de materiales, incluyendo papel, cart\u00f3n, madera, metal, pl\u00e1stico, tela y espuma, entre otros. Esto lo convierte en una herramienta esencial en el taller, en el hogar o en cualquier proyecto creativo donde se necesite uni\u00f3n r\u00e1pida y duradera.<!-- [et_pb_line_break_holder] --><!-- [et_pb_line_break_holder] -->El proceso de aplicaci\u00f3n del adhesivo en spray es r\u00e1pido y sencillo. Simplemente se agita el envase, se pulveriza una capa uniforme de adhesivo sobre la superficie deseada y se une la pieza con la otra superficie. El adhesivo se adhiere en cuesti\u00f3n de segundos, permitiendo que el proyecto avance sin demoras ni complicaciones.<!-- [et_pb_line_break_holder] --><!-- [et_pb_line_break_holder] -->La versatilidad del adhesivo en spray multiusos lo hace adecuado para una variedad de aplicaciones, como la fabricaci\u00f3n de maquetas, la elaboraci\u00f3n de manualidades, el montaje de carteles y p\u00f3sters, la instalaci\u00f3n de aislamiento, la reparaci\u00f3n de muebles y mucho m\u00e1s. Adem\u00e1s, su capacidad para formar una uni\u00f3n fuerte y duradera lo convierte en una opci\u00f3n confiable para proyectos tanto temporales como permanentes.<!-- [et_pb_line_break_holder] --><!-- [et_pb_line_break_holder] --><\/div><!-- [et_pb_line_break_holder] -->[\/et_pb_code][\/et_pb_column][\/et_pb_row][et_pb_row _builder_version=&#8221;4.25.1&#8243; _module_preset=&#8221;default&#8221; global_colors_info=&#8221;{}&#8221;][et_pb_column type=&#8221;4_4&#8243; _builder_version=&#8221;4.25.1&#8243; _module_preset=&#8221;default&#8221; global_colors_info=&#8221;{}&#8221;][et_pb_code _builder_version=&#8221;4.25.1&#8243; _module_preset=&#8221;default&#8221; global_colors_info=&#8221;{}&#8221;]<span class=\"collapseomatic \" id=\"id69e493878a591\"  tabindex=\"0\" title=\"\"    ><\/span><div id=\"target-id69e493878a591\" class=\"collapseomatic_content \"><!-- [et_pb_line_break_holder] --><a href=\"https:\/\/masergrup.com\/\"><\/a><!-- [et_pb_line_break_holder] --><img alt=\" adhesiu en spray multiusos\"><!-- [et_pb_line_break_holder] --><img alt=\" adhesiu en spray multiusos\"><!-- [et_pb_line_break_holder] --><!-- [et_pb_line_break_holder] --><\/div><!-- [et_pb_line_break_holder] -->[\/et_pb_code][\/et_pb_column][\/et_pb_row][\/et_pb_section]\n","protected":false},"excerpt":{"rendered":"<div id=\"tw-target-text-container\" class=\"tw-ta-container F0azHf tw-nfl\" tabindex=\"0\">\n<p id=\"tw-target-text\" class=\"tw-data-text tw-text-large tw-ta\" dir=\"ltr\" data-placeholder=\"Traducci\u00f3n\" aria-label=\"Texto traducido\" data-ved=\"2ahUKEwiknviuyI2HAxVd-gIHHZeFDSgQ3ewLegQICBAU\"><span class=\"Y2IQFc\" lang=\"ca\">Adhesiu permanent en base solvent formulat amb cautx\u00fa sint\u00e8tic modificat amb resines<\/span><\/p>\n<\/div>\n<ul>\n<li><strong>Aplicaci\u00f3: <\/strong>Les seves propietats permeten unir materials com la goma espuma, t\u00e8xtils, escuma de l\u00e0tex, teixits no teixits\u2026 Uni\u00f3 de tota classe de materials, paper, cart\u00f3, cuir, teixits, feltre, f\u00f2rmica, moquetes, suro, fibra de vidre, laminats, xapes, escumes, rajoles&#8230;<\/li>\n<\/ul>\n<p><strong>Capacitats disponibles:<\/strong><\/p>\n<ul>\n<li>400ml<\/li>\n<\/ul>\n","protected":false},"featured_media":2612,"comment_status":"closed","ping_status":"closed","template":"","meta":{"_et_pb_use_builder":"on","_et_pb_old_content":"","_et_gb_content_width":""},"product_brand":[],"product_cat":[147],"product_tag":[],"class_list":{"0":"post-2980","1":"product","2":"type-product","3":"status-publish","4":"has-post-thumbnail","6":"product_cat-cola-de-contacte","8":"first","9":"instock","10":"shipping-taxable","11":"purchasable","12":"product-type-variable"},"yoast_head":"<!-- This site is optimized with the Yoast SEO plugin v26.7 - https:\/\/yoast.com\/wordpress\/plugins\/seo\/ -->\n<title>Adhesiu en Spray Multi\u00fas - MAGMONT | Castell Universal | Adhesivos de cianocrilato en distintos formatos<\/title>\n<meta name=\"description\" content=\"Adhesiu a Spray Multi\u00fas. Aquest adhesiu permanent en base solvent formulat amb cautx\u00fa sint\u00e8tic i modificat amb resines.\" \/>\n<meta name=\"robots\" content=\"index, follow, max-snippet:-1, max-image-preview:large, max-video-preview:-1\" \/>\n<link rel=\"canonical\" href=\"https:\/\/magmont.com\/ca\/producto\/adhesiu-a-spray-multius\/\" \/>\n<meta property=\"og:locale\" content=\"ca_ES\" \/>\n<meta property=\"og:type\" content=\"article\" \/>\n<meta property=\"og:title\" content=\"Adhesiu en Spray Multi\u00fas - MAGMONT | Castell Universal | Adhesivos de cianocrilato en distintos formatos\" \/>\n<meta property=\"og:description\" content=\"Adhesiu a Spray Multi\u00fas. Aquest adhesiu permanent en base solvent formulat amb cautx\u00fa sint\u00e8tic i modificat amb resines.\" \/>\n<meta property=\"og:url\" content=\"https:\/\/magmont.com\/ca\/producto\/adhesiu-a-spray-multius\/\" \/>\n<meta property=\"og:site_name\" content=\"MAGMONT | Castell Universal | Adhesivos de cianocrilato en distintos formatos\" \/>\n<meta property=\"article:modified_time\" content=\"2025-08-11T07:23:42+00:00\" \/>\n<meta property=\"og:image\" content=\"https:\/\/magmont.com\/wp-content\/uploads\/2024\/03\/spray-adhesivo.jpg\" \/>\n\t<meta property=\"og:image:width\" content=\"1000\" \/>\n\t<meta property=\"og:image:height\" content=\"1000\" \/>\n\t<meta property=\"og:image:type\" content=\"image\/jpeg\" \/>\n<meta name=\"twitter:label1\" content=\"Temps estimat de lectura\" \/>\n\t<meta name=\"twitter:data1\" content=\"3 minuts\" \/>\n<script type=\"application\/ld+json\" class=\"yoast-schema-graph\">{\"@context\":\"https:\/\/schema.org\",\"@graph\":[{\"@type\":\"WebPage\",\"@id\":\"https:\/\/magmont.com\/ca\/producto\/adhesiu-a-spray-multius\/\",\"url\":\"https:\/\/magmont.com\/ca\/producto\/adhesiu-a-spray-multius\/\",\"name\":\"Adhesiu en Spray Multi\u00fas - MAGMONT | Castell Universal | Adhesivos de cianocrilato en distintos formatos\",\"isPartOf\":{\"@id\":\"https:\/\/magmont.com\/#website\"},\"primaryImageOfPage\":{\"@id\":\"https:\/\/magmont.com\/ca\/producto\/adhesiu-a-spray-multius\/#primaryimage\"},\"image\":{\"@id\":\"https:\/\/magmont.com\/ca\/producto\/adhesiu-a-spray-multius\/#primaryimage\"},\"thumbnailUrl\":\"https:\/\/magmont.com\/wp-content\/uploads\/2024\/03\/spray-adhesivo.jpg\",\"datePublished\":\"2024-03-07T10:44:49+00:00\",\"dateModified\":\"2025-08-11T07:23:42+00:00\",\"description\":\"Adhesiu a Spray Multi\u00fas. Aquest adhesiu permanent en base solvent formulat amb cautx\u00fa sint\u00e8tic i modificat amb resines.\",\"breadcrumb\":{\"@id\":\"https:\/\/magmont.com\/ca\/producto\/adhesiu-a-spray-multius\/#breadcrumb\"},\"inLanguage\":\"ca\",\"potentialAction\":[{\"@type\":\"ReadAction\",\"target\":[\"https:\/\/magmont.com\/ca\/producto\/adhesiu-a-spray-multius\/\"]}]},{\"@type\":\"ImageObject\",\"inLanguage\":\"ca\",\"@id\":\"https:\/\/magmont.com\/ca\/producto\/adhesiu-a-spray-multius\/#primaryimage\",\"url\":\"https:\/\/magmont.com\/wp-content\/uploads\/2024\/03\/spray-adhesivo.jpg\",\"contentUrl\":\"https:\/\/magmont.com\/wp-content\/uploads\/2024\/03\/spray-adhesivo.jpg\",\"width\":1000,\"height\":1000},{\"@type\":\"BreadcrumbList\",\"@id\":\"https:\/\/magmont.com\/ca\/producto\/adhesiu-a-spray-multius\/#breadcrumb\",\"itemListElement\":[{\"@type\":\"ListItem\",\"position\":1,\"name\":\"Portada\",\"item\":\"https:\/\/magmont.com\/\"},{\"@type\":\"ListItem\",\"position\":2,\"name\":\"PRODUCTOS\",\"item\":\"https:\/\/magmont.com\/productos\/\"},{\"@type\":\"ListItem\",\"position\":3,\"name\":\"Adhesiu en Spray Multi\u00fas\"}]},{\"@type\":\"WebSite\",\"@id\":\"https:\/\/magmont.com\/#website\",\"url\":\"https:\/\/magmont.com\/\",\"name\":\"MAGMONT | Castell Universal | Adhesivos de cianocrilato en distintos formatos\",\"description\":\"Fabricantes de adhesivos de cianocrilato, adhesivos termoconductores, fija tuercas, sellador en pasta y recubrimientos anti manipulaci\u00f3n. Servicio y Calidad, unas de las principales prioridades con m\u00e1s de 15 a\u00f1os de experiencia\",\"publisher\":{\"@id\":\"https:\/\/magmont.com\/#organization\"},\"alternateName\":\"Castell Universal\",\"potentialAction\":[{\"@type\":\"SearchAction\",\"target\":{\"@type\":\"EntryPoint\",\"urlTemplate\":\"https:\/\/magmont.com\/?s={search_term_string}\"},\"query-input\":{\"@type\":\"PropertyValueSpecification\",\"valueRequired\":true,\"valueName\":\"search_term_string\"}}],\"inLanguage\":\"ca\"},{\"@type\":\"Organization\",\"@id\":\"https:\/\/magmont.com\/#organization\",\"name\":\"MAGMONT | Castell Universal | Adhesivos de cianocrilato en distintos formatos\",\"url\":\"https:\/\/magmont.com\/\",\"logo\":{\"@type\":\"ImageObject\",\"inLanguage\":\"ca\",\"@id\":\"https:\/\/magmont.com\/#\/schema\/logo\/image\/\",\"url\":\"https:\/\/magmont.com\/wp-content\/uploads\/2024\/06\/logo2.png\",\"contentUrl\":\"https:\/\/magmont.com\/wp-content\/uploads\/2024\/06\/logo2.png\",\"width\":536,\"height\":162,\"caption\":\"MAGMONT | Castell Universal | Adhesivos de cianocrilato en distintos formatos\"},\"image\":{\"@id\":\"https:\/\/magmont.com\/#\/schema\/logo\/image\/\"},\"sameAs\":[\"https:\/\/www.instagram.com\/adhesivosmagmont\/\",\"https:\/\/es.linkedin.com\/in\/magmont-adhesives\"]}]}<\/script>\n<!-- \/ Yoast SEO plugin. -->","yoast_head_json":{"title":"Adhesiu en Spray Multi\u00fas - MAGMONT | Castell Universal | Adhesivos de cianocrilato en distintos formatos","description":"Adhesiu a Spray Multi\u00fas. Aquest adhesiu permanent en base solvent formulat amb cautx\u00fa sint\u00e8tic i modificat amb resines.","robots":{"index":"index","follow":"follow","max-snippet":"max-snippet:-1","max-image-preview":"max-image-preview:large","max-video-preview":"max-video-preview:-1"},"canonical":"https:\/\/magmont.com\/ca\/producto\/adhesiu-a-spray-multius\/","og_locale":"ca_ES","og_type":"article","og_title":"Adhesiu en Spray Multi\u00fas - MAGMONT | Castell Universal | Adhesivos de cianocrilato en distintos formatos","og_description":"Adhesiu a Spray Multi\u00fas. Aquest adhesiu permanent en base solvent formulat amb cautx\u00fa sint\u00e8tic i modificat amb resines.","og_url":"https:\/\/magmont.com\/ca\/producto\/adhesiu-a-spray-multius\/","og_site_name":"MAGMONT | Castell Universal | Adhesivos de cianocrilato en distintos formatos","article_modified_time":"2025-08-11T07:23:42+00:00","og_image":[{"width":1000,"height":1000,"url":"https:\/\/magmont.com\/wp-content\/uploads\/2024\/03\/spray-adhesivo.jpg","type":"image\/jpeg"}],"twitter_misc":{"Temps estimat de lectura":"3 minuts"},"schema":{"@context":"https:\/\/schema.org","@graph":[{"@type":"WebPage","@id":"https:\/\/magmont.com\/ca\/producto\/adhesiu-a-spray-multius\/","url":"https:\/\/magmont.com\/ca\/producto\/adhesiu-a-spray-multius\/","name":"Adhesiu en Spray Multi\u00fas - MAGMONT | Castell Universal | Adhesivos de cianocrilato en distintos formatos","isPartOf":{"@id":"https:\/\/magmont.com\/#website"},"primaryImageOfPage":{"@id":"https:\/\/magmont.com\/ca\/producto\/adhesiu-a-spray-multius\/#primaryimage"},"image":{"@id":"https:\/\/magmont.com\/ca\/producto\/adhesiu-a-spray-multius\/#primaryimage"},"thumbnailUrl":"https:\/\/magmont.com\/wp-content\/uploads\/2024\/03\/spray-adhesivo.jpg","datePublished":"2024-03-07T10:44:49+00:00","dateModified":"2025-08-11T07:23:42+00:00","description":"Adhesiu a Spray Multi\u00fas. Aquest adhesiu permanent en base solvent formulat amb cautx\u00fa sint\u00e8tic i modificat amb resines.","breadcrumb":{"@id":"https:\/\/magmont.com\/ca\/producto\/adhesiu-a-spray-multius\/#breadcrumb"},"inLanguage":"ca","potentialAction":[{"@type":"ReadAction","target":["https:\/\/magmont.com\/ca\/producto\/adhesiu-a-spray-multius\/"]}]},{"@type":"ImageObject","inLanguage":"ca","@id":"https:\/\/magmont.com\/ca\/producto\/adhesiu-a-spray-multius\/#primaryimage","url":"https:\/\/magmont.com\/wp-content\/uploads\/2024\/03\/spray-adhesivo.jpg","contentUrl":"https:\/\/magmont.com\/wp-content\/uploads\/2024\/03\/spray-adhesivo.jpg","width":1000,"height":1000},{"@type":"BreadcrumbList","@id":"https:\/\/magmont.com\/ca\/producto\/adhesiu-a-spray-multius\/#breadcrumb","itemListElement":[{"@type":"ListItem","position":1,"name":"Portada","item":"https:\/\/magmont.com\/"},{"@type":"ListItem","position":2,"name":"PRODUCTOS","item":"https:\/\/magmont.com\/productos\/"},{"@type":"ListItem","position":3,"name":"Adhesiu en Spray Multi\u00fas"}]},{"@type":"WebSite","@id":"https:\/\/magmont.com\/#website","url":"https:\/\/magmont.com\/","name":"MAGMONT | Castell Universal | Adhesivos de cianocrilato en distintos formatos","description":"Fabricantes de adhesivos de cianocrilato, adhesivos termoconductores, fija tuercas, sellador en pasta y recubrimientos anti manipulaci\u00f3n. Servicio y Calidad, unas de las principales prioridades con m\u00e1s de 15 a\u00f1os de experiencia","publisher":{"@id":"https:\/\/magmont.com\/#organization"},"alternateName":"Castell Universal","potentialAction":[{"@type":"SearchAction","target":{"@type":"EntryPoint","urlTemplate":"https:\/\/magmont.com\/?s={search_term_string}"},"query-input":{"@type":"PropertyValueSpecification","valueRequired":true,"valueName":"search_term_string"}}],"inLanguage":"ca"},{"@type":"Organization","@id":"https:\/\/magmont.com\/#organization","name":"MAGMONT | Castell Universal | Adhesivos de cianocrilato en distintos formatos","url":"https:\/\/magmont.com\/","logo":{"@type":"ImageObject","inLanguage":"ca","@id":"https:\/\/magmont.com\/#\/schema\/logo\/image\/","url":"https:\/\/magmont.com\/wp-content\/uploads\/2024\/06\/logo2.png","contentUrl":"https:\/\/magmont.com\/wp-content\/uploads\/2024\/06\/logo2.png","width":536,"height":162,"caption":"MAGMONT | Castell Universal | Adhesivos de cianocrilato en distintos formatos"},"image":{"@id":"https:\/\/magmont.com\/#\/schema\/logo\/image\/"},"sameAs":["https:\/\/www.instagram.com\/adhesivosmagmont\/","https:\/\/es.linkedin.com\/in\/magmont-adhesives"]}]}},"_links":{"self":[{"href":"https:\/\/magmont.com\/ca\/wp-json\/wp\/v2\/product\/2980","targetHints":{"allow":["GET"]}}],"collection":[{"href":"https:\/\/magmont.com\/ca\/wp-json\/wp\/v2\/product"}],"about":[{"href":"https:\/\/magmont.com\/ca\/wp-json\/wp\/v2\/types\/product"}],"replies":[{"embeddable":true,"href":"https:\/\/magmont.com\/ca\/wp-json\/wp\/v2\/comments?post=2980"}],"wp:featuredmedia":[{"embeddable":true,"href":"https:\/\/magmont.com\/ca\/wp-json\/wp\/v2\/media\/2612"}],"wp:attachment":[{"href":"https:\/\/magmont.com\/ca\/wp-json\/wp\/v2\/media?parent=2980"}],"wp:term":[{"taxonomy":"product_brand","embeddable":true,"href":"https:\/\/magmont.com\/ca\/wp-json\/wp\/v2\/product_brand?post=2980"},{"taxonomy":"product_cat","embeddable":true,"href":"https:\/\/magmont.com\/ca\/wp-json\/wp\/v2\/product_cat?post=2980"},{"taxonomy":"product_tag","embeddable":true,"href":"https:\/\/magmont.com\/ca\/wp-json\/wp\/v2\/product_tag?post=2980"}],"curies":[{"name":"wp","href":"https:\/\/api.w.org\/{rel}","templated":true}]}}