{"id":3490,"date":"2024-07-05T09:28:54","date_gmt":"2024-07-05T09:28:54","guid":{"rendered":"https:\/\/magmont.com\/producto\/retenedor-r20\/"},"modified":"2024-07-05T09:42:12","modified_gmt":"2024-07-05T09:42:12","slug":"retenidor-r20","status":"publish","type":"product","link":"https:\/\/magmont.com\/ca\/producto\/retenidor-r20\/","title":{"rendered":"Retenidor R20"},"content":{"rendered":"[et_pb_section fb_built=&#8221;1&#8243; _builder_version=&#8221;4.24.2&#8243; background_color=&#8221;#FFFFFF&#8221; custom_padding=&#8221;0px||||false|false&#8221; global_colors_info=&#8221;{}&#8221;][et_pb_row _builder_version=&#8221;4.16&#8243; background_size=&#8221;initial&#8221; background_position=&#8221;top_left&#8221; background_repeat=&#8221;repeat&#8221; width=&#8221;100%&#8221; custom_padding=&#8221;0px||0px||false|false&#8221; global_colors_info=&#8221;{}&#8221;][et_pb_column type=&#8221;4_4&#8243; _builder_version=&#8221;4.16&#8243; custom_padding=&#8221;|||&#8221; global_colors_info=&#8221;{}&#8221; custom_padding__hover=&#8221;|||&#8221;][et_pb_wc_breadcrumb _builder_version=&#8221;4.16&#8243; global_colors_info=&#8221;{}&#8221;][\/et_pb_wc_breadcrumb][et_pb_wc_cart_notice _builder_version=&#8221;4.16&#8243; global_colors_info=&#8221;{}&#8221;][\/et_pb_wc_cart_notice][\/et_pb_column][\/et_pb_row][et_pb_row column_structure=&#8221;1_2,1_2&#8243; _builder_version=&#8221;4.16&#8243; background_size=&#8221;initial&#8221; background_position=&#8221;top_left&#8221; background_repeat=&#8221;repeat&#8221; width=&#8221;100%&#8221; custom_padding=&#8221;0px||||false|false&#8221; global_colors_info=&#8221;{}&#8221;][et_pb_column type=&#8221;1_2&#8243; _builder_version=&#8221;4.16&#8243; custom_padding=&#8221;|||&#8221; global_colors_info=&#8221;{}&#8221; custom_padding__hover=&#8221;|||&#8221;][et_pb_wc_images _builder_version=&#8221;4.16&#8243; global_colors_info=&#8221;{}&#8221;][\/et_pb_wc_images][\/et_pb_column][et_pb_column type=&#8221;1_2&#8243; _builder_version=&#8221;4.16&#8243; custom_padding=&#8221;|||&#8221; global_colors_info=&#8221;{}&#8221; custom_padding__hover=&#8221;|||&#8221;][et_pb_wc_title _builder_version=&#8221;4.16&#8243; global_colors_info=&#8221;{}&#8221;][\/et_pb_wc_title][et_pb_wc_rating _builder_version=&#8221;4.16&#8243; global_colors_info=&#8221;{}&#8221;][\/et_pb_wc_rating][et_pb_wc_price _builder_version=&#8221;4.16&#8243; global_colors_info=&#8221;{}&#8221;][\/et_pb_wc_price][et_pb_wc_description _builder_version=&#8221;4.16&#8243; global_colors_info=&#8221;{}&#8221;][\/et_pb_wc_description][et_pb_wc_add_to_cart _builder_version=&#8221;4.16&#8243; global_colors_info=&#8221;{}&#8221;][\/et_pb_wc_add_to_cart][et_pb_wc_tabs admin_label=&#8221;Pesta\u00f1as de productos Woo&#8221; _builder_version=&#8221;4.24.2&#8243; global_colors_info=&#8221;{}&#8221;]\t\t\t\t\t[\/et_pb_wc_tabs][et_pb_wc_meta _builder_version=&#8221;4.16&#8243; global_colors_info=&#8221;{}&#8221;][\/et_pb_wc_meta][\/et_pb_column][\/et_pb_row][et_pb_row _builder_version=&#8221;4.16&#8243; background_size=&#8221;initial&#8221; background_position=&#8221;top_left&#8221; background_repeat=&#8221;repeat&#8221; width=&#8221;100%&#8221; global_colors_info=&#8221;{}&#8221;][et_pb_column type=&#8221;4_4&#8243; _builder_version=&#8221;4.16&#8243; custom_padding=&#8221;|||&#8221; global_colors_info=&#8221;{}&#8221; custom_padding__hover=&#8221;|||&#8221;][et_pb_wc_upsells _builder_version=&#8221;4.16&#8243; global_colors_info=&#8221;{}&#8221;][\/et_pb_wc_upsells][et_pb_wc_related_products _builder_version=&#8221;4.16&#8243; global_colors_info=&#8221;{}&#8221;][\/et_pb_wc_related_products][\/et_pb_column][\/et_pb_row][et_pb_row _builder_version=&#8221;4.24.2&#8243; _module_preset=&#8221;default&#8221; global_colors_info=&#8221;{}&#8221;][et_pb_column type=&#8221;4_4&#8243; _builder_version=&#8221;4.24.2&#8243; _module_preset=&#8221;default&#8221; global_colors_info=&#8221;{}&#8221;][et_pb_code _builder_version=&#8221;4.24.2&#8243; _module_preset=&#8221;default&#8221; global_colors_info=&#8221;{}&#8221;]<span class=\"collapseomatic \" id=\"id69d4ed648c931\"  tabindex=\"0\" title=\"\"    ><\/span><div id=\"target-id69d4ed648c931\" class=\"collapseomatic_content \"><!-- [et_pb_line_break_holder] --><a href=\"https:\/\/masergrup.com\/\"><\/a><!-- [et_pb_line_break_holder] --><img alt=\"Retenedor R38\"><!-- [et_pb_line_break_holder] -->El retenedor R38 es un adhesivo de alta resistencia dise\u00f1ado para fijar y asegurar piezas cil\u00edndricas como rodamientos, poleas y engranajes en ejes y alojamientos. Este adhesivo ofrece una uni\u00f3n segura y duradera que ayuda a prevenir el deslizamiento y el aflojamiento de las piezas, garantizando un funcionamiento suave y eficiente de la maquinaria y equipos.<!-- [et_pb_line_break_holder] --><!-- [et_pb_line_break_holder] -->Una de las caracter\u00edsticas m\u00e1s destacadas del retenedor R38 es su capacidad para llenar holguras y espacios entre las piezas, creando una uni\u00f3n fuerte y resistente. Esto es especialmente importante en aplicaciones donde se requiere una conexi\u00f3n firme para soportar cargas y vibraciones, como en motores, transmisiones y sistemas de direcci\u00f3n.<!-- [et_pb_line_break_holder] --><!-- [et_pb_line_break_holder] -->El proceso de aplicaci\u00f3n del retenedor R38 es sencillo y directo. Se aplica una capa del adhesivo en las superficies de montaje y luego se ensamblan las piezas. El retenedor R38 se cura en ausencia de aire y en contacto con metales, formando una uni\u00f3n qu\u00edmica que proporciona una fuerza de sujeci\u00f3n excepcional.<!-- [et_pb_line_break_holder] --><!-- [et_pb_line_break_holder] -->Adem\u00e1s de su capacidad para fijar piezas en su lugar, el retenedor R38 tambi\u00e9n ofrece resistencia a la corrosi\u00f3n y al agua, lo que lo hace adecuado para aplicaciones en entornos industriales y exteriores. Esto garantiza que las piezas permanezcan seguras y protegidas incluso en condiciones adversas.<!-- [et_pb_line_break_holder] --><\/div><!-- [et_pb_line_break_holder] -->[\/et_pb_code][\/et_pb_column][\/et_pb_row][\/et_pb_section]\n","protected":false},"excerpt":{"rendered":"<p>Compost retenidor d&#8217;alta resist\u00e8ncia i resistent a temperatures altes, adequat per a la uni\u00f3 de components cil\u00edndrics ajustats.<\/p>\n<ul>\n<li><strong><strong><strong>Aplicaci\u00f3: <\/strong><\/strong><\/strong>ideal per a la uni\u00f3 de components cil\u00edndrics.<\/li>\n<\/ul>\n<p><strong>Capacitats disponibles:<\/strong><\/p>\n<ul>\n<li>75gr<\/li>\n<\/ul>\n","protected":false},"featured_media":3485,"comment_status":"closed","ping_status":"closed","template":"","meta":{"_et_pb_use_builder":"on","_et_pb_old_content":"","_et_gb_content_width":""},"product_brand":[],"product_cat":[81,83],"product_tag":[],"class_list":{"0":"post-3490","1":"product","2":"type-product","3":"status-publish","4":"has-post-thumbnail","6":"product_cat-anaerobics","7":"product_cat-retenidors","9":"first","10":"instock","11":"shipping-taxable","12":"purchasable","13":"product-type-variable"},"yoast_head":"<!-- This site is optimized with the Yoast SEO plugin v26.7 - https:\/\/yoast.com\/wordpress\/plugins\/seo\/ -->\n<title>Retenidor R20 - MAGMONT | Castell Universal | Adhesivos de cianocrilato en distintos formatos<\/title>\n<meta name=\"description\" content=\"Retenidor R20. Retenidor d\u00b4alta resist\u00e8ncia i resistent a altes temperatures. D&#039;\u00fas general per a components cil\u00edndrics.\" \/>\n<meta name=\"robots\" content=\"index, follow, max-snippet:-1, max-image-preview:large, max-video-preview:-1\" \/>\n<link rel=\"canonical\" href=\"https:\/\/magmont.com\/producto\/retenedor-r20\/\" \/>\n<meta property=\"og:locale\" content=\"ca_ES\" \/>\n<meta property=\"og:type\" content=\"article\" \/>\n<meta property=\"og:title\" content=\"Retenidor R20 - MAGMONT | Castell Universal | Adhesivos de cianocrilato en distintos formatos\" \/>\n<meta property=\"og:description\" content=\"Retenidor R20. Retenidor d\u00b4alta resist\u00e8ncia i resistent a altes temperatures. D&#039;\u00fas general per a components cil\u00edndrics.\" \/>\n<meta property=\"og:url\" content=\"https:\/\/magmont.com\/producto\/retenedor-r20\/\" \/>\n<meta property=\"og:site_name\" content=\"MAGMONT | Castell Universal | Adhesivos de cianocrilato en distintos formatos\" \/>\n<meta property=\"article:modified_time\" content=\"2024-07-05T09:42:12+00:00\" \/>\n<meta property=\"og:image\" content=\"https:\/\/magmont.com\/wp-content\/uploads\/2024\/07\/retenedor-r20-acordeon1.png\" \/>\n\t<meta property=\"og:image:width\" content=\"1000\" \/>\n\t<meta property=\"og:image:height\" content=\"1000\" \/>\n\t<meta property=\"og:image:type\" content=\"image\/png\" \/>\n<meta name=\"twitter:label1\" content=\"Temps estimat de lectura\" \/>\n\t<meta name=\"twitter:data1\" content=\"2 minuts\" \/>\n<script type=\"application\/ld+json\" class=\"yoast-schema-graph\">{\"@context\":\"https:\/\/schema.org\",\"@graph\":[{\"@type\":\"WebPage\",\"@id\":\"https:\/\/magmont.com\/producto\/retenedor-r20\/\",\"url\":\"https:\/\/magmont.com\/producto\/retenedor-r20\/\",\"name\":\"Retenidor R20 - MAGMONT | Castell Universal | Adhesivos de cianocrilato en distintos formatos\",\"isPartOf\":{\"@id\":\"https:\/\/magmont.com\/#website\"},\"primaryImageOfPage\":{\"@id\":\"https:\/\/magmont.com\/producto\/retenedor-r20\/#primaryimage\"},\"image\":{\"@id\":\"https:\/\/magmont.com\/producto\/retenedor-r20\/#primaryimage\"},\"thumbnailUrl\":\"https:\/\/magmont.com\/wp-content\/uploads\/2024\/07\/retenedor-r20-acordeon1.png\",\"datePublished\":\"2024-07-05T09:28:54+00:00\",\"dateModified\":\"2024-07-05T09:42:12+00:00\",\"description\":\"Retenidor R20. Retenidor d\u00b4alta resist\u00e8ncia i resistent a altes temperatures. D'\u00fas general per a components cil\u00edndrics.\",\"breadcrumb\":{\"@id\":\"https:\/\/magmont.com\/producto\/retenedor-r20\/#breadcrumb\"},\"inLanguage\":\"ca\",\"potentialAction\":[{\"@type\":\"ReadAction\",\"target\":[\"https:\/\/magmont.com\/producto\/retenedor-r20\/\"]}]},{\"@type\":\"ImageObject\",\"inLanguage\":\"ca\",\"@id\":\"https:\/\/magmont.com\/producto\/retenedor-r20\/#primaryimage\",\"url\":\"https:\/\/magmont.com\/wp-content\/uploads\/2024\/07\/retenedor-r20-acordeon1.png\",\"contentUrl\":\"https:\/\/magmont.com\/wp-content\/uploads\/2024\/07\/retenedor-r20-acordeon1.png\",\"width\":1000,\"height\":1000},{\"@type\":\"BreadcrumbList\",\"@id\":\"https:\/\/magmont.com\/producto\/retenedor-r20\/#breadcrumb\",\"itemListElement\":[{\"@type\":\"ListItem\",\"position\":1,\"name\":\"Portada\",\"item\":\"https:\/\/magmont.com\/\"},{\"@type\":\"ListItem\",\"position\":2,\"name\":\"PRODUCTOS\",\"item\":\"https:\/\/magmont.com\/productos\/\"},{\"@type\":\"ListItem\",\"position\":3,\"name\":\"Retenidor R20\"}]},{\"@type\":\"WebSite\",\"@id\":\"https:\/\/magmont.com\/#website\",\"url\":\"https:\/\/magmont.com\/\",\"name\":\"MAGMONT | Castell Universal | Adhesivos de cianocrilato en distintos formatos\",\"description\":\"Fabricantes de adhesivos de cianocrilato, adhesivos termoconductores, fija tuercas, sellador en pasta y recubrimientos anti manipulaci\u00f3n. Servicio y Calidad, unas de las principales prioridades con m\u00e1s de 15 a\u00f1os de experiencia\",\"publisher\":{\"@id\":\"https:\/\/magmont.com\/#organization\"},\"alternateName\":\"Castell Universal\",\"potentialAction\":[{\"@type\":\"SearchAction\",\"target\":{\"@type\":\"EntryPoint\",\"urlTemplate\":\"https:\/\/magmont.com\/?s={search_term_string}\"},\"query-input\":{\"@type\":\"PropertyValueSpecification\",\"valueRequired\":true,\"valueName\":\"search_term_string\"}}],\"inLanguage\":\"ca\"},{\"@type\":\"Organization\",\"@id\":\"https:\/\/magmont.com\/#organization\",\"name\":\"MAGMONT | Castell Universal | Adhesivos de cianocrilato en distintos formatos\",\"url\":\"https:\/\/magmont.com\/\",\"logo\":{\"@type\":\"ImageObject\",\"inLanguage\":\"ca\",\"@id\":\"https:\/\/magmont.com\/#\/schema\/logo\/image\/\",\"url\":\"https:\/\/magmont.com\/wp-content\/uploads\/2024\/06\/logo2.png\",\"contentUrl\":\"https:\/\/magmont.com\/wp-content\/uploads\/2024\/06\/logo2.png\",\"width\":536,\"height\":162,\"caption\":\"MAGMONT | Castell Universal | Adhesivos de cianocrilato en distintos formatos\"},\"image\":{\"@id\":\"https:\/\/magmont.com\/#\/schema\/logo\/image\/\"},\"sameAs\":[\"https:\/\/www.instagram.com\/adhesivosmagmont\/\",\"https:\/\/es.linkedin.com\/in\/magmont-adhesives\"]}]}<\/script>\n<!-- \/ Yoast SEO plugin. -->","yoast_head_json":{"title":"Retenidor R20 - MAGMONT | Castell Universal | Adhesivos de cianocrilato en distintos formatos","description":"Retenidor R20. Retenidor d\u00b4alta resist\u00e8ncia i resistent a altes temperatures. D'\u00fas general per a components cil\u00edndrics.","robots":{"index":"index","follow":"follow","max-snippet":"max-snippet:-1","max-image-preview":"max-image-preview:large","max-video-preview":"max-video-preview:-1"},"canonical":"https:\/\/magmont.com\/producto\/retenedor-r20\/","og_locale":"ca_ES","og_type":"article","og_title":"Retenidor R20 - MAGMONT | Castell Universal | Adhesivos de cianocrilato en distintos formatos","og_description":"Retenidor R20. Retenidor d\u00b4alta resist\u00e8ncia i resistent a altes temperatures. D'\u00fas general per a components cil\u00edndrics.","og_url":"https:\/\/magmont.com\/producto\/retenedor-r20\/","og_site_name":"MAGMONT | Castell Universal | Adhesivos de cianocrilato en distintos formatos","article_modified_time":"2024-07-05T09:42:12+00:00","og_image":[{"width":1000,"height":1000,"url":"https:\/\/magmont.com\/wp-content\/uploads\/2024\/07\/retenedor-r20-acordeon1.png","type":"image\/png"}],"twitter_misc":{"Temps estimat de lectura":"2 minuts"},"schema":{"@context":"https:\/\/schema.org","@graph":[{"@type":"WebPage","@id":"https:\/\/magmont.com\/producto\/retenedor-r20\/","url":"https:\/\/magmont.com\/producto\/retenedor-r20\/","name":"Retenidor R20 - MAGMONT | Castell Universal | Adhesivos de cianocrilato en distintos formatos","isPartOf":{"@id":"https:\/\/magmont.com\/#website"},"primaryImageOfPage":{"@id":"https:\/\/magmont.com\/producto\/retenedor-r20\/#primaryimage"},"image":{"@id":"https:\/\/magmont.com\/producto\/retenedor-r20\/#primaryimage"},"thumbnailUrl":"https:\/\/magmont.com\/wp-content\/uploads\/2024\/07\/retenedor-r20-acordeon1.png","datePublished":"2024-07-05T09:28:54+00:00","dateModified":"2024-07-05T09:42:12+00:00","description":"Retenidor R20. Retenidor d\u00b4alta resist\u00e8ncia i resistent a altes temperatures. D'\u00fas general per a components cil\u00edndrics.","breadcrumb":{"@id":"https:\/\/magmont.com\/producto\/retenedor-r20\/#breadcrumb"},"inLanguage":"ca","potentialAction":[{"@type":"ReadAction","target":["https:\/\/magmont.com\/producto\/retenedor-r20\/"]}]},{"@type":"ImageObject","inLanguage":"ca","@id":"https:\/\/magmont.com\/producto\/retenedor-r20\/#primaryimage","url":"https:\/\/magmont.com\/wp-content\/uploads\/2024\/07\/retenedor-r20-acordeon1.png","contentUrl":"https:\/\/magmont.com\/wp-content\/uploads\/2024\/07\/retenedor-r20-acordeon1.png","width":1000,"height":1000},{"@type":"BreadcrumbList","@id":"https:\/\/magmont.com\/producto\/retenedor-r20\/#breadcrumb","itemListElement":[{"@type":"ListItem","position":1,"name":"Portada","item":"https:\/\/magmont.com\/"},{"@type":"ListItem","position":2,"name":"PRODUCTOS","item":"https:\/\/magmont.com\/productos\/"},{"@type":"ListItem","position":3,"name":"Retenidor R20"}]},{"@type":"WebSite","@id":"https:\/\/magmont.com\/#website","url":"https:\/\/magmont.com\/","name":"MAGMONT | Castell Universal | Adhesivos de cianocrilato en distintos formatos","description":"Fabricantes de adhesivos de cianocrilato, adhesivos termoconductores, fija tuercas, sellador en pasta y recubrimientos anti manipulaci\u00f3n. Servicio y Calidad, unas de las principales prioridades con m\u00e1s de 15 a\u00f1os de experiencia","publisher":{"@id":"https:\/\/magmont.com\/#organization"},"alternateName":"Castell Universal","potentialAction":[{"@type":"SearchAction","target":{"@type":"EntryPoint","urlTemplate":"https:\/\/magmont.com\/?s={search_term_string}"},"query-input":{"@type":"PropertyValueSpecification","valueRequired":true,"valueName":"search_term_string"}}],"inLanguage":"ca"},{"@type":"Organization","@id":"https:\/\/magmont.com\/#organization","name":"MAGMONT | Castell Universal | Adhesivos de cianocrilato en distintos formatos","url":"https:\/\/magmont.com\/","logo":{"@type":"ImageObject","inLanguage":"ca","@id":"https:\/\/magmont.com\/#\/schema\/logo\/image\/","url":"https:\/\/magmont.com\/wp-content\/uploads\/2024\/06\/logo2.png","contentUrl":"https:\/\/magmont.com\/wp-content\/uploads\/2024\/06\/logo2.png","width":536,"height":162,"caption":"MAGMONT | Castell Universal | Adhesivos de cianocrilato en distintos formatos"},"image":{"@id":"https:\/\/magmont.com\/#\/schema\/logo\/image\/"},"sameAs":["https:\/\/www.instagram.com\/adhesivosmagmont\/","https:\/\/es.linkedin.com\/in\/magmont-adhesives"]}]}},"_links":{"self":[{"href":"https:\/\/magmont.com\/ca\/wp-json\/wp\/v2\/product\/3490","targetHints":{"allow":["GET"]}}],"collection":[{"href":"https:\/\/magmont.com\/ca\/wp-json\/wp\/v2\/product"}],"about":[{"href":"https:\/\/magmont.com\/ca\/wp-json\/wp\/v2\/types\/product"}],"replies":[{"embeddable":true,"href":"https:\/\/magmont.com\/ca\/wp-json\/wp\/v2\/comments?post=3490"}],"wp:featuredmedia":[{"embeddable":true,"href":"https:\/\/magmont.com\/ca\/wp-json\/wp\/v2\/media\/3485"}],"wp:attachment":[{"href":"https:\/\/magmont.com\/ca\/wp-json\/wp\/v2\/media?parent=3490"}],"wp:term":[{"taxonomy":"product_brand","embeddable":true,"href":"https:\/\/magmont.com\/ca\/wp-json\/wp\/v2\/product_brand?post=3490"},{"taxonomy":"product_cat","embeddable":true,"href":"https:\/\/magmont.com\/ca\/wp-json\/wp\/v2\/product_cat?post=3490"},{"taxonomy":"product_tag","embeddable":true,"href":"https:\/\/magmont.com\/ca\/wp-json\/wp\/v2\/product_tag?post=3490"}],"curies":[{"name":"wp","href":"https:\/\/api.w.org\/{rel}","templated":true}]}}