{"id":3810,"date":"2025-03-17T11:18:28","date_gmt":"2025-03-17T11:18:28","guid":{"rendered":"https:\/\/magmont.com\/producto\/cola-blanca-5-kg\/"},"modified":"2025-03-17T11:27:58","modified_gmt":"2025-03-17T11:27:58","slug":"cola-blanca-5-kg","status":"publish","type":"product","link":"https:\/\/magmont.com\/ca\/producto\/cola-blanca-5-kg\/","title":{"rendered":"Cola Blanca 5 kg"},"content":{"rendered":"[et_pb_section fb_built=&#8221;1&#8243; _builder_version=&#8221;4.24.2&#8243; background_color=&#8221;#FFFFFF&#8221; custom_padding=&#8221;0px||||false|false&#8221; global_colors_info=&#8221;{}&#8221;][et_pb_row _builder_version=&#8221;4.16&#8243; background_size=&#8221;initial&#8221; background_position=&#8221;top_left&#8221; background_repeat=&#8221;repeat&#8221; width=&#8221;100%&#8221; custom_padding=&#8221;0px||0px||false|false&#8221; global_colors_info=&#8221;{}&#8221;][et_pb_column type=&#8221;4_4&#8243; _builder_version=&#8221;4.16&#8243; custom_padding=&#8221;|||&#8221; global_colors_info=&#8221;{}&#8221; custom_padding__hover=&#8221;|||&#8221;][et_pb_wc_breadcrumb _builder_version=&#8221;4.16&#8243; global_colors_info=&#8221;{}&#8221;][\/et_pb_wc_breadcrumb][et_pb_wc_cart_notice _builder_version=&#8221;4.16&#8243; global_colors_info=&#8221;{}&#8221;][\/et_pb_wc_cart_notice][\/et_pb_column][\/et_pb_row][et_pb_row column_structure=&#8221;1_2,1_2&#8243; _builder_version=&#8221;4.16&#8243; background_size=&#8221;initial&#8221; background_position=&#8221;top_left&#8221; background_repeat=&#8221;repeat&#8221; width=&#8221;100%&#8221; custom_padding=&#8221;0px||||false|false&#8221; global_colors_info=&#8221;{}&#8221;][et_pb_column type=&#8221;1_2&#8243; _builder_version=&#8221;4.16&#8243; custom_padding=&#8221;|||&#8221; global_colors_info=&#8221;{}&#8221; custom_padding__hover=&#8221;|||&#8221;][et_pb_wc_images _builder_version=&#8221;4.16&#8243; global_colors_info=&#8221;{}&#8221;][\/et_pb_wc_images][\/et_pb_column][et_pb_column type=&#8221;1_2&#8243; _builder_version=&#8221;4.16&#8243; custom_padding=&#8221;|||&#8221; global_colors_info=&#8221;{}&#8221; custom_padding__hover=&#8221;|||&#8221;][et_pb_wc_title _builder_version=&#8221;4.16&#8243; global_colors_info=&#8221;{}&#8221;][\/et_pb_wc_title][et_pb_wc_rating _builder_version=&#8221;4.16&#8243; global_colors_info=&#8221;{}&#8221;][\/et_pb_wc_rating][et_pb_wc_price _builder_version=&#8221;4.16&#8243; global_colors_info=&#8221;{}&#8221;][\/et_pb_wc_price][et_pb_wc_description _builder_version=&#8221;4.16&#8243; global_colors_info=&#8221;{}&#8221;][\/et_pb_wc_description][et_pb_wc_add_to_cart _builder_version=&#8221;4.16&#8243; global_colors_info=&#8221;{}&#8221;][\/et_pb_wc_add_to_cart][et_pb_wc_tabs admin_label=&#8221;Pesta\u00f1as de productos Woo&#8221; _builder_version=&#8221;4.24.2&#8243; global_colors_info=&#8221;{}&#8221;] [\/et_pb_wc_tabs][et_pb_wc_meta _builder_version=&#8221;4.16&#8243; global_colors_info=&#8221;{}&#8221;][\/et_pb_wc_meta][\/et_pb_column][\/et_pb_row][et_pb_row _builder_version=&#8221;4.16&#8243; background_size=&#8221;initial&#8221; background_position=&#8221;top_left&#8221; background_repeat=&#8221;repeat&#8221; width=&#8221;100%&#8221; global_colors_info=&#8221;{}&#8221;][et_pb_column type=&#8221;4_4&#8243; _builder_version=&#8221;4.16&#8243; custom_padding=&#8221;|||&#8221; global_colors_info=&#8221;{}&#8221; custom_padding__hover=&#8221;|||&#8221;][et_pb_wc_upsells _builder_version=&#8221;4.16&#8243; global_colors_info=&#8221;{}&#8221;][\/et_pb_wc_upsells][et_pb_wc_related_products _builder_version=&#8221;4.16&#8243; global_colors_info=&#8221;{}&#8221;][\/et_pb_wc_related_products][\/et_pb_column][\/et_pb_row][et_pb_row _builder_version=&#8221;4.24.2&#8243; _module_preset=&#8221;default&#8221; global_colors_info=&#8221;{}&#8221;][et_pb_column type=&#8221;4_4&#8243; _builder_version=&#8221;4.24.2&#8243; _module_preset=&#8221;default&#8221; global_colors_info=&#8221;{}&#8221;][et_pb_code _builder_version=&#8221;4.24.2&#8243; _module_preset=&#8221;default&#8221; global_colors_info=&#8221;{}&#8221;]<span class=\"collapseomatic \" id=\"id69de502d85603\"  tabindex=\"0\" title=\"\"    ><\/span><div id=\"target-id69de502d85603\" class=\"collapseomatic_content \"><!-- [et_pb_line_break_holder] --><a href=\"https:\/\/masergrup.com\/\"><\/a><!-- [et_pb_line_break_holder] --><img alt=\"Cola Blanca\"><!-- [et_pb_line_break_holder] -->La cola blanca es un adhesivo vers\u00e1til y ampliamente utilizado en una variedad de proyectos de manualidades, carpinter\u00eda, y reparaciones en el hogar y la escuela. Conocida tambi\u00e9n como cola de carpintero o cola de PVA (acetato de polivinilo), este adhesivo es valorado por su facilidad de uso, versatilidad y resistencia.<!-- [et_pb_line_break_holder] --><!-- [et_pb_line_break_holder] -->Una de las principales caracter\u00edsticas de la cola blanca es su capacidad para unir una amplia gama de materiales porosos, como madera, papel, cart\u00f3n, tela y ciertos tipos de pl\u00e1stico. Esto la hace ideal para una variedad de aplicaciones, desde la fabricaci\u00f3n de muebles y la construcci\u00f3n de maquetas hasta la elaboraci\u00f3n de proyectos escolares y manualidades en el hogar.<!-- [et_pb_line_break_holder] --><!-- [et_pb_line_break_holder] -->La cola blanca se aplica f\u00e1cilmente con un pincel, esp\u00e1tula o rodillo, y se seca transparente, lo que garantiza un acabado limpio y profesional en la mayor\u00eda de las superficies. Adem\u00e1s, su f\u00f3rmula no t\u00f3xica la hace segura para su uso en proyectos que involucran a ni\u00f1os o mascotas.<!-- [et_pb_line_break_holder] --><!-- [et_pb_line_break_holder] -->Otra ventaja de la cola blanca es su capacidad para formar una uni\u00f3n fuerte y duradera, resistente al agua una vez seca. Esto la convierte en una opci\u00f3n confiable para aplicaciones en exteriores o en entornos h\u00famedos, como la reparaci\u00f3n de muebles de jard\u00edn o la construcci\u00f3n de estructuras al aire libre.<!-- [et_pb_line_break_holder] --><!-- [et_pb_line_break_holder] -->Adem\u00e1s de su utilidad en proyectos de bricolaje y manualidades, la cola blanca tambi\u00e9n se utiliza en la fabricaci\u00f3n de libros, en la industria del embalaje y en la construcci\u00f3n de maquetas arquitect\u00f3nicas.<!-- [et_pb_line_break_holder] --><!-- [et_pb_line_break_holder] --><!-- [et_pb_line_break_holder] --><\/div><!-- [et_pb_line_break_holder] -->[\/et_pb_code][\/et_pb_column][\/et_pb_row][\/et_pb_section]\n","protected":false},"excerpt":{"rendered":"<div id=\"tw-target-text-container\" class=\"tw-ta-container F0azHf tw-nfl\" tabindex=\"0\">\n<p id=\"tw-target-text\" class=\"tw-data-text tw-text-large tw-ta\" dir=\"ltr\" data-placeholder=\"Traducci\u00f3n\" aria-label=\"Texto traducido\" data-ved=\"2ahUKEwiknviuyI2HAxVd-gIHHZeFDSgQ3ewLegQICBAU\"><span class=\"Y2IQFc\" lang=\"ca\">Cola blanca r\u00e0pida per a la uni\u00f3 i laminat d&#8217;estratificats. D&#8217;enganxat r\u00e0pid.<\/span><\/p>\n<\/div>\n<ul>\n<li><strong>Aplicaci\u00f3<\/strong>: Ind\u00fastria de la fusta en general. Ind\u00fastria litogr\u00e0fica Ind\u00fastria del cart\u00f3, treballs manuals i cer\u00e0mica.<\/li>\n<\/ul>\n<p><strong>Capacitats disponibles:<\/strong><\/p>\n<ul>\n<li>125gr<\/li>\n<li>250gr<\/li>\n<li>500gr<\/li>\n<li>5 kg<\/li>\n<\/ul>\n","protected":false},"featured_media":3808,"comment_status":"closed","ping_status":"closed","template":"","meta":{"_et_pb_use_builder":"on","_et_pb_old_content":"","_et_gb_content_width":""},"product_brand":[],"product_cat":[143,89],"product_tag":[],"class_list":{"0":"post-3810","1":"product","2":"type-product","3":"status-publish","4":"has-post-thumbnail","6":"product_cat-cola-blanca","7":"product_cat-coles","9":"first","10":"instock","11":"shipping-taxable","12":"product-type-variable"},"yoast_head":"<!-- This site is optimized with the Yoast SEO plugin v26.7 - https:\/\/yoast.com\/wordpress\/plugins\/seo\/ -->\n<title>Cola Blanca 5 kg - MAGMONT | Castell Universal | Adhesivos de cianocrilato en distintos formatos<\/title>\n<meta name=\"description\" content=\"Cola blanca 5 Kg. La cola blanca \u00e9s r\u00e0pida especial per a la uni\u00f3 i el laminat d&#039;estratificats. \u00c9s de r\u00e0pid agafada immediata.\" \/>\n<meta name=\"robots\" content=\"index, follow, max-snippet:-1, max-image-preview:large, max-video-preview:-1\" \/>\n<link rel=\"canonical\" href=\"https:\/\/magmont.com\/ca\/producto\/cola-blanca-5-kg\/\" \/>\n<meta property=\"og:locale\" content=\"ca_ES\" \/>\n<meta property=\"og:type\" content=\"article\" \/>\n<meta property=\"og:title\" content=\"Cola Blanca 5 kg - MAGMONT | Castell Universal | Adhesivos de cianocrilato en distintos formatos\" \/>\n<meta property=\"og:description\" content=\"Cola blanca 5 Kg. La cola blanca \u00e9s r\u00e0pida especial per a la uni\u00f3 i el laminat d&#039;estratificats. \u00c9s de r\u00e0pid agafada immediata.\" \/>\n<meta property=\"og:url\" content=\"https:\/\/magmont.com\/ca\/producto\/cola-blanca-5-kg\/\" \/>\n<meta property=\"og:site_name\" content=\"MAGMONT | Castell Universal | Adhesivos de cianocrilato en distintos formatos\" \/>\n<meta property=\"article:modified_time\" content=\"2025-03-17T11:27:58+00:00\" \/>\n<meta property=\"og:image\" content=\"https:\/\/magmont.com\/wp-content\/uploads\/2025\/03\/Cola-Blanca-5-kg-4.jpg\" \/>\n\t<meta property=\"og:image:width\" content=\"600\" \/>\n\t<meta property=\"og:image:height\" content=\"600\" \/>\n\t<meta property=\"og:image:type\" content=\"image\/jpeg\" \/>\n<meta name=\"twitter:label1\" content=\"Temps estimat de lectura\" \/>\n\t<meta name=\"twitter:data1\" content=\"3 minuts\" \/>\n<script type=\"application\/ld+json\" class=\"yoast-schema-graph\">{\"@context\":\"https:\/\/schema.org\",\"@graph\":[{\"@type\":\"WebPage\",\"@id\":\"https:\/\/magmont.com\/ca\/producto\/cola-blanca-5-kg\/\",\"url\":\"https:\/\/magmont.com\/ca\/producto\/cola-blanca-5-kg\/\",\"name\":\"Cola Blanca 5 kg - MAGMONT | Castell Universal | Adhesivos de cianocrilato en distintos formatos\",\"isPartOf\":{\"@id\":\"https:\/\/magmont.com\/#website\"},\"primaryImageOfPage\":{\"@id\":\"https:\/\/magmont.com\/ca\/producto\/cola-blanca-5-kg\/#primaryimage\"},\"image\":{\"@id\":\"https:\/\/magmont.com\/ca\/producto\/cola-blanca-5-kg\/#primaryimage\"},\"thumbnailUrl\":\"https:\/\/magmont.com\/wp-content\/uploads\/2025\/03\/Cola-Blanca-5-kg-4.jpg\",\"datePublished\":\"2025-03-17T11:18:28+00:00\",\"dateModified\":\"2025-03-17T11:27:58+00:00\",\"description\":\"Cola blanca 5 Kg. La cola blanca \u00e9s r\u00e0pida especial per a la uni\u00f3 i el laminat d'estratificats. \u00c9s de r\u00e0pid agafada immediata.\",\"breadcrumb\":{\"@id\":\"https:\/\/magmont.com\/ca\/producto\/cola-blanca-5-kg\/#breadcrumb\"},\"inLanguage\":\"ca\",\"potentialAction\":[{\"@type\":\"ReadAction\",\"target\":[\"https:\/\/magmont.com\/ca\/producto\/cola-blanca-5-kg\/\"]}]},{\"@type\":\"ImageObject\",\"inLanguage\":\"ca\",\"@id\":\"https:\/\/magmont.com\/ca\/producto\/cola-blanca-5-kg\/#primaryimage\",\"url\":\"https:\/\/magmont.com\/wp-content\/uploads\/2025\/03\/Cola-Blanca-5-kg-4.jpg\",\"contentUrl\":\"https:\/\/magmont.com\/wp-content\/uploads\/2025\/03\/Cola-Blanca-5-kg-4.jpg\",\"width\":600,\"height\":600,\"caption\":\"Cola Blanca 5 kg\"},{\"@type\":\"BreadcrumbList\",\"@id\":\"https:\/\/magmont.com\/ca\/producto\/cola-blanca-5-kg\/#breadcrumb\",\"itemListElement\":[{\"@type\":\"ListItem\",\"position\":1,\"name\":\"Portada\",\"item\":\"https:\/\/magmont.com\/\"},{\"@type\":\"ListItem\",\"position\":2,\"name\":\"PRODUCTOS\",\"item\":\"https:\/\/magmont.com\/productos\/\"},{\"@type\":\"ListItem\",\"position\":3,\"name\":\"Cola Blanca 5 kg\"}]},{\"@type\":\"WebSite\",\"@id\":\"https:\/\/magmont.com\/#website\",\"url\":\"https:\/\/magmont.com\/\",\"name\":\"MAGMONT | Castell Universal | Adhesivos de cianocrilato en distintos formatos\",\"description\":\"Fabricantes de adhesivos de cianocrilato, adhesivos termoconductores, fija tuercas, sellador en pasta y recubrimientos anti manipulaci\u00f3n. Servicio y Calidad, unas de las principales prioridades con m\u00e1s de 15 a\u00f1os de experiencia\",\"publisher\":{\"@id\":\"https:\/\/magmont.com\/#organization\"},\"alternateName\":\"Castell Universal\",\"potentialAction\":[{\"@type\":\"SearchAction\",\"target\":{\"@type\":\"EntryPoint\",\"urlTemplate\":\"https:\/\/magmont.com\/?s={search_term_string}\"},\"query-input\":{\"@type\":\"PropertyValueSpecification\",\"valueRequired\":true,\"valueName\":\"search_term_string\"}}],\"inLanguage\":\"ca\"},{\"@type\":\"Organization\",\"@id\":\"https:\/\/magmont.com\/#organization\",\"name\":\"MAGMONT | Castell Universal | Adhesivos de cianocrilato en distintos formatos\",\"url\":\"https:\/\/magmont.com\/\",\"logo\":{\"@type\":\"ImageObject\",\"inLanguage\":\"ca\",\"@id\":\"https:\/\/magmont.com\/#\/schema\/logo\/image\/\",\"url\":\"https:\/\/magmont.com\/wp-content\/uploads\/2024\/06\/logo2.png\",\"contentUrl\":\"https:\/\/magmont.com\/wp-content\/uploads\/2024\/06\/logo2.png\",\"width\":536,\"height\":162,\"caption\":\"MAGMONT | Castell Universal | Adhesivos de cianocrilato en distintos formatos\"},\"image\":{\"@id\":\"https:\/\/magmont.com\/#\/schema\/logo\/image\/\"},\"sameAs\":[\"https:\/\/www.instagram.com\/adhesivosmagmont\/\",\"https:\/\/es.linkedin.com\/in\/magmont-adhesives\"]}]}<\/script>\n<!-- \/ Yoast SEO plugin. -->","yoast_head_json":{"title":"Cola Blanca 5 kg - MAGMONT | Castell Universal | Adhesivos de cianocrilato en distintos formatos","description":"Cola blanca 5 Kg. La cola blanca \u00e9s r\u00e0pida especial per a la uni\u00f3 i el laminat d'estratificats. \u00c9s de r\u00e0pid agafada immediata.","robots":{"index":"index","follow":"follow","max-snippet":"max-snippet:-1","max-image-preview":"max-image-preview:large","max-video-preview":"max-video-preview:-1"},"canonical":"https:\/\/magmont.com\/ca\/producto\/cola-blanca-5-kg\/","og_locale":"ca_ES","og_type":"article","og_title":"Cola Blanca 5 kg - MAGMONT | Castell Universal | Adhesivos de cianocrilato en distintos formatos","og_description":"Cola blanca 5 Kg. La cola blanca \u00e9s r\u00e0pida especial per a la uni\u00f3 i el laminat d'estratificats. \u00c9s de r\u00e0pid agafada immediata.","og_url":"https:\/\/magmont.com\/ca\/producto\/cola-blanca-5-kg\/","og_site_name":"MAGMONT | Castell Universal | Adhesivos de cianocrilato en distintos formatos","article_modified_time":"2025-03-17T11:27:58+00:00","og_image":[{"width":600,"height":600,"url":"https:\/\/magmont.com\/wp-content\/uploads\/2025\/03\/Cola-Blanca-5-kg-4.jpg","type":"image\/jpeg"}],"twitter_misc":{"Temps estimat de lectura":"3 minuts"},"schema":{"@context":"https:\/\/schema.org","@graph":[{"@type":"WebPage","@id":"https:\/\/magmont.com\/ca\/producto\/cola-blanca-5-kg\/","url":"https:\/\/magmont.com\/ca\/producto\/cola-blanca-5-kg\/","name":"Cola Blanca 5 kg - MAGMONT | Castell Universal | Adhesivos de cianocrilato en distintos formatos","isPartOf":{"@id":"https:\/\/magmont.com\/#website"},"primaryImageOfPage":{"@id":"https:\/\/magmont.com\/ca\/producto\/cola-blanca-5-kg\/#primaryimage"},"image":{"@id":"https:\/\/magmont.com\/ca\/producto\/cola-blanca-5-kg\/#primaryimage"},"thumbnailUrl":"https:\/\/magmont.com\/wp-content\/uploads\/2025\/03\/Cola-Blanca-5-kg-4.jpg","datePublished":"2025-03-17T11:18:28+00:00","dateModified":"2025-03-17T11:27:58+00:00","description":"Cola blanca 5 Kg. La cola blanca \u00e9s r\u00e0pida especial per a la uni\u00f3 i el laminat d'estratificats. \u00c9s de r\u00e0pid agafada immediata.","breadcrumb":{"@id":"https:\/\/magmont.com\/ca\/producto\/cola-blanca-5-kg\/#breadcrumb"},"inLanguage":"ca","potentialAction":[{"@type":"ReadAction","target":["https:\/\/magmont.com\/ca\/producto\/cola-blanca-5-kg\/"]}]},{"@type":"ImageObject","inLanguage":"ca","@id":"https:\/\/magmont.com\/ca\/producto\/cola-blanca-5-kg\/#primaryimage","url":"https:\/\/magmont.com\/wp-content\/uploads\/2025\/03\/Cola-Blanca-5-kg-4.jpg","contentUrl":"https:\/\/magmont.com\/wp-content\/uploads\/2025\/03\/Cola-Blanca-5-kg-4.jpg","width":600,"height":600,"caption":"Cola Blanca 5 kg"},{"@type":"BreadcrumbList","@id":"https:\/\/magmont.com\/ca\/producto\/cola-blanca-5-kg\/#breadcrumb","itemListElement":[{"@type":"ListItem","position":1,"name":"Portada","item":"https:\/\/magmont.com\/"},{"@type":"ListItem","position":2,"name":"PRODUCTOS","item":"https:\/\/magmont.com\/productos\/"},{"@type":"ListItem","position":3,"name":"Cola Blanca 5 kg"}]},{"@type":"WebSite","@id":"https:\/\/magmont.com\/#website","url":"https:\/\/magmont.com\/","name":"MAGMONT | Castell Universal | Adhesivos de cianocrilato en distintos formatos","description":"Fabricantes de adhesivos de cianocrilato, adhesivos termoconductores, fija tuercas, sellador en pasta y recubrimientos anti manipulaci\u00f3n. Servicio y Calidad, unas de las principales prioridades con m\u00e1s de 15 a\u00f1os de experiencia","publisher":{"@id":"https:\/\/magmont.com\/#organization"},"alternateName":"Castell Universal","potentialAction":[{"@type":"SearchAction","target":{"@type":"EntryPoint","urlTemplate":"https:\/\/magmont.com\/?s={search_term_string}"},"query-input":{"@type":"PropertyValueSpecification","valueRequired":true,"valueName":"search_term_string"}}],"inLanguage":"ca"},{"@type":"Organization","@id":"https:\/\/magmont.com\/#organization","name":"MAGMONT | Castell Universal | Adhesivos de cianocrilato en distintos formatos","url":"https:\/\/magmont.com\/","logo":{"@type":"ImageObject","inLanguage":"ca","@id":"https:\/\/magmont.com\/#\/schema\/logo\/image\/","url":"https:\/\/magmont.com\/wp-content\/uploads\/2024\/06\/logo2.png","contentUrl":"https:\/\/magmont.com\/wp-content\/uploads\/2024\/06\/logo2.png","width":536,"height":162,"caption":"MAGMONT | Castell Universal | Adhesivos de cianocrilato en distintos formatos"},"image":{"@id":"https:\/\/magmont.com\/#\/schema\/logo\/image\/"},"sameAs":["https:\/\/www.instagram.com\/adhesivosmagmont\/","https:\/\/es.linkedin.com\/in\/magmont-adhesives"]}]}},"_links":{"self":[{"href":"https:\/\/magmont.com\/ca\/wp-json\/wp\/v2\/product\/3810","targetHints":{"allow":["GET"]}}],"collection":[{"href":"https:\/\/magmont.com\/ca\/wp-json\/wp\/v2\/product"}],"about":[{"href":"https:\/\/magmont.com\/ca\/wp-json\/wp\/v2\/types\/product"}],"replies":[{"embeddable":true,"href":"https:\/\/magmont.com\/ca\/wp-json\/wp\/v2\/comments?post=3810"}],"wp:featuredmedia":[{"embeddable":true,"href":"https:\/\/magmont.com\/ca\/wp-json\/wp\/v2\/media\/3808"}],"wp:attachment":[{"href":"https:\/\/magmont.com\/ca\/wp-json\/wp\/v2\/media?parent=3810"}],"wp:term":[{"taxonomy":"product_brand","embeddable":true,"href":"https:\/\/magmont.com\/ca\/wp-json\/wp\/v2\/product_brand?post=3810"},{"taxonomy":"product_cat","embeddable":true,"href":"https:\/\/magmont.com\/ca\/wp-json\/wp\/v2\/product_cat?post=3810"},{"taxonomy":"product_tag","embeddable":true,"href":"https:\/\/magmont.com\/ca\/wp-json\/wp\/v2\/product_tag?post=3810"}],"curies":[{"name":"wp","href":"https:\/\/api.w.org\/{rel}","templated":true}]}}