{"id":3949,"date":"2025-06-16T07:27:08","date_gmt":"2025-06-16T07:27:08","guid":{"rendered":"https:\/\/magmont.com\/producto\/cola-de-contacto\/"},"modified":"2025-06-16T08:02:18","modified_gmt":"2025-06-16T08:02:18","slug":"cola-de-contacte","status":"publish","type":"product","link":"https:\/\/magmont.com\/ca\/producto\/cola-de-contacte\/","title":{"rendered":"Cola de contacte"},"content":{"rendered":"","protected":false},"excerpt":{"rendered":"<p class=\"p1\">Adhesiu de contacte d&#8217;alta resist\u00e8ncia per a unions duradores de m\u00faltiples materials.<\/p>\n<ul>\n<li><strong><strong><strong>Aplicaci\u00f3: <\/strong><\/strong><\/strong>Ideal per a fusta, cautx\u00fa, metalls, cuir i m\u00e9s.<\/li>\n<\/ul>\n<p><strong>Capacitats disponibles:<\/strong><\/p>\n<ul>\n<li>500 ml<\/li>\n<\/ul>\n","protected":false},"featured_media":3944,"comment_status":"closed","ping_status":"closed","template":"","meta":{"_et_pb_use_builder":"","_et_pb_old_content":"","_et_gb_content_width":""},"product_brand":[],"product_cat":[144,89],"product_tag":[],"class_list":{"0":"post-3949","1":"product","2":"type-product","3":"status-publish","4":"has-post-thumbnail","6":"product_cat-cola-de-contacto","7":"product_cat-coles","9":"first","10":"instock","11":"shipping-taxable","12":"purchasable","13":"product-type-variable"},"yoast_head":"<!-- This site is optimized with the Yoast SEO plugin v26.7 - https:\/\/yoast.com\/wordpress\/plugins\/seo\/ -->\n<title>Cola de contacte - MAGMONT | Castell Universal | Adhesivos de cianocrilato en distintos formatos<\/title>\n<meta name=\"description\" content=\"Adhesiu de contacte d&#039;alta resist\u00e8ncia per a unions duradores de m\u00faltiples materials. Ideal per a fusta, cautx\u00fa, metalls, cuir i m\u00e9s.\" \/>\n<meta name=\"robots\" content=\"index, follow, max-snippet:-1, max-image-preview:large, max-video-preview:-1\" \/>\n<link rel=\"canonical\" href=\"https:\/\/magmont.com\/ca\/producto\/cola-de-contacte\/\" \/>\n<meta property=\"og:locale\" content=\"ca_ES\" \/>\n<meta property=\"og:type\" content=\"article\" \/>\n<meta property=\"og:title\" content=\"Cola de contacte - MAGMONT | Castell Universal | Adhesivos de cianocrilato en distintos formatos\" \/>\n<meta property=\"og:description\" content=\"Adhesiu de contacte d&#039;alta resist\u00e8ncia per a unions duradores de m\u00faltiples materials. Ideal per a fusta, cautx\u00fa, metalls, cuir i m\u00e9s.\" \/>\n<meta property=\"og:url\" content=\"https:\/\/magmont.com\/ca\/producto\/cola-de-contacte\/\" \/>\n<meta property=\"og:site_name\" content=\"MAGMONT | Castell Universal | Adhesivos de cianocrilato en distintos formatos\" \/>\n<meta property=\"article:modified_time\" content=\"2025-06-16T08:02:18+00:00\" \/>\n<meta property=\"og:image\" content=\"https:\/\/magmont.com\/wp-content\/uploads\/2025\/06\/cola-contacto-500.png\" \/>\n\t<meta property=\"og:image:width\" content=\"456\" \/>\n\t<meta property=\"og:image:height\" content=\"595\" \/>\n\t<meta property=\"og:image:type\" content=\"image\/png\" \/>\n<meta name=\"twitter:label1\" content=\"Temps estimat de lectura\" \/>\n\t<meta name=\"twitter:data1\" content=\"1 minut\" \/>\n<script type=\"application\/ld+json\" class=\"yoast-schema-graph\">{\"@context\":\"https:\/\/schema.org\",\"@graph\":[{\"@type\":\"WebPage\",\"@id\":\"https:\/\/magmont.com\/ca\/producto\/cola-de-contacte\/\",\"url\":\"https:\/\/magmont.com\/ca\/producto\/cola-de-contacte\/\",\"name\":\"Cola de contacte - MAGMONT | Castell Universal | Adhesivos de cianocrilato en distintos formatos\",\"isPartOf\":{\"@id\":\"https:\/\/magmont.com\/#website\"},\"primaryImageOfPage\":{\"@id\":\"https:\/\/magmont.com\/ca\/producto\/cola-de-contacte\/#primaryimage\"},\"image\":{\"@id\":\"https:\/\/magmont.com\/ca\/producto\/cola-de-contacte\/#primaryimage\"},\"thumbnailUrl\":\"https:\/\/magmont.com\/wp-content\/uploads\/2025\/06\/cola-contacto-500.png\",\"datePublished\":\"2025-06-16T07:27:08+00:00\",\"dateModified\":\"2025-06-16T08:02:18+00:00\",\"description\":\"Adhesiu de contacte d'alta resist\u00e8ncia per a unions duradores de m\u00faltiples materials. Ideal per a fusta, cautx\u00fa, metalls, cuir i m\u00e9s.\",\"breadcrumb\":{\"@id\":\"https:\/\/magmont.com\/ca\/producto\/cola-de-contacte\/#breadcrumb\"},\"inLanguage\":\"ca\",\"potentialAction\":[{\"@type\":\"ReadAction\",\"target\":[\"https:\/\/magmont.com\/ca\/producto\/cola-de-contacte\/\"]}]},{\"@type\":\"ImageObject\",\"inLanguage\":\"ca\",\"@id\":\"https:\/\/magmont.com\/ca\/producto\/cola-de-contacte\/#primaryimage\",\"url\":\"https:\/\/magmont.com\/wp-content\/uploads\/2025\/06\/cola-contacto-500.png\",\"contentUrl\":\"https:\/\/magmont.com\/wp-content\/uploads\/2025\/06\/cola-contacto-500.png\",\"width\":456,\"height\":595,\"caption\":\"cola-de-contacto\"},{\"@type\":\"BreadcrumbList\",\"@id\":\"https:\/\/magmont.com\/ca\/producto\/cola-de-contacte\/#breadcrumb\",\"itemListElement\":[{\"@type\":\"ListItem\",\"position\":1,\"name\":\"Portada\",\"item\":\"https:\/\/magmont.com\/\"},{\"@type\":\"ListItem\",\"position\":2,\"name\":\"PRODUCTOS\",\"item\":\"https:\/\/magmont.com\/productos\/\"},{\"@type\":\"ListItem\",\"position\":3,\"name\":\"Cola de contacte\"}]},{\"@type\":\"WebSite\",\"@id\":\"https:\/\/magmont.com\/#website\",\"url\":\"https:\/\/magmont.com\/\",\"name\":\"MAGMONT | Castell Universal | Adhesivos de cianocrilato en distintos formatos\",\"description\":\"Fabricantes de adhesivos de cianocrilato, adhesivos termoconductores, fija tuercas, sellador en pasta y recubrimientos anti manipulaci\u00f3n. Servicio y Calidad, unas de las principales prioridades con m\u00e1s de 15 a\u00f1os de experiencia\",\"publisher\":{\"@id\":\"https:\/\/magmont.com\/#organization\"},\"alternateName\":\"Castell Universal\",\"potentialAction\":[{\"@type\":\"SearchAction\",\"target\":{\"@type\":\"EntryPoint\",\"urlTemplate\":\"https:\/\/magmont.com\/?s={search_term_string}\"},\"query-input\":{\"@type\":\"PropertyValueSpecification\",\"valueRequired\":true,\"valueName\":\"search_term_string\"}}],\"inLanguage\":\"ca\"},{\"@type\":\"Organization\",\"@id\":\"https:\/\/magmont.com\/#organization\",\"name\":\"MAGMONT | Castell Universal | Adhesivos de cianocrilato en distintos formatos\",\"url\":\"https:\/\/magmont.com\/\",\"logo\":{\"@type\":\"ImageObject\",\"inLanguage\":\"ca\",\"@id\":\"https:\/\/magmont.com\/#\/schema\/logo\/image\/\",\"url\":\"https:\/\/magmont.com\/wp-content\/uploads\/2024\/06\/logo2.png\",\"contentUrl\":\"https:\/\/magmont.com\/wp-content\/uploads\/2024\/06\/logo2.png\",\"width\":536,\"height\":162,\"caption\":\"MAGMONT | Castell Universal | Adhesivos de cianocrilato en distintos formatos\"},\"image\":{\"@id\":\"https:\/\/magmont.com\/#\/schema\/logo\/image\/\"},\"sameAs\":[\"https:\/\/www.instagram.com\/adhesivosmagmont\/\",\"https:\/\/es.linkedin.com\/in\/magmont-adhesives\"]}]}<\/script>\n<!-- \/ Yoast SEO plugin. -->","yoast_head_json":{"title":"Cola de contacte - MAGMONT | Castell Universal | Adhesivos de cianocrilato en distintos formatos","description":"Adhesiu de contacte d'alta resist\u00e8ncia per a unions duradores de m\u00faltiples materials. Ideal per a fusta, cautx\u00fa, metalls, cuir i m\u00e9s.","robots":{"index":"index","follow":"follow","max-snippet":"max-snippet:-1","max-image-preview":"max-image-preview:large","max-video-preview":"max-video-preview:-1"},"canonical":"https:\/\/magmont.com\/ca\/producto\/cola-de-contacte\/","og_locale":"ca_ES","og_type":"article","og_title":"Cola de contacte - MAGMONT | Castell Universal | Adhesivos de cianocrilato en distintos formatos","og_description":"Adhesiu de contacte d'alta resist\u00e8ncia per a unions duradores de m\u00faltiples materials. Ideal per a fusta, cautx\u00fa, metalls, cuir i m\u00e9s.","og_url":"https:\/\/magmont.com\/ca\/producto\/cola-de-contacte\/","og_site_name":"MAGMONT | Castell Universal | Adhesivos de cianocrilato en distintos formatos","article_modified_time":"2025-06-16T08:02:18+00:00","og_image":[{"width":456,"height":595,"url":"https:\/\/magmont.com\/wp-content\/uploads\/2025\/06\/cola-contacto-500.png","type":"image\/png"}],"twitter_misc":{"Temps estimat de lectura":"1 minut"},"schema":{"@context":"https:\/\/schema.org","@graph":[{"@type":"WebPage","@id":"https:\/\/magmont.com\/ca\/producto\/cola-de-contacte\/","url":"https:\/\/magmont.com\/ca\/producto\/cola-de-contacte\/","name":"Cola de contacte - MAGMONT | Castell Universal | Adhesivos de cianocrilato en distintos formatos","isPartOf":{"@id":"https:\/\/magmont.com\/#website"},"primaryImageOfPage":{"@id":"https:\/\/magmont.com\/ca\/producto\/cola-de-contacte\/#primaryimage"},"image":{"@id":"https:\/\/magmont.com\/ca\/producto\/cola-de-contacte\/#primaryimage"},"thumbnailUrl":"https:\/\/magmont.com\/wp-content\/uploads\/2025\/06\/cola-contacto-500.png","datePublished":"2025-06-16T07:27:08+00:00","dateModified":"2025-06-16T08:02:18+00:00","description":"Adhesiu de contacte d'alta resist\u00e8ncia per a unions duradores de m\u00faltiples materials. Ideal per a fusta, cautx\u00fa, metalls, cuir i m\u00e9s.","breadcrumb":{"@id":"https:\/\/magmont.com\/ca\/producto\/cola-de-contacte\/#breadcrumb"},"inLanguage":"ca","potentialAction":[{"@type":"ReadAction","target":["https:\/\/magmont.com\/ca\/producto\/cola-de-contacte\/"]}]},{"@type":"ImageObject","inLanguage":"ca","@id":"https:\/\/magmont.com\/ca\/producto\/cola-de-contacte\/#primaryimage","url":"https:\/\/magmont.com\/wp-content\/uploads\/2025\/06\/cola-contacto-500.png","contentUrl":"https:\/\/magmont.com\/wp-content\/uploads\/2025\/06\/cola-contacto-500.png","width":456,"height":595,"caption":"cola-de-contacto"},{"@type":"BreadcrumbList","@id":"https:\/\/magmont.com\/ca\/producto\/cola-de-contacte\/#breadcrumb","itemListElement":[{"@type":"ListItem","position":1,"name":"Portada","item":"https:\/\/magmont.com\/"},{"@type":"ListItem","position":2,"name":"PRODUCTOS","item":"https:\/\/magmont.com\/productos\/"},{"@type":"ListItem","position":3,"name":"Cola de contacte"}]},{"@type":"WebSite","@id":"https:\/\/magmont.com\/#website","url":"https:\/\/magmont.com\/","name":"MAGMONT | Castell Universal | Adhesivos de cianocrilato en distintos formatos","description":"Fabricantes de adhesivos de cianocrilato, adhesivos termoconductores, fija tuercas, sellador en pasta y recubrimientos anti manipulaci\u00f3n. Servicio y Calidad, unas de las principales prioridades con m\u00e1s de 15 a\u00f1os de experiencia","publisher":{"@id":"https:\/\/magmont.com\/#organization"},"alternateName":"Castell Universal","potentialAction":[{"@type":"SearchAction","target":{"@type":"EntryPoint","urlTemplate":"https:\/\/magmont.com\/?s={search_term_string}"},"query-input":{"@type":"PropertyValueSpecification","valueRequired":true,"valueName":"search_term_string"}}],"inLanguage":"ca"},{"@type":"Organization","@id":"https:\/\/magmont.com\/#organization","name":"MAGMONT | Castell Universal | Adhesivos de cianocrilato en distintos formatos","url":"https:\/\/magmont.com\/","logo":{"@type":"ImageObject","inLanguage":"ca","@id":"https:\/\/magmont.com\/#\/schema\/logo\/image\/","url":"https:\/\/magmont.com\/wp-content\/uploads\/2024\/06\/logo2.png","contentUrl":"https:\/\/magmont.com\/wp-content\/uploads\/2024\/06\/logo2.png","width":536,"height":162,"caption":"MAGMONT | Castell Universal | Adhesivos de cianocrilato en distintos formatos"},"image":{"@id":"https:\/\/magmont.com\/#\/schema\/logo\/image\/"},"sameAs":["https:\/\/www.instagram.com\/adhesivosmagmont\/","https:\/\/es.linkedin.com\/in\/magmont-adhesives"]}]}},"_links":{"self":[{"href":"https:\/\/magmont.com\/ca\/wp-json\/wp\/v2\/product\/3949","targetHints":{"allow":["GET"]}}],"collection":[{"href":"https:\/\/magmont.com\/ca\/wp-json\/wp\/v2\/product"}],"about":[{"href":"https:\/\/magmont.com\/ca\/wp-json\/wp\/v2\/types\/product"}],"replies":[{"embeddable":true,"href":"https:\/\/magmont.com\/ca\/wp-json\/wp\/v2\/comments?post=3949"}],"wp:featuredmedia":[{"embeddable":true,"href":"https:\/\/magmont.com\/ca\/wp-json\/wp\/v2\/media\/3944"}],"wp:attachment":[{"href":"https:\/\/magmont.com\/ca\/wp-json\/wp\/v2\/media?parent=3949"}],"wp:term":[{"taxonomy":"product_brand","embeddable":true,"href":"https:\/\/magmont.com\/ca\/wp-json\/wp\/v2\/product_brand?post=3949"},{"taxonomy":"product_cat","embeddable":true,"href":"https:\/\/magmont.com\/ca\/wp-json\/wp\/v2\/product_cat?post=3949"},{"taxonomy":"product_tag","embeddable":true,"href":"https:\/\/magmont.com\/ca\/wp-json\/wp\/v2\/product_tag?post=3949"}],"curies":[{"name":"wp","href":"https:\/\/api.w.org\/{rel}","templated":true}]}}