{"id":3955,"date":"2025-06-16T08:13:23","date_gmt":"2025-06-16T08:13:23","guid":{"rendered":"https:\/\/magmont.com\/?post_type=product&#038;p=3955"},"modified":"2025-08-11T11:05:15","modified_gmt":"2025-08-11T11:05:15","slug":"activador-anaerobic","status":"publish","type":"product","link":"https:\/\/magmont.com\/ca\/producto\/activador-anaerobic\/","title":{"rendered":"Activador Anaer\u00f2bic"},"content":{"rendered":"","protected":false},"excerpt":{"rendered":"<p class=\"p1\">Activador en fase solvent per a la preparaci\u00f3 de superf\u00edcies que accelera la polimeritzaci\u00f3 de productes anaer\u00f2bics.<\/p>\n<ul>\n<li><strong><strong><strong>Aplicaci\u00f3: <\/strong><\/strong><\/strong>Ideal per a peces pl\u00e0stiques, baixes temperatures o folgances que dificulten el curat.<\/li>\n<\/ul>\n<p><strong>Capacitats disponibles:<\/strong><\/p>\n<ul>\n<li>200 ml<\/li>\n<\/ul>\n","protected":false},"featured_media":3963,"comment_status":"closed","ping_status":"closed","template":"","meta":{"_et_pb_use_builder":"","_et_pb_old_content":"","_et_gb_content_width":""},"product_brand":[],"product_cat":[81],"product_tag":[],"class_list":{"0":"post-3955","1":"product","2":"type-product","3":"status-publish","4":"has-post-thumbnail","6":"product_cat-anaerobics","8":"first","9":"instock","10":"shipping-taxable","11":"purchasable","12":"product-type-variable"},"yoast_head":"<!-- This site is optimized with the Yoast SEO plugin v26.7 - https:\/\/yoast.com\/wordpress\/plugins\/seo\/ -->\n<title>Activador Anaer\u00f2bic - MAGMONT | Castell Universal | Adhesivos de cianocrilato en distintos formatos<\/title>\n<meta name=\"description\" content=\"Adhesiu de contacte d&#039;alta resist\u00e8ncia per a unions duradores de m\u00faltiples materials. Ideal per a fusta, cautx\u00fa, metalls, cuir i m\u00e9s.\" \/>\n<meta name=\"robots\" content=\"index, follow, max-snippet:-1, max-image-preview:large, max-video-preview:-1\" \/>\n<link rel=\"canonical\" href=\"https:\/\/magmont.com\/ca\/producto\/activador-anaerobic\/\" \/>\n<meta property=\"og:locale\" content=\"ca_ES\" \/>\n<meta property=\"og:type\" content=\"article\" \/>\n<meta property=\"og:title\" content=\"Activador Anaer\u00f2bic - MAGMONT | Castell Universal | Adhesivos de cianocrilato en distintos formatos\" \/>\n<meta property=\"og:description\" content=\"Adhesiu de contacte d&#039;alta resist\u00e8ncia per a unions duradores de m\u00faltiples materials. Ideal per a fusta, cautx\u00fa, metalls, cuir i m\u00e9s.\" \/>\n<meta property=\"og:url\" content=\"https:\/\/magmont.com\/ca\/producto\/activador-anaerobic\/\" \/>\n<meta property=\"og:site_name\" content=\"MAGMONT | Castell Universal | Adhesivos de cianocrilato en distintos formatos\" \/>\n<meta property=\"article:modified_time\" content=\"2025-08-11T11:05:15+00:00\" \/>\n<meta property=\"og:image\" content=\"https:\/\/magmont.com\/wp-content\/uploads\/2025\/06\/Pack-Acelerador-cianofix.png\" \/>\n\t<meta property=\"og:image:width\" content=\"600\" \/>\n\t<meta property=\"og:image:height\" content=\"600\" \/>\n\t<meta property=\"og:image:type\" content=\"image\/png\" \/>\n<meta name=\"twitter:label1\" content=\"Temps estimat de lectura\" \/>\n\t<meta name=\"twitter:data1\" content=\"1 minut\" \/>\n<script type=\"application\/ld+json\" class=\"yoast-schema-graph\">{\"@context\":\"https:\/\/schema.org\",\"@graph\":[{\"@type\":\"WebPage\",\"@id\":\"https:\/\/magmont.com\/ca\/producto\/activador-anaerobic\/\",\"url\":\"https:\/\/magmont.com\/ca\/producto\/activador-anaerobic\/\",\"name\":\"Activador Anaer\u00f2bic - MAGMONT | Castell Universal | Adhesivos de cianocrilato en distintos formatos\",\"isPartOf\":{\"@id\":\"https:\/\/magmont.com\/#website\"},\"primaryImageOfPage\":{\"@id\":\"https:\/\/magmont.com\/ca\/producto\/activador-anaerobic\/#primaryimage\"},\"image\":{\"@id\":\"https:\/\/magmont.com\/ca\/producto\/activador-anaerobic\/#primaryimage\"},\"thumbnailUrl\":\"https:\/\/magmont.com\/wp-content\/uploads\/2025\/06\/Pack-Acelerador-cianofix.png\",\"datePublished\":\"2025-06-16T08:13:23+00:00\",\"dateModified\":\"2025-08-11T11:05:15+00:00\",\"description\":\"Adhesiu de contacte d'alta resist\u00e8ncia per a unions duradores de m\u00faltiples materials. Ideal per a fusta, cautx\u00fa, metalls, cuir i m\u00e9s.\",\"breadcrumb\":{\"@id\":\"https:\/\/magmont.com\/ca\/producto\/activador-anaerobic\/#breadcrumb\"},\"inLanguage\":\"ca\",\"potentialAction\":[{\"@type\":\"ReadAction\",\"target\":[\"https:\/\/magmont.com\/ca\/producto\/activador-anaerobic\/\"]}]},{\"@type\":\"ImageObject\",\"inLanguage\":\"ca\",\"@id\":\"https:\/\/magmont.com\/ca\/producto\/activador-anaerobic\/#primaryimage\",\"url\":\"https:\/\/magmont.com\/wp-content\/uploads\/2025\/06\/Pack-Acelerador-cianofix.png\",\"contentUrl\":\"https:\/\/magmont.com\/wp-content\/uploads\/2025\/06\/Pack-Acelerador-cianofix.png\",\"width\":600,\"height\":600,\"caption\":\"cianofix\"},{\"@type\":\"BreadcrumbList\",\"@id\":\"https:\/\/magmont.com\/ca\/producto\/activador-anaerobic\/#breadcrumb\",\"itemListElement\":[{\"@type\":\"ListItem\",\"position\":1,\"name\":\"Portada\",\"item\":\"https:\/\/magmont.com\/\"},{\"@type\":\"ListItem\",\"position\":2,\"name\":\"PRODUCTOS\",\"item\":\"https:\/\/magmont.com\/productos\/\"},{\"@type\":\"ListItem\",\"position\":3,\"name\":\"Activador Anaer\u00f2bic\"}]},{\"@type\":\"WebSite\",\"@id\":\"https:\/\/magmont.com\/#website\",\"url\":\"https:\/\/magmont.com\/\",\"name\":\"MAGMONT | Castell Universal | Adhesivos de cianocrilato en distintos formatos\",\"description\":\"Fabricantes de adhesivos de cianocrilato, adhesivos termoconductores, fija tuercas, sellador en pasta y recubrimientos anti manipulaci\u00f3n. Servicio y Calidad, unas de las principales prioridades con m\u00e1s de 15 a\u00f1os de experiencia\",\"publisher\":{\"@id\":\"https:\/\/magmont.com\/#organization\"},\"alternateName\":\"Castell Universal\",\"potentialAction\":[{\"@type\":\"SearchAction\",\"target\":{\"@type\":\"EntryPoint\",\"urlTemplate\":\"https:\/\/magmont.com\/?s={search_term_string}\"},\"query-input\":{\"@type\":\"PropertyValueSpecification\",\"valueRequired\":true,\"valueName\":\"search_term_string\"}}],\"inLanguage\":\"ca\"},{\"@type\":\"Organization\",\"@id\":\"https:\/\/magmont.com\/#organization\",\"name\":\"MAGMONT | Castell Universal | Adhesivos de cianocrilato en distintos formatos\",\"url\":\"https:\/\/magmont.com\/\",\"logo\":{\"@type\":\"ImageObject\",\"inLanguage\":\"ca\",\"@id\":\"https:\/\/magmont.com\/#\/schema\/logo\/image\/\",\"url\":\"https:\/\/magmont.com\/wp-content\/uploads\/2024\/06\/logo2.png\",\"contentUrl\":\"https:\/\/magmont.com\/wp-content\/uploads\/2024\/06\/logo2.png\",\"width\":536,\"height\":162,\"caption\":\"MAGMONT | Castell Universal | Adhesivos de cianocrilato en distintos formatos\"},\"image\":{\"@id\":\"https:\/\/magmont.com\/#\/schema\/logo\/image\/\"},\"sameAs\":[\"https:\/\/www.instagram.com\/adhesivosmagmont\/\",\"https:\/\/es.linkedin.com\/in\/magmont-adhesives\"]}]}<\/script>\n<!-- \/ Yoast SEO plugin. -->","yoast_head_json":{"title":"Activador Anaer\u00f2bic - MAGMONT | Castell Universal | Adhesivos de cianocrilato en distintos formatos","description":"Adhesiu de contacte d'alta resist\u00e8ncia per a unions duradores de m\u00faltiples materials. Ideal per a fusta, cautx\u00fa, metalls, cuir i m\u00e9s.","robots":{"index":"index","follow":"follow","max-snippet":"max-snippet:-1","max-image-preview":"max-image-preview:large","max-video-preview":"max-video-preview:-1"},"canonical":"https:\/\/magmont.com\/ca\/producto\/activador-anaerobic\/","og_locale":"ca_ES","og_type":"article","og_title":"Activador Anaer\u00f2bic - MAGMONT | Castell Universal | Adhesivos de cianocrilato en distintos formatos","og_description":"Adhesiu de contacte d'alta resist\u00e8ncia per a unions duradores de m\u00faltiples materials. Ideal per a fusta, cautx\u00fa, metalls, cuir i m\u00e9s.","og_url":"https:\/\/magmont.com\/ca\/producto\/activador-anaerobic\/","og_site_name":"MAGMONT | Castell Universal | Adhesivos de cianocrilato en distintos formatos","article_modified_time":"2025-08-11T11:05:15+00:00","og_image":[{"width":600,"height":600,"url":"https:\/\/magmont.com\/wp-content\/uploads\/2025\/06\/Pack-Acelerador-cianofix.png","type":"image\/png"}],"twitter_misc":{"Temps estimat de lectura":"1 minut"},"schema":{"@context":"https:\/\/schema.org","@graph":[{"@type":"WebPage","@id":"https:\/\/magmont.com\/ca\/producto\/activador-anaerobic\/","url":"https:\/\/magmont.com\/ca\/producto\/activador-anaerobic\/","name":"Activador Anaer\u00f2bic - MAGMONT | Castell Universal | Adhesivos de cianocrilato en distintos formatos","isPartOf":{"@id":"https:\/\/magmont.com\/#website"},"primaryImageOfPage":{"@id":"https:\/\/magmont.com\/ca\/producto\/activador-anaerobic\/#primaryimage"},"image":{"@id":"https:\/\/magmont.com\/ca\/producto\/activador-anaerobic\/#primaryimage"},"thumbnailUrl":"https:\/\/magmont.com\/wp-content\/uploads\/2025\/06\/Pack-Acelerador-cianofix.png","datePublished":"2025-06-16T08:13:23+00:00","dateModified":"2025-08-11T11:05:15+00:00","description":"Adhesiu de contacte d'alta resist\u00e8ncia per a unions duradores de m\u00faltiples materials. Ideal per a fusta, cautx\u00fa, metalls, cuir i m\u00e9s.","breadcrumb":{"@id":"https:\/\/magmont.com\/ca\/producto\/activador-anaerobic\/#breadcrumb"},"inLanguage":"ca","potentialAction":[{"@type":"ReadAction","target":["https:\/\/magmont.com\/ca\/producto\/activador-anaerobic\/"]}]},{"@type":"ImageObject","inLanguage":"ca","@id":"https:\/\/magmont.com\/ca\/producto\/activador-anaerobic\/#primaryimage","url":"https:\/\/magmont.com\/wp-content\/uploads\/2025\/06\/Pack-Acelerador-cianofix.png","contentUrl":"https:\/\/magmont.com\/wp-content\/uploads\/2025\/06\/Pack-Acelerador-cianofix.png","width":600,"height":600,"caption":"cianofix"},{"@type":"BreadcrumbList","@id":"https:\/\/magmont.com\/ca\/producto\/activador-anaerobic\/#breadcrumb","itemListElement":[{"@type":"ListItem","position":1,"name":"Portada","item":"https:\/\/magmont.com\/"},{"@type":"ListItem","position":2,"name":"PRODUCTOS","item":"https:\/\/magmont.com\/productos\/"},{"@type":"ListItem","position":3,"name":"Activador Anaer\u00f2bic"}]},{"@type":"WebSite","@id":"https:\/\/magmont.com\/#website","url":"https:\/\/magmont.com\/","name":"MAGMONT | Castell Universal | Adhesivos de cianocrilato en distintos formatos","description":"Fabricantes de adhesivos de cianocrilato, adhesivos termoconductores, fija tuercas, sellador en pasta y recubrimientos anti manipulaci\u00f3n. Servicio y Calidad, unas de las principales prioridades con m\u00e1s de 15 a\u00f1os de experiencia","publisher":{"@id":"https:\/\/magmont.com\/#organization"},"alternateName":"Castell Universal","potentialAction":[{"@type":"SearchAction","target":{"@type":"EntryPoint","urlTemplate":"https:\/\/magmont.com\/?s={search_term_string}"},"query-input":{"@type":"PropertyValueSpecification","valueRequired":true,"valueName":"search_term_string"}}],"inLanguage":"ca"},{"@type":"Organization","@id":"https:\/\/magmont.com\/#organization","name":"MAGMONT | Castell Universal | Adhesivos de cianocrilato en distintos formatos","url":"https:\/\/magmont.com\/","logo":{"@type":"ImageObject","inLanguage":"ca","@id":"https:\/\/magmont.com\/#\/schema\/logo\/image\/","url":"https:\/\/magmont.com\/wp-content\/uploads\/2024\/06\/logo2.png","contentUrl":"https:\/\/magmont.com\/wp-content\/uploads\/2024\/06\/logo2.png","width":536,"height":162,"caption":"MAGMONT | Castell Universal | Adhesivos de cianocrilato en distintos formatos"},"image":{"@id":"https:\/\/magmont.com\/#\/schema\/logo\/image\/"},"sameAs":["https:\/\/www.instagram.com\/adhesivosmagmont\/","https:\/\/es.linkedin.com\/in\/magmont-adhesives"]}]}},"_links":{"self":[{"href":"https:\/\/magmont.com\/ca\/wp-json\/wp\/v2\/product\/3955","targetHints":{"allow":["GET"]}}],"collection":[{"href":"https:\/\/magmont.com\/ca\/wp-json\/wp\/v2\/product"}],"about":[{"href":"https:\/\/magmont.com\/ca\/wp-json\/wp\/v2\/types\/product"}],"replies":[{"embeddable":true,"href":"https:\/\/magmont.com\/ca\/wp-json\/wp\/v2\/comments?post=3955"}],"wp:featuredmedia":[{"embeddable":true,"href":"https:\/\/magmont.com\/ca\/wp-json\/wp\/v2\/media\/3963"}],"wp:attachment":[{"href":"https:\/\/magmont.com\/ca\/wp-json\/wp\/v2\/media?parent=3955"}],"wp:term":[{"taxonomy":"product_brand","embeddable":true,"href":"https:\/\/magmont.com\/ca\/wp-json\/wp\/v2\/product_brand?post=3955"},{"taxonomy":"product_cat","embeddable":true,"href":"https:\/\/magmont.com\/ca\/wp-json\/wp\/v2\/product_cat?post=3955"},{"taxonomy":"product_tag","embeddable":true,"href":"https:\/\/magmont.com\/ca\/wp-json\/wp\/v2\/product_tag?post=3955"}],"curies":[{"name":"wp","href":"https:\/\/api.w.org\/{rel}","templated":true}]}}