{"id":3047,"date":"2024-04-29T14:21:16","date_gmt":"2024-04-29T14:21:16","guid":{"rendered":"https:\/\/magmont.com\/producto\/adhesivo-pvc-500-gr\/"},"modified":"2024-07-05T08:04:06","modified_gmt":"2024-07-05T08:04:06","slug":"pvc-adhesive-500-gr","status":"publish","type":"product","link":"https:\/\/magmont.com\/en\/producto\/pvc-adhesive-500-gr\/","title":{"rendered":"PVC Adhesive 500 gr"},"content":{"rendered":"[et_pb_section fb_built=&#8221;1&#8243; _builder_version=&#8221;4.24.2&#8243; background_color=&#8221;#FFFFFF&#8221; custom_padding=&#8221;0px||||false|false&#8221; global_colors_info=&#8221;{}&#8221;][et_pb_row _builder_version=&#8221;4.16&#8243; background_size=&#8221;initial&#8221; background_position=&#8221;top_left&#8221; background_repeat=&#8221;repeat&#8221; width=&#8221;100%&#8221; custom_padding=&#8221;0px||0px||false|false&#8221; global_colors_info=&#8221;{}&#8221;][et_pb_column type=&#8221;4_4&#8243; _builder_version=&#8221;4.16&#8243; custom_padding=&#8221;|||&#8221; global_colors_info=&#8221;{}&#8221; custom_padding__hover=&#8221;|||&#8221;][et_pb_wc_breadcrumb _builder_version=&#8221;4.16&#8243; global_colors_info=&#8221;{}&#8221;][\/et_pb_wc_breadcrumb][et_pb_wc_cart_notice _builder_version=&#8221;4.16&#8243; global_colors_info=&#8221;{}&#8221;][\/et_pb_wc_cart_notice][\/et_pb_column][\/et_pb_row][et_pb_row column_structure=&#8221;1_2,1_2&#8243; _builder_version=&#8221;4.16&#8243; background_size=&#8221;initial&#8221; background_position=&#8221;top_left&#8221; background_repeat=&#8221;repeat&#8221; width=&#8221;100%&#8221; custom_padding=&#8221;0px||||false|false&#8221; global_colors_info=&#8221;{}&#8221;][et_pb_column type=&#8221;1_2&#8243; _builder_version=&#8221;4.16&#8243; custom_padding=&#8221;|||&#8221; global_colors_info=&#8221;{}&#8221; custom_padding__hover=&#8221;|||&#8221;][et_pb_wc_images _builder_version=&#8221;4.16&#8243; global_colors_info=&#8221;{}&#8221;][\/et_pb_wc_images][\/et_pb_column][et_pb_column type=&#8221;1_2&#8243; _builder_version=&#8221;4.16&#8243; custom_padding=&#8221;|||&#8221; global_colors_info=&#8221;{}&#8221; custom_padding__hover=&#8221;|||&#8221;][et_pb_wc_title _builder_version=&#8221;4.16&#8243; global_colors_info=&#8221;{}&#8221;][\/et_pb_wc_title][et_pb_wc_rating _builder_version=&#8221;4.16&#8243; global_colors_info=&#8221;{}&#8221;][\/et_pb_wc_rating][et_pb_wc_price _builder_version=&#8221;4.16&#8243; global_colors_info=&#8221;{}&#8221;][\/et_pb_wc_price][et_pb_wc_description _builder_version=&#8221;4.16&#8243; global_colors_info=&#8221;{}&#8221;][\/et_pb_wc_description][et_pb_wc_add_to_cart _builder_version=&#8221;4.16&#8243; global_colors_info=&#8221;{}&#8221;][\/et_pb_wc_add_to_cart][et_pb_wc_tabs admin_label=&#8221;Pesta\u00f1as de productos Woo&#8221; _builder_version=&#8221;4.24.2&#8243; global_colors_info=&#8221;{}&#8221;] [\/et_pb_wc_tabs][et_pb_wc_meta _builder_version=&#8221;4.16&#8243; global_colors_info=&#8221;{}&#8221;][\/et_pb_wc_meta][\/et_pb_column][\/et_pb_row][et_pb_row _builder_version=&#8221;4.16&#8243; background_size=&#8221;initial&#8221; background_position=&#8221;top_left&#8221; background_repeat=&#8221;repeat&#8221; width=&#8221;100%&#8221; global_colors_info=&#8221;{}&#8221;][et_pb_column type=&#8221;4_4&#8243; _builder_version=&#8221;4.16&#8243; custom_padding=&#8221;|||&#8221; global_colors_info=&#8221;{}&#8221; custom_padding__hover=&#8221;|||&#8221;][et_pb_wc_upsells _builder_version=&#8221;4.16&#8243; global_colors_info=&#8221;{}&#8221;][\/et_pb_wc_upsells][et_pb_wc_related_products _builder_version=&#8221;4.16&#8243; global_colors_info=&#8221;{}&#8221;][\/et_pb_wc_related_products][\/et_pb_column][\/et_pb_row][et_pb_row _builder_version=&#8221;4.24.2&#8243; _module_preset=&#8221;default&#8221; global_colors_info=&#8221;{}&#8221;][et_pb_column type=&#8221;4_4&#8243; _builder_version=&#8221;4.24.2&#8243; _module_preset=&#8221;default&#8221; global_colors_info=&#8221;{}&#8221;][et_pb_code _builder_version=&#8221;4.24.2&#8243; _module_preset=&#8221;default&#8221; global_colors_info=&#8221;{}&#8221;]<span class=\"collapseomatic \" id=\"id69dc1564eb761\"  tabindex=\"0\" title=\"\"    ><\/span><div id=\"target-id69dc1564eb761\" class=\"collapseomatic_content \"><!-- [et_pb_line_break_holder] --><a href=\"https:\/\/masergrup.com\/\"><\/a><!-- [et_pb_line_break_holder] --><img alt=\"Adhesivo PVC\"><!-- [et_pb_line_break_holder] -->El adhesivo de PVC es un componente esencial en la instalaci\u00f3n y reparaci\u00f3n de tuber\u00edas y accesorios de PVC, ampliamente utilizado en sistemas de fontaner\u00eda, drenaje, ventilaci\u00f3n y muchas otras aplicaciones. Conocido tambi\u00e9n como cemento para PVC o pegamento para tuber\u00edas, este adhesivo proporciona una uni\u00f3n fuerte y duradera entre las piezas de PVC, garantizando la integridad y eficiencia del sistema.<!-- [et_pb_line_break_holder] --><!-- [et_pb_line_break_holder] -->Una de las caracter\u00edsticas m\u00e1s importantes del adhesivo de PVC es su capacidad para crear uniones herm\u00e9ticas y resistentes a la presi\u00f3n. Esto es esencial en aplicaciones de fontaner\u00eda y drenaje, donde la integridad del sistema depende de la estanqueidad de las conexiones. El adhesivo de PVC se funde qu\u00edmicamente con el material de las tuber\u00edas y accesorios de PVC, creando una uni\u00f3n s\u00f3lida que es resistente a fugas y garantiza un flujo continuo de l\u00edquidos o gases.<!-- [et_pb_line_break_holder] --><!-- [et_pb_line_break_holder] -->El proceso de aplicaci\u00f3n del adhesivo de PVC es relativamente sencillo pero requiere precisi\u00f3n y cuidado. Primero, se limpian y preparan las superficies de las tuber\u00edas y accesorios para eliminar cualquier suciedad, grasa o humedad. Luego, se aplica una capa uniforme de adhesivo tanto en el interior del accesorio como en el extremo de la tuber\u00eda. Despu\u00e9s de un breve tiempo de secado, las dos piezas se unen y se mantienen firmemente en su lugar hasta que el adhesivo haya curado por completo.<!-- [et_pb_line_break_holder] --><\/div><!-- [et_pb_line_break_holder] -->[\/et_pb_code][\/et_pb_column][\/et_pb_row][\/et_pb_section]\n","protected":false},"excerpt":{"rendered":"<p>This product is manufactured from a solvent dispersion with synthetic resins.<\/p>\n<ul>\n<li><strong>Aplication: <\/strong>Specially developed for gluing rigid PVC pipes and fittings. Recommended for: Sanitation Water and other liquid supplies. Irrigation systems Rigid PVC pipes for pressurized liquids.<\/li>\n<\/ul>\n<p><strong>Capacities available:<\/strong><\/p>\n<ul>\n<li>125gr<\/li>\n<li>250gr<\/li>\n<li>500gr<\/li>\n<li>1000gr<\/li>\n<\/ul>\n","protected":false},"featured_media":2705,"comment_status":"closed","ping_status":"closed","template":"","meta":{"_et_pb_use_builder":"on","_et_pb_old_content":"","_et_gb_content_width":""},"product_brand":[],"product_cat":[127],"product_tag":[],"class_list":{"0":"post-3047","1":"product","2":"type-product","3":"status-publish","4":"has-post-thumbnail","6":"product_cat-pvc-adhesive","8":"first","9":"instock","10":"shipping-taxable","11":"purchasable","12":"product-type-variable"},"yoast_head":"<!-- This site is optimized with the Yoast SEO plugin v26.7 - https:\/\/yoast.com\/wordpress\/plugins\/seo\/ -->\n<title>PVC Adhesive 500 gr - MAGMONT | Castell Universal | Adhesivos de cianocrilato en distintos formatos<\/title>\n<meta name=\"description\" content=\"PVC Adhesive 500 gr. Manufactured based on a solvent dispersion with synthetic resins. Gluing of rigid PVC pipes and fittings.\" \/>\n<meta name=\"robots\" content=\"index, follow, max-snippet:-1, max-image-preview:large, max-video-preview:-1\" \/>\n<link rel=\"canonical\" href=\"https:\/\/magmont.com\/producto\/adhesivo-pvc-500-gr\/\" \/>\n<meta property=\"og:locale\" content=\"en_US\" \/>\n<meta property=\"og:type\" content=\"article\" \/>\n<meta property=\"og:title\" content=\"PVC Adhesive 500 gr - MAGMONT | Castell Universal | Adhesivos de cianocrilato en distintos formatos\" \/>\n<meta property=\"og:description\" content=\"PVC Adhesive 500 gr. Manufactured based on a solvent dispersion with synthetic resins. Gluing of rigid PVC pipes and fittings.\" \/>\n<meta property=\"og:url\" content=\"https:\/\/magmont.com\/producto\/adhesivo-pvc-500-gr\/\" \/>\n<meta property=\"og:site_name\" content=\"MAGMONT | Castell Universal | Adhesivos de cianocrilato en distintos formatos\" \/>\n<meta property=\"article:modified_time\" content=\"2024-07-05T08:04:06+00:00\" \/>\n<meta property=\"og:image\" content=\"https:\/\/magmont.com\/wp-content\/uploads\/2024\/04\/500-1.jpg\" \/>\n\t<meta property=\"og:image:width\" content=\"1000\" \/>\n\t<meta property=\"og:image:height\" content=\"1000\" \/>\n\t<meta property=\"og:image:type\" content=\"image\/jpeg\" \/>\n<meta name=\"twitter:label1\" content=\"Est. reading time\" \/>\n\t<meta name=\"twitter:data1\" content=\"3 minutes\" \/>\n<script type=\"application\/ld+json\" class=\"yoast-schema-graph\">{\"@context\":\"https:\/\/schema.org\",\"@graph\":[{\"@type\":\"WebPage\",\"@id\":\"https:\/\/magmont.com\/producto\/adhesivo-pvc-500-gr\/\",\"url\":\"https:\/\/magmont.com\/producto\/adhesivo-pvc-500-gr\/\",\"name\":\"PVC Adhesive 500 gr - MAGMONT | Castell Universal | Adhesivos de cianocrilato en distintos formatos\",\"isPartOf\":{\"@id\":\"https:\/\/magmont.com\/#website\"},\"primaryImageOfPage\":{\"@id\":\"https:\/\/magmont.com\/producto\/adhesivo-pvc-500-gr\/#primaryimage\"},\"image\":{\"@id\":\"https:\/\/magmont.com\/producto\/adhesivo-pvc-500-gr\/#primaryimage\"},\"thumbnailUrl\":\"https:\/\/magmont.com\/wp-content\/uploads\/2024\/04\/500-1.jpg\",\"datePublished\":\"2024-04-29T14:21:16+00:00\",\"dateModified\":\"2024-07-05T08:04:06+00:00\",\"description\":\"PVC Adhesive 500 gr. Manufactured based on a solvent dispersion with synthetic resins. Gluing of rigid PVC pipes and fittings.\",\"breadcrumb\":{\"@id\":\"https:\/\/magmont.com\/producto\/adhesivo-pvc-500-gr\/#breadcrumb\"},\"inLanguage\":\"en-US\",\"potentialAction\":[{\"@type\":\"ReadAction\",\"target\":[\"https:\/\/magmont.com\/producto\/adhesivo-pvc-500-gr\/\"]}]},{\"@type\":\"ImageObject\",\"inLanguage\":\"en-US\",\"@id\":\"https:\/\/magmont.com\/producto\/adhesivo-pvc-500-gr\/#primaryimage\",\"url\":\"https:\/\/magmont.com\/wp-content\/uploads\/2024\/04\/500-1.jpg\",\"contentUrl\":\"https:\/\/magmont.com\/wp-content\/uploads\/2024\/04\/500-1.jpg\",\"width\":1000,\"height\":1000},{\"@type\":\"BreadcrumbList\",\"@id\":\"https:\/\/magmont.com\/producto\/adhesivo-pvc-500-gr\/#breadcrumb\",\"itemListElement\":[{\"@type\":\"ListItem\",\"position\":1,\"name\":\"Portada\",\"item\":\"https:\/\/magmont.com\/\"},{\"@type\":\"ListItem\",\"position\":2,\"name\":\"PRODUCTOS\",\"item\":\"https:\/\/magmont.com\/productos\/\"},{\"@type\":\"ListItem\",\"position\":3,\"name\":\"PVC Adhesive 500 gr\"}]},{\"@type\":\"WebSite\",\"@id\":\"https:\/\/magmont.com\/#website\",\"url\":\"https:\/\/magmont.com\/\",\"name\":\"MAGMONT | Castell Universal | Adhesivos de cianocrilato en distintos formatos\",\"description\":\"Fabricantes de adhesivos de cianocrilato, adhesivos termoconductores, fija tuercas, sellador en pasta y recubrimientos anti manipulaci\u00f3n. Servicio y Calidad, unas de las principales prioridades con m\u00e1s de 15 a\u00f1os de experiencia\",\"publisher\":{\"@id\":\"https:\/\/magmont.com\/#organization\"},\"alternateName\":\"Castell Universal\",\"potentialAction\":[{\"@type\":\"SearchAction\",\"target\":{\"@type\":\"EntryPoint\",\"urlTemplate\":\"https:\/\/magmont.com\/?s={search_term_string}\"},\"query-input\":{\"@type\":\"PropertyValueSpecification\",\"valueRequired\":true,\"valueName\":\"search_term_string\"}}],\"inLanguage\":\"en-US\"},{\"@type\":\"Organization\",\"@id\":\"https:\/\/magmont.com\/#organization\",\"name\":\"MAGMONT | Castell Universal | Adhesivos de cianocrilato en distintos formatos\",\"url\":\"https:\/\/magmont.com\/\",\"logo\":{\"@type\":\"ImageObject\",\"inLanguage\":\"en-US\",\"@id\":\"https:\/\/magmont.com\/#\/schema\/logo\/image\/\",\"url\":\"https:\/\/magmont.com\/wp-content\/uploads\/2024\/06\/logo2.png\",\"contentUrl\":\"https:\/\/magmont.com\/wp-content\/uploads\/2024\/06\/logo2.png\",\"width\":536,\"height\":162,\"caption\":\"MAGMONT | Castell Universal | Adhesivos de cianocrilato en distintos formatos\"},\"image\":{\"@id\":\"https:\/\/magmont.com\/#\/schema\/logo\/image\/\"},\"sameAs\":[\"https:\/\/www.instagram.com\/adhesivosmagmont\/\",\"https:\/\/es.linkedin.com\/in\/magmont-adhesives\"]}]}<\/script>\n<!-- \/ Yoast SEO plugin. -->","yoast_head_json":{"title":"PVC Adhesive 500 gr - MAGMONT | Castell Universal | Adhesivos de cianocrilato en distintos formatos","description":"PVC Adhesive 500 gr. Manufactured based on a solvent dispersion with synthetic resins. Gluing of rigid PVC pipes and fittings.","robots":{"index":"index","follow":"follow","max-snippet":"max-snippet:-1","max-image-preview":"max-image-preview:large","max-video-preview":"max-video-preview:-1"},"canonical":"https:\/\/magmont.com\/producto\/adhesivo-pvc-500-gr\/","og_locale":"en_US","og_type":"article","og_title":"PVC Adhesive 500 gr - MAGMONT | Castell Universal | Adhesivos de cianocrilato en distintos formatos","og_description":"PVC Adhesive 500 gr. Manufactured based on a solvent dispersion with synthetic resins. Gluing of rigid PVC pipes and fittings.","og_url":"https:\/\/magmont.com\/producto\/adhesivo-pvc-500-gr\/","og_site_name":"MAGMONT | Castell Universal | Adhesivos de cianocrilato en distintos formatos","article_modified_time":"2024-07-05T08:04:06+00:00","og_image":[{"width":1000,"height":1000,"url":"https:\/\/magmont.com\/wp-content\/uploads\/2024\/04\/500-1.jpg","type":"image\/jpeg"}],"twitter_misc":{"Est. reading time":"3 minutes"},"schema":{"@context":"https:\/\/schema.org","@graph":[{"@type":"WebPage","@id":"https:\/\/magmont.com\/producto\/adhesivo-pvc-500-gr\/","url":"https:\/\/magmont.com\/producto\/adhesivo-pvc-500-gr\/","name":"PVC Adhesive 500 gr - MAGMONT | Castell Universal | Adhesivos de cianocrilato en distintos formatos","isPartOf":{"@id":"https:\/\/magmont.com\/#website"},"primaryImageOfPage":{"@id":"https:\/\/magmont.com\/producto\/adhesivo-pvc-500-gr\/#primaryimage"},"image":{"@id":"https:\/\/magmont.com\/producto\/adhesivo-pvc-500-gr\/#primaryimage"},"thumbnailUrl":"https:\/\/magmont.com\/wp-content\/uploads\/2024\/04\/500-1.jpg","datePublished":"2024-04-29T14:21:16+00:00","dateModified":"2024-07-05T08:04:06+00:00","description":"PVC Adhesive 500 gr. Manufactured based on a solvent dispersion with synthetic resins. Gluing of rigid PVC pipes and fittings.","breadcrumb":{"@id":"https:\/\/magmont.com\/producto\/adhesivo-pvc-500-gr\/#breadcrumb"},"inLanguage":"en-US","potentialAction":[{"@type":"ReadAction","target":["https:\/\/magmont.com\/producto\/adhesivo-pvc-500-gr\/"]}]},{"@type":"ImageObject","inLanguage":"en-US","@id":"https:\/\/magmont.com\/producto\/adhesivo-pvc-500-gr\/#primaryimage","url":"https:\/\/magmont.com\/wp-content\/uploads\/2024\/04\/500-1.jpg","contentUrl":"https:\/\/magmont.com\/wp-content\/uploads\/2024\/04\/500-1.jpg","width":1000,"height":1000},{"@type":"BreadcrumbList","@id":"https:\/\/magmont.com\/producto\/adhesivo-pvc-500-gr\/#breadcrumb","itemListElement":[{"@type":"ListItem","position":1,"name":"Portada","item":"https:\/\/magmont.com\/"},{"@type":"ListItem","position":2,"name":"PRODUCTOS","item":"https:\/\/magmont.com\/productos\/"},{"@type":"ListItem","position":3,"name":"PVC Adhesive 500 gr"}]},{"@type":"WebSite","@id":"https:\/\/magmont.com\/#website","url":"https:\/\/magmont.com\/","name":"MAGMONT | Castell Universal | Adhesivos de cianocrilato en distintos formatos","description":"Fabricantes de adhesivos de cianocrilato, adhesivos termoconductores, fija tuercas, sellador en pasta y recubrimientos anti manipulaci\u00f3n. Servicio y Calidad, unas de las principales prioridades con m\u00e1s de 15 a\u00f1os de experiencia","publisher":{"@id":"https:\/\/magmont.com\/#organization"},"alternateName":"Castell Universal","potentialAction":[{"@type":"SearchAction","target":{"@type":"EntryPoint","urlTemplate":"https:\/\/magmont.com\/?s={search_term_string}"},"query-input":{"@type":"PropertyValueSpecification","valueRequired":true,"valueName":"search_term_string"}}],"inLanguage":"en-US"},{"@type":"Organization","@id":"https:\/\/magmont.com\/#organization","name":"MAGMONT | Castell Universal | Adhesivos de cianocrilato en distintos formatos","url":"https:\/\/magmont.com\/","logo":{"@type":"ImageObject","inLanguage":"en-US","@id":"https:\/\/magmont.com\/#\/schema\/logo\/image\/","url":"https:\/\/magmont.com\/wp-content\/uploads\/2024\/06\/logo2.png","contentUrl":"https:\/\/magmont.com\/wp-content\/uploads\/2024\/06\/logo2.png","width":536,"height":162,"caption":"MAGMONT | Castell Universal | Adhesivos de cianocrilato en distintos formatos"},"image":{"@id":"https:\/\/magmont.com\/#\/schema\/logo\/image\/"},"sameAs":["https:\/\/www.instagram.com\/adhesivosmagmont\/","https:\/\/es.linkedin.com\/in\/magmont-adhesives"]}]}},"_links":{"self":[{"href":"https:\/\/magmont.com\/en\/wp-json\/wp\/v2\/product\/3047","targetHints":{"allow":["GET"]}}],"collection":[{"href":"https:\/\/magmont.com\/en\/wp-json\/wp\/v2\/product"}],"about":[{"href":"https:\/\/magmont.com\/en\/wp-json\/wp\/v2\/types\/product"}],"replies":[{"embeddable":true,"href":"https:\/\/magmont.com\/en\/wp-json\/wp\/v2\/comments?post=3047"}],"wp:featuredmedia":[{"embeddable":true,"href":"https:\/\/magmont.com\/en\/wp-json\/wp\/v2\/media\/2705"}],"wp:attachment":[{"href":"https:\/\/magmont.com\/en\/wp-json\/wp\/v2\/media?parent=3047"}],"wp:term":[{"taxonomy":"product_brand","embeddable":true,"href":"https:\/\/magmont.com\/en\/wp-json\/wp\/v2\/product_brand?post=3047"},{"taxonomy":"product_cat","embeddable":true,"href":"https:\/\/magmont.com\/en\/wp-json\/wp\/v2\/product_cat?post=3047"},{"taxonomy":"product_tag","embeddable":true,"href":"https:\/\/magmont.com\/en\/wp-json\/wp\/v2\/product_tag?post=3047"}],"curies":[{"name":"wp","href":"https:\/\/api.w.org\/{rel}","templated":true}]}}