{"id":3090,"date":"2024-03-07T07:36:40","date_gmt":"2024-03-07T07:36:40","guid":{"rendered":"https:\/\/magmont.com\/producto\/cianoflex\/"},"modified":"2024-07-05T07:25:48","modified_gmt":"2024-07-05T07:25:48","slug":"cianoflex","status":"publish","type":"product","link":"https:\/\/magmont.com\/en\/producto\/cianoflex\/","title":{"rendered":"Cianoflex"},"content":{"rendered":"[et_pb_section fb_built=&#8221;1&#8243; _builder_version=&#8221;4.24.2&#8243; background_color=&#8221;#FFFFFF&#8221; custom_padding=&#8221;0px||||false|false&#8221; global_colors_info=&#8221;{}&#8221;][et_pb_row _builder_version=&#8221;4.16&#8243; background_size=&#8221;initial&#8221; background_position=&#8221;top_left&#8221; background_repeat=&#8221;repeat&#8221; width=&#8221;100%&#8221; custom_padding=&#8221;0px||0px||false|false&#8221; global_colors_info=&#8221;{}&#8221;][et_pb_column type=&#8221;4_4&#8243; _builder_version=&#8221;4.16&#8243; custom_padding=&#8221;|||&#8221; global_colors_info=&#8221;{}&#8221; custom_padding__hover=&#8221;|||&#8221;][et_pb_wc_breadcrumb _builder_version=&#8221;4.16&#8243; global_colors_info=&#8221;{}&#8221;][\/et_pb_wc_breadcrumb][et_pb_wc_cart_notice _builder_version=&#8221;4.16&#8243; global_colors_info=&#8221;{}&#8221;][\/et_pb_wc_cart_notice][\/et_pb_column][\/et_pb_row][et_pb_row column_structure=&#8221;1_2,1_2&#8243; _builder_version=&#8221;4.16&#8243; background_size=&#8221;initial&#8221; background_position=&#8221;top_left&#8221; background_repeat=&#8221;repeat&#8221; width=&#8221;100%&#8221; custom_padding=&#8221;0px||||false|false&#8221; global_colors_info=&#8221;{}&#8221;][et_pb_column type=&#8221;1_2&#8243; _builder_version=&#8221;4.16&#8243; custom_padding=&#8221;|||&#8221; global_colors_info=&#8221;{}&#8221; custom_padding__hover=&#8221;|||&#8221;][et_pb_wc_images _builder_version=&#8221;4.16&#8243; global_colors_info=&#8221;{}&#8221;][\/et_pb_wc_images][\/et_pb_column][et_pb_column type=&#8221;1_2&#8243; _builder_version=&#8221;4.16&#8243; custom_padding=&#8221;|||&#8221; global_colors_info=&#8221;{}&#8221; custom_padding__hover=&#8221;|||&#8221;][et_pb_wc_title _builder_version=&#8221;4.16&#8243; global_colors_info=&#8221;{}&#8221;][\/et_pb_wc_title][et_pb_wc_rating _builder_version=&#8221;4.16&#8243; global_colors_info=&#8221;{}&#8221;][\/et_pb_wc_rating][et_pb_wc_price _builder_version=&#8221;4.16&#8243; global_colors_info=&#8221;{}&#8221;][\/et_pb_wc_price][et_pb_wc_description _builder_version=&#8221;4.16&#8243; global_colors_info=&#8221;{}&#8221;][\/et_pb_wc_description][et_pb_wc_add_to_cart _builder_version=&#8221;4.16&#8243; global_colors_info=&#8221;{}&#8221;][\/et_pb_wc_add_to_cart][et_pb_wc_tabs admin_label=&#8221;Pesta\u00f1as de productos Woo&#8221; _builder_version=&#8221;4.24.2&#8243; global_colors_info=&#8221;{}&#8221;]\t\t\t\t\t[\/et_pb_wc_tabs][et_pb_wc_meta _builder_version=&#8221;4.16&#8243; global_colors_info=&#8221;{}&#8221;][\/et_pb_wc_meta][\/et_pb_column][\/et_pb_row][et_pb_row _builder_version=&#8221;4.16&#8243; background_size=&#8221;initial&#8221; background_position=&#8221;top_left&#8221; background_repeat=&#8221;repeat&#8221; width=&#8221;100%&#8221; global_colors_info=&#8221;{}&#8221;][et_pb_column type=&#8221;4_4&#8243; _builder_version=&#8221;4.16&#8243; custom_padding=&#8221;|||&#8221; global_colors_info=&#8221;{}&#8221; custom_padding__hover=&#8221;|||&#8221;][et_pb_wc_upsells _builder_version=&#8221;4.16&#8243; global_colors_info=&#8221;{}&#8221;][\/et_pb_wc_upsells][et_pb_wc_related_products _builder_version=&#8221;4.16&#8243; global_colors_info=&#8221;{}&#8221;][\/et_pb_wc_related_products][\/et_pb_column][\/et_pb_row][et_pb_row _builder_version=&#8221;4.24.2&#8243; _module_preset=&#8221;default&#8221; global_colors_info=&#8221;{}&#8221;][et_pb_column type=&#8221;4_4&#8243; _builder_version=&#8221;4.24.2&#8243; _module_preset=&#8221;default&#8221; global_colors_info=&#8221;{}&#8221;][et_pb_code _builder_version=&#8221;4.24.2&#8243; _module_preset=&#8221;default&#8221; global_colors_info=&#8221;{}&#8221;]<span class=\"collapseomatic \" id=\"id69d28f7617243\"  tabindex=\"0\" title=\"\"    ><\/span><div id=\"target-id69d28f7617243\" class=\"collapseomatic_content \"><!-- [et_pb_line_break_holder] --><a href=\"https:\/\/masergrup.com\/\"><\/a><!-- [et_pb_line_break_holder] --><img alt=\"cianoflex\"><!-- [et_pb_line_break_holder] -->Cianoflex es un adhesivo de cianoacrilato de alta calidad utilizado en una variedad de aplicaciones industriales, comerciales y dom\u00e9sticas. Conocido por su fuerza de uni\u00f3n r\u00e1pida y duradera, Cianoflex es una soluci\u00f3n vers\u00e1til para pegar una amplia gama de materiales, desde pl\u00e1sticos y metales hasta madera y cer\u00e1mica.<!-- [et_pb_line_break_holder] --><!-- [et_pb_line_break_holder] -->Una de las caracter\u00edsticas m\u00e1s destacadas de Cianoflex es su capacidad para unir superficies en segundos. Su f\u00f3rmula de cianoacrilato de secado r\u00e1pido permite una uni\u00f3n instant\u00e1nea al entrar en contacto con las superficies. Esto lo convierte en una opci\u00f3n ideal para reparaciones r\u00e1pidas y proyectos de bricolaje donde se requiere una fijaci\u00f3n r\u00e1pida y eficiente.<!-- [et_pb_line_break_holder] --><!-- [et_pb_line_break_holder] -->Cianoflex es f\u00e1cil de aplicar gracias a su pr\u00e1ctico envase que permite una dosificaci\u00f3n precisa. Se aplica una fina capa del adhesivo en una de las superficies a unir, y luego se presionan las partes juntas durante unos segundos para lograr una uni\u00f3n fuerte y duradera. Es importante asegurarse de que las superficies est\u00e9n limpias y libres de grasa para garantizar una adhesi\u00f3n \u00f3ptima.<!-- [et_pb_line_break_holder] --><!-- [et_pb_line_break_holder] -->Este adhesivo es conocido por su resistencia a diferentes condiciones ambientales, incluyendo temperaturas extremas, vibraciones y humedad. Proporciona una uni\u00f3n duradera que puede soportar tensiones y condiciones adversas, lo que lo hace adecuado para una amplia variedad de aplicaciones en interiores y exteriores.<!-- [et_pb_line_break_holder] --><!-- [et_pb_line_break_holder] --><!-- [et_pb_line_break_holder] --><\/div><!-- [et_pb_line_break_holder] -->[\/et_pb_code][\/et_pb_column][\/et_pb_row][\/et_pb_section]\n","protected":false},"excerpt":{"rendered":"<p>Latest generation flexible cyanoacrylate without danger pictograms and flexible.<\/p>\n<ul>\n<li><strong>Application:<\/strong> Fast and strong adhesion to a wide range of metals, plastics and rubbers. Porous or acidic materials, wood, paper and leather factories.<\/li>\n<\/ul>\n<p><strong>Capacities available:<\/strong><\/p>\n<ul>\n<li>10gr<\/li>\n<li>20gr<\/li>\n<li>50gr<\/li>\n<\/ul>\n","protected":false},"featured_media":2593,"comment_status":"closed","ping_status":"closed","template":"","meta":{"_et_pb_use_builder":"on","_et_pb_old_content":"","_et_gb_content_width":""},"product_brand":[],"product_cat":[131],"product_tag":[],"class_list":{"0":"post-3090","1":"product","2":"type-product","3":"status-publish","4":"has-post-thumbnail","6":"product_cat-cianocrylate","8":"first","9":"instock","10":"shipping-taxable","11":"purchasable","12":"product-type-variable"},"yoast_head":"<!-- This site is optimized with the Yoast SEO plugin v26.7 - https:\/\/yoast.com\/wordpress\/plugins\/seo\/ -->\n<title>Cianoflex - MAGMONT | Castell Universal | Adhesivos de cianocrilato en distintos formatos<\/title>\n<meta name=\"description\" content=\"Cianoflex. Latest generation cyanoacrylate. Fast and strong adhesion to a wide range of different metals, plastics and rubbers.\" \/>\n<meta name=\"robots\" content=\"index, follow, max-snippet:-1, max-image-preview:large, max-video-preview:-1\" \/>\n<link rel=\"canonical\" href=\"https:\/\/magmont.com\/en\/producto\/cianoflex\/\" \/>\n<meta property=\"og:locale\" content=\"en_US\" \/>\n<meta property=\"og:type\" content=\"article\" \/>\n<meta property=\"og:title\" content=\"Cianoflex - MAGMONT | Castell Universal | Adhesivos de cianocrilato en distintos formatos\" \/>\n<meta property=\"og:description\" content=\"Cianoflex. Latest generation cyanoacrylate. Fast and strong adhesion to a wide range of different metals, plastics and rubbers.\" \/>\n<meta property=\"og:url\" content=\"https:\/\/magmont.com\/en\/producto\/cianoflex\/\" \/>\n<meta property=\"og:site_name\" content=\"MAGMONT | Castell Universal | Adhesivos de cianocrilato en distintos formatos\" \/>\n<meta property=\"article:modified_time\" content=\"2024-07-05T07:25:48+00:00\" \/>\n<meta property=\"og:image\" content=\"https:\/\/magmont.com\/wp-content\/uploads\/2024\/03\/cianoflex.jpg\" \/>\n\t<meta property=\"og:image:width\" content=\"1000\" \/>\n\t<meta property=\"og:image:height\" content=\"1000\" \/>\n\t<meta property=\"og:image:type\" content=\"image\/jpeg\" \/>\n<meta name=\"twitter:label1\" content=\"Est. reading time\" \/>\n\t<meta name=\"twitter:data1\" content=\"2 minutes\" \/>\n<script type=\"application\/ld+json\" class=\"yoast-schema-graph\">{\"@context\":\"https:\/\/schema.org\",\"@graph\":[{\"@type\":\"WebPage\",\"@id\":\"https:\/\/magmont.com\/en\/producto\/cianoflex\/\",\"url\":\"https:\/\/magmont.com\/en\/producto\/cianoflex\/\",\"name\":\"Cianoflex - MAGMONT | Castell Universal | Adhesivos de cianocrilato en distintos formatos\",\"isPartOf\":{\"@id\":\"https:\/\/magmont.com\/#website\"},\"primaryImageOfPage\":{\"@id\":\"https:\/\/magmont.com\/en\/producto\/cianoflex\/#primaryimage\"},\"image\":{\"@id\":\"https:\/\/magmont.com\/en\/producto\/cianoflex\/#primaryimage\"},\"thumbnailUrl\":\"https:\/\/magmont.com\/wp-content\/uploads\/2024\/03\/cianoflex.jpg\",\"datePublished\":\"2024-03-07T07:36:40+00:00\",\"dateModified\":\"2024-07-05T07:25:48+00:00\",\"description\":\"Cianoflex. Latest generation cyanoacrylate. Fast and strong adhesion to a wide range of different metals, plastics and rubbers.\",\"breadcrumb\":{\"@id\":\"https:\/\/magmont.com\/en\/producto\/cianoflex\/#breadcrumb\"},\"inLanguage\":\"en-US\",\"potentialAction\":[{\"@type\":\"ReadAction\",\"target\":[\"https:\/\/magmont.com\/en\/producto\/cianoflex\/\"]}]},{\"@type\":\"ImageObject\",\"inLanguage\":\"en-US\",\"@id\":\"https:\/\/magmont.com\/en\/producto\/cianoflex\/#primaryimage\",\"url\":\"https:\/\/magmont.com\/wp-content\/uploads\/2024\/03\/cianoflex.jpg\",\"contentUrl\":\"https:\/\/magmont.com\/wp-content\/uploads\/2024\/03\/cianoflex.jpg\",\"width\":1000,\"height\":1000},{\"@type\":\"BreadcrumbList\",\"@id\":\"https:\/\/magmont.com\/en\/producto\/cianoflex\/#breadcrumb\",\"itemListElement\":[{\"@type\":\"ListItem\",\"position\":1,\"name\":\"Portada\",\"item\":\"https:\/\/magmont.com\/\"},{\"@type\":\"ListItem\",\"position\":2,\"name\":\"PRODUCTOS\",\"item\":\"https:\/\/magmont.com\/productos\/\"},{\"@type\":\"ListItem\",\"position\":3,\"name\":\"Cianoflex\"}]},{\"@type\":\"WebSite\",\"@id\":\"https:\/\/magmont.com\/#website\",\"url\":\"https:\/\/magmont.com\/\",\"name\":\"MAGMONT | Castell Universal | Adhesivos de cianocrilato en distintos formatos\",\"description\":\"Fabricantes de adhesivos de cianocrilato, adhesivos termoconductores, fija tuercas, sellador en pasta y recubrimientos anti manipulaci\u00f3n. Servicio y Calidad, unas de las principales prioridades con m\u00e1s de 15 a\u00f1os de experiencia\",\"publisher\":{\"@id\":\"https:\/\/magmont.com\/#organization\"},\"alternateName\":\"Castell Universal\",\"potentialAction\":[{\"@type\":\"SearchAction\",\"target\":{\"@type\":\"EntryPoint\",\"urlTemplate\":\"https:\/\/magmont.com\/?s={search_term_string}\"},\"query-input\":{\"@type\":\"PropertyValueSpecification\",\"valueRequired\":true,\"valueName\":\"search_term_string\"}}],\"inLanguage\":\"en-US\"},{\"@type\":\"Organization\",\"@id\":\"https:\/\/magmont.com\/#organization\",\"name\":\"MAGMONT | Castell Universal | Adhesivos de cianocrilato en distintos formatos\",\"url\":\"https:\/\/magmont.com\/\",\"logo\":{\"@type\":\"ImageObject\",\"inLanguage\":\"en-US\",\"@id\":\"https:\/\/magmont.com\/#\/schema\/logo\/image\/\",\"url\":\"https:\/\/magmont.com\/wp-content\/uploads\/2024\/06\/logo2.png\",\"contentUrl\":\"https:\/\/magmont.com\/wp-content\/uploads\/2024\/06\/logo2.png\",\"width\":536,\"height\":162,\"caption\":\"MAGMONT | Castell Universal | Adhesivos de cianocrilato en distintos formatos\"},\"image\":{\"@id\":\"https:\/\/magmont.com\/#\/schema\/logo\/image\/\"},\"sameAs\":[\"https:\/\/www.instagram.com\/adhesivosmagmont\/\",\"https:\/\/es.linkedin.com\/in\/magmont-adhesives\"]}]}<\/script>\n<!-- \/ Yoast SEO plugin. -->","yoast_head_json":{"title":"Cianoflex - MAGMONT | Castell Universal | Adhesivos de cianocrilato en distintos formatos","description":"Cianoflex. Latest generation cyanoacrylate. Fast and strong adhesion to a wide range of different metals, plastics and rubbers.","robots":{"index":"index","follow":"follow","max-snippet":"max-snippet:-1","max-image-preview":"max-image-preview:large","max-video-preview":"max-video-preview:-1"},"canonical":"https:\/\/magmont.com\/en\/producto\/cianoflex\/","og_locale":"en_US","og_type":"article","og_title":"Cianoflex - MAGMONT | Castell Universal | Adhesivos de cianocrilato en distintos formatos","og_description":"Cianoflex. Latest generation cyanoacrylate. Fast and strong adhesion to a wide range of different metals, plastics and rubbers.","og_url":"https:\/\/magmont.com\/en\/producto\/cianoflex\/","og_site_name":"MAGMONT | Castell Universal | Adhesivos de cianocrilato en distintos formatos","article_modified_time":"2024-07-05T07:25:48+00:00","og_image":[{"width":1000,"height":1000,"url":"https:\/\/magmont.com\/wp-content\/uploads\/2024\/03\/cianoflex.jpg","type":"image\/jpeg"}],"twitter_misc":{"Est. reading time":"2 minutes"},"schema":{"@context":"https:\/\/schema.org","@graph":[{"@type":"WebPage","@id":"https:\/\/magmont.com\/en\/producto\/cianoflex\/","url":"https:\/\/magmont.com\/en\/producto\/cianoflex\/","name":"Cianoflex - MAGMONT | Castell Universal | Adhesivos de cianocrilato en distintos formatos","isPartOf":{"@id":"https:\/\/magmont.com\/#website"},"primaryImageOfPage":{"@id":"https:\/\/magmont.com\/en\/producto\/cianoflex\/#primaryimage"},"image":{"@id":"https:\/\/magmont.com\/en\/producto\/cianoflex\/#primaryimage"},"thumbnailUrl":"https:\/\/magmont.com\/wp-content\/uploads\/2024\/03\/cianoflex.jpg","datePublished":"2024-03-07T07:36:40+00:00","dateModified":"2024-07-05T07:25:48+00:00","description":"Cianoflex. Latest generation cyanoacrylate. Fast and strong adhesion to a wide range of different metals, plastics and rubbers.","breadcrumb":{"@id":"https:\/\/magmont.com\/en\/producto\/cianoflex\/#breadcrumb"},"inLanguage":"en-US","potentialAction":[{"@type":"ReadAction","target":["https:\/\/magmont.com\/en\/producto\/cianoflex\/"]}]},{"@type":"ImageObject","inLanguage":"en-US","@id":"https:\/\/magmont.com\/en\/producto\/cianoflex\/#primaryimage","url":"https:\/\/magmont.com\/wp-content\/uploads\/2024\/03\/cianoflex.jpg","contentUrl":"https:\/\/magmont.com\/wp-content\/uploads\/2024\/03\/cianoflex.jpg","width":1000,"height":1000},{"@type":"BreadcrumbList","@id":"https:\/\/magmont.com\/en\/producto\/cianoflex\/#breadcrumb","itemListElement":[{"@type":"ListItem","position":1,"name":"Portada","item":"https:\/\/magmont.com\/"},{"@type":"ListItem","position":2,"name":"PRODUCTOS","item":"https:\/\/magmont.com\/productos\/"},{"@type":"ListItem","position":3,"name":"Cianoflex"}]},{"@type":"WebSite","@id":"https:\/\/magmont.com\/#website","url":"https:\/\/magmont.com\/","name":"MAGMONT | Castell Universal | Adhesivos de cianocrilato en distintos formatos","description":"Fabricantes de adhesivos de cianocrilato, adhesivos termoconductores, fija tuercas, sellador en pasta y recubrimientos anti manipulaci\u00f3n. Servicio y Calidad, unas de las principales prioridades con m\u00e1s de 15 a\u00f1os de experiencia","publisher":{"@id":"https:\/\/magmont.com\/#organization"},"alternateName":"Castell Universal","potentialAction":[{"@type":"SearchAction","target":{"@type":"EntryPoint","urlTemplate":"https:\/\/magmont.com\/?s={search_term_string}"},"query-input":{"@type":"PropertyValueSpecification","valueRequired":true,"valueName":"search_term_string"}}],"inLanguage":"en-US"},{"@type":"Organization","@id":"https:\/\/magmont.com\/#organization","name":"MAGMONT | Castell Universal | Adhesivos de cianocrilato en distintos formatos","url":"https:\/\/magmont.com\/","logo":{"@type":"ImageObject","inLanguage":"en-US","@id":"https:\/\/magmont.com\/#\/schema\/logo\/image\/","url":"https:\/\/magmont.com\/wp-content\/uploads\/2024\/06\/logo2.png","contentUrl":"https:\/\/magmont.com\/wp-content\/uploads\/2024\/06\/logo2.png","width":536,"height":162,"caption":"MAGMONT | Castell Universal | Adhesivos de cianocrilato en distintos formatos"},"image":{"@id":"https:\/\/magmont.com\/#\/schema\/logo\/image\/"},"sameAs":["https:\/\/www.instagram.com\/adhesivosmagmont\/","https:\/\/es.linkedin.com\/in\/magmont-adhesives"]}]}},"_links":{"self":[{"href":"https:\/\/magmont.com\/en\/wp-json\/wp\/v2\/product\/3090","targetHints":{"allow":["GET"]}}],"collection":[{"href":"https:\/\/magmont.com\/en\/wp-json\/wp\/v2\/product"}],"about":[{"href":"https:\/\/magmont.com\/en\/wp-json\/wp\/v2\/types\/product"}],"replies":[{"embeddable":true,"href":"https:\/\/magmont.com\/en\/wp-json\/wp\/v2\/comments?post=3090"}],"wp:featuredmedia":[{"embeddable":true,"href":"https:\/\/magmont.com\/en\/wp-json\/wp\/v2\/media\/2593"}],"wp:attachment":[{"href":"https:\/\/magmont.com\/en\/wp-json\/wp\/v2\/media?parent=3090"}],"wp:term":[{"taxonomy":"product_brand","embeddable":true,"href":"https:\/\/magmont.com\/en\/wp-json\/wp\/v2\/product_brand?post=3090"},{"taxonomy":"product_cat","embeddable":true,"href":"https:\/\/magmont.com\/en\/wp-json\/wp\/v2\/product_cat?post=3090"},{"taxonomy":"product_tag","embeddable":true,"href":"https:\/\/magmont.com\/en\/wp-json\/wp\/v2\/product_tag?post=3090"}],"curies":[{"name":"wp","href":"https:\/\/api.w.org\/{rel}","templated":true}]}}