{"id":3201,"date":"2024-03-13T14:43:55","date_gmt":"2024-03-13T14:43:55","guid":{"rendered":"https:\/\/magmont.com\/producto\/epoxy-multi\/"},"modified":"2025-10-13T14:29:56","modified_gmt":"2025-10-13T14:29:56","slug":"epoxy-multipurpose","status":"publish","type":"product","link":"https:\/\/magmont.com\/en\/producto\/epoxy-multipurpose\/","title":{"rendered":"Epoxy Multipurpose"},"content":{"rendered":"[et_pb_section fb_built=&#8221;1&#8243; _builder_version=&#8221;4.24.2&#8243; background_color=&#8221;#FFFFFF&#8221; custom_padding=&#8221;0px||||false|false&#8221; global_colors_info=&#8221;{}&#8221;][et_pb_row _builder_version=&#8221;4.16&#8243; background_size=&#8221;initial&#8221; background_position=&#8221;top_left&#8221; background_repeat=&#8221;repeat&#8221; width=&#8221;100%&#8221; custom_padding=&#8221;0px||0px||false|false&#8221; global_colors_info=&#8221;{}&#8221;][et_pb_column type=&#8221;4_4&#8243; _builder_version=&#8221;4.16&#8243; custom_padding=&#8221;|||&#8221; global_colors_info=&#8221;{}&#8221; custom_padding__hover=&#8221;|||&#8221;][et_pb_wc_breadcrumb _builder_version=&#8221;4.16&#8243; global_colors_info=&#8221;{}&#8221;][\/et_pb_wc_breadcrumb][et_pb_wc_cart_notice _builder_version=&#8221;4.16&#8243; global_colors_info=&#8221;{}&#8221;][\/et_pb_wc_cart_notice][\/et_pb_column][\/et_pb_row][et_pb_row column_structure=&#8221;1_2,1_2&#8243; _builder_version=&#8221;4.16&#8243; background_size=&#8221;initial&#8221; background_position=&#8221;top_left&#8221; background_repeat=&#8221;repeat&#8221; width=&#8221;100%&#8221; custom_padding=&#8221;0px||||false|false&#8221; global_colors_info=&#8221;{}&#8221;][et_pb_column type=&#8221;1_2&#8243; _builder_version=&#8221;4.16&#8243; custom_padding=&#8221;|||&#8221; global_colors_info=&#8221;{}&#8221; custom_padding__hover=&#8221;|||&#8221;][et_pb_wc_images admin_label=&#8221;Woo Product Images&#8221; _builder_version=&#8221;4.16&#8243; global_colors_info=&#8221;{}&#8221;][\/et_pb_wc_images][\/et_pb_column][et_pb_column type=&#8221;1_2&#8243; _builder_version=&#8221;4.16&#8243; custom_padding=&#8221;|||&#8221; global_colors_info=&#8221;{}&#8221; custom_padding__hover=&#8221;|||&#8221;][et_pb_wc_title _builder_version=&#8221;4.16&#8243; global_colors_info=&#8221;{}&#8221;][\/et_pb_wc_title][et_pb_wc_rating _builder_version=&#8221;4.16&#8243; global_colors_info=&#8221;{}&#8221;][\/et_pb_wc_rating][et_pb_wc_price _builder_version=&#8221;4.16&#8243; global_colors_info=&#8221;{}&#8221;][\/et_pb_wc_price][et_pb_wc_description _builder_version=&#8221;4.16&#8243; global_colors_info=&#8221;{}&#8221;][\/et_pb_wc_description][et_pb_wc_add_to_cart _builder_version=&#8221;4.16&#8243; global_colors_info=&#8221;{}&#8221;][\/et_pb_wc_add_to_cart][et_pb_wc_tabs admin_label=&#8221;Pesta\u00f1as de productos Woo&#8221; _builder_version=&#8221;4.24.2&#8243; global_colors_info=&#8221;{}&#8221;] [\/et_pb_wc_tabs][et_pb_wc_meta _builder_version=&#8221;4.16&#8243; global_colors_info=&#8221;{}&#8221;][\/et_pb_wc_meta][\/et_pb_column][\/et_pb_row][et_pb_row _builder_version=&#8221;4.16&#8243; background_size=&#8221;initial&#8221; background_position=&#8221;top_left&#8221; background_repeat=&#8221;repeat&#8221; width=&#8221;100%&#8221; global_colors_info=&#8221;{}&#8221;][et_pb_column type=&#8221;4_4&#8243; _builder_version=&#8221;4.16&#8243; custom_padding=&#8221;|||&#8221; global_colors_info=&#8221;{}&#8221; custom_padding__hover=&#8221;|||&#8221;][et_pb_wc_upsells _builder_version=&#8221;4.16&#8243; global_colors_info=&#8221;{}&#8221;][\/et_pb_wc_upsells][et_pb_wc_related_products _builder_version=&#8221;4.16&#8243; global_colors_info=&#8221;{}&#8221;][\/et_pb_wc_related_products][\/et_pb_column][\/et_pb_row][et_pb_row _builder_version=&#8221;4.24.2&#8243; _module_preset=&#8221;default&#8221; global_colors_info=&#8221;{}&#8221;][et_pb_column type=&#8221;4_4&#8243; _builder_version=&#8221;4.24.2&#8243; _module_preset=&#8221;default&#8221; global_colors_info=&#8221;{}&#8221;][et_pb_code _builder_version=&#8221;4.24.2&#8243; _module_preset=&#8221;default&#8221; global_colors_info=&#8221;{}&#8221;]<span class=\"collapseomatic \" id=\"id69e3ba00c00fb\"  tabindex=\"0\" title=\"\"    ><\/span><div id=\"target-id69e3ba00c00fb\" class=\"collapseomatic_content \"><!-- [et_pb_line_break_holder] --><a href=\"https:\/\/masergrup.com\/\"><\/a><!-- [et_pb_line_break_holder] --><img alt=\"Epoxy Multi\"><!-- [et_pb_line_break_holder] --><!-- [et_pb_line_break_holder] -->El epoxy multi es una soluci\u00f3n adhesiva y de sellado altamente vers\u00e1til que se ha convertido en un elemento indispensable en una variedad de aplicaciones industriales, comerciales y dom\u00e9sticas. Su formulaci\u00f3n \u00fanica combina resinas epoxi y endurecedores para crear un compuesto resistente y duradero que puede adherir una amplia gama de materiales y soportar condiciones adversas.<!-- [et_pb_line_break_holder] --><!-- [et_pb_line_break_holder] -->Una de las caracter\u00edsticas m\u00e1s destacadas del epoxy multi es su capacidad para unir materiales dif\u00edciles de pegar, como metal, pl\u00e1stico, cer\u00e1mica, vidrio y madera, entre otros. Ya sea que est\u00e9s realizando reparaciones en el hogar, construyendo proyectos de bricolaje o llevando a cabo aplicaciones industriales, este adhesivo ofrece una uni\u00f3n fuerte y duradera que garantiza la integridad estructural de tus proyectos.<!-- [et_pb_line_break_holder] --><!-- [et_pb_line_break_holder] -->Adem\u00e1s de su excelente capacidad de uni\u00f3n, el epoxy multi tambi\u00e9n es conocido por su resistencia a la humedad, productos qu\u00edmicos y temperaturas extremas. Esto lo hace ideal para aplicaciones en entornos exigentes donde otros adhesivos podr\u00edan fallar. Ya sea en interiores o exteriores, en condiciones h\u00famedas o secas, puedes confiar en que el epoxy multi mantendr\u00e1 tus proyectos unidos de manera segura y confiable.<!-- [et_pb_line_break_holder] --><!-- [et_pb_line_break_holder] -->Otra ventaja del epoxy multi es su capacidad para llenar espacios y grietas, lo que proporciona una uni\u00f3n m\u00e1s s\u00f3lida y uniforme. Su consistencia manejable y su tiempo de trabajo extendido permiten ajustes precisos antes de que el adhesivo se cure por completo, lo que facilita el proceso de aplicaci\u00f3n y asegura resultados profesionales.<!-- [et_pb_line_break_holder] --><!-- [et_pb_line_break_holder] --><\/div><!-- [et_pb_line_break_holder] -->[\/et_pb_code][\/et_pb_column][\/et_pb_row][\/et_pb_section]\n","protected":false},"excerpt":{"rendered":"<p>Two-component epoxy putty for general use, suitable for filling cracks and holes in various surfaces.<\/p>\n<ul>\n<li><strong>Application<\/strong>: Specially designed for application on materials such as wood or plastic. MULTI epoxy resin is suitable for any type of fixing that requires a resistant finish.<\/li>\n<\/ul>\n<p><strong>Capacities available:<\/strong><\/p>\n<ul>\n<li>57gr<\/li>\n<\/ul>\n","protected":false},"featured_media":2607,"comment_status":"closed","ping_status":"closed","template":"","meta":{"_et_pb_use_builder":"on","_et_pb_old_content":"","_et_gb_content_width":""},"product_brand":[],"product_cat":[130,129],"product_tag":[],"class_list":{"0":"post-3201","1":"product","2":"type-product","3":"status-publish","4":"has-post-thumbnail","6":"product_cat-bicomponents-en","7":"product_cat-epoxi-bars","9":"first","10":"instock","11":"shipping-taxable","12":"purchasable","13":"product-type-variable"},"yoast_head":"<!-- This site is optimized with the Yoast SEO plugin v26.7 - https:\/\/yoast.com\/wordpress\/plugins\/seo\/ -->\n<title>Epoxy Multipurpose - MAGMONT | Castell Universal | Adhesivos de cianocrilato en distintos formatos<\/title>\n<meta name=\"description\" content=\"Epoxy Multipurpose. Epoxy Putty Bicomponent Multipurpose. Specially designed for application on materials such as wood or plastic.\" \/>\n<meta name=\"robots\" content=\"index, follow, max-snippet:-1, max-image-preview:large, max-video-preview:-1\" \/>\n<link rel=\"canonical\" href=\"https:\/\/magmont.com\/en\/producto\/epoxy-multipurpose\/\" \/>\n<meta property=\"og:locale\" content=\"en_US\" \/>\n<meta property=\"og:type\" content=\"article\" \/>\n<meta property=\"og:title\" content=\"Epoxy Multipurpose - MAGMONT | Castell Universal | Adhesivos de cianocrilato en distintos formatos\" \/>\n<meta property=\"og:description\" content=\"Epoxy Multipurpose. Epoxy Putty Bicomponent Multipurpose. Specially designed for application on materials such as wood or plastic.\" \/>\n<meta property=\"og:url\" content=\"https:\/\/magmont.com\/en\/producto\/epoxy-multipurpose\/\" \/>\n<meta property=\"og:site_name\" content=\"MAGMONT | Castell Universal | Adhesivos de cianocrilato en distintos formatos\" \/>\n<meta property=\"article:modified_time\" content=\"2025-10-13T14:29:56+00:00\" \/>\n<meta property=\"og:image\" content=\"https:\/\/magmont.com\/wp-content\/uploads\/2024\/03\/epoxi-multiusos-1.jpg\" \/>\n\t<meta property=\"og:image:width\" content=\"1000\" \/>\n\t<meta property=\"og:image:height\" content=\"1000\" \/>\n\t<meta property=\"og:image:type\" content=\"image\/jpeg\" \/>\n<meta name=\"twitter:label1\" content=\"Est. reading time\" \/>\n\t<meta name=\"twitter:data1\" content=\"3 minutes\" \/>\n<script type=\"application\/ld+json\" class=\"yoast-schema-graph\">{\"@context\":\"https:\/\/schema.org\",\"@graph\":[{\"@type\":\"WebPage\",\"@id\":\"https:\/\/magmont.com\/en\/producto\/epoxy-multipurpose\/\",\"url\":\"https:\/\/magmont.com\/en\/producto\/epoxy-multipurpose\/\",\"name\":\"Epoxy Multipurpose - MAGMONT | Castell Universal | Adhesivos de cianocrilato en distintos formatos\",\"isPartOf\":{\"@id\":\"https:\/\/magmont.com\/#website\"},\"primaryImageOfPage\":{\"@id\":\"https:\/\/magmont.com\/en\/producto\/epoxy-multipurpose\/#primaryimage\"},\"image\":{\"@id\":\"https:\/\/magmont.com\/en\/producto\/epoxy-multipurpose\/#primaryimage\"},\"thumbnailUrl\":\"https:\/\/magmont.com\/wp-content\/uploads\/2024\/03\/epoxi-multiusos-1.jpg\",\"datePublished\":\"2024-03-13T14:43:55+00:00\",\"dateModified\":\"2025-10-13T14:29:56+00:00\",\"description\":\"Epoxy Multipurpose. Epoxy Putty Bicomponent Multipurpose. Specially designed for application on materials such as wood or plastic.\",\"breadcrumb\":{\"@id\":\"https:\/\/magmont.com\/en\/producto\/epoxy-multipurpose\/#breadcrumb\"},\"inLanguage\":\"en-US\",\"potentialAction\":[{\"@type\":\"ReadAction\",\"target\":[\"https:\/\/magmont.com\/en\/producto\/epoxy-multipurpose\/\"]}]},{\"@type\":\"ImageObject\",\"inLanguage\":\"en-US\",\"@id\":\"https:\/\/magmont.com\/en\/producto\/epoxy-multipurpose\/#primaryimage\",\"url\":\"https:\/\/magmont.com\/wp-content\/uploads\/2024\/03\/epoxi-multiusos-1.jpg\",\"contentUrl\":\"https:\/\/magmont.com\/wp-content\/uploads\/2024\/03\/epoxi-multiusos-1.jpg\",\"width\":1000,\"height\":1000},{\"@type\":\"BreadcrumbList\",\"@id\":\"https:\/\/magmont.com\/en\/producto\/epoxy-multipurpose\/#breadcrumb\",\"itemListElement\":[{\"@type\":\"ListItem\",\"position\":1,\"name\":\"Portada\",\"item\":\"https:\/\/magmont.com\/\"},{\"@type\":\"ListItem\",\"position\":2,\"name\":\"PRODUCTOS\",\"item\":\"https:\/\/magmont.com\/productos\/\"},{\"@type\":\"ListItem\",\"position\":3,\"name\":\"Epoxy Multipurpose\"}]},{\"@type\":\"WebSite\",\"@id\":\"https:\/\/magmont.com\/#website\",\"url\":\"https:\/\/magmont.com\/\",\"name\":\"MAGMONT | Castell Universal | Adhesivos de cianocrilato en distintos formatos\",\"description\":\"Fabricantes de adhesivos de cianocrilato, adhesivos termoconductores, fija tuercas, sellador en pasta y recubrimientos anti manipulaci\u00f3n. Servicio y Calidad, unas de las principales prioridades con m\u00e1s de 15 a\u00f1os de experiencia\",\"publisher\":{\"@id\":\"https:\/\/magmont.com\/#organization\"},\"alternateName\":\"Castell Universal\",\"potentialAction\":[{\"@type\":\"SearchAction\",\"target\":{\"@type\":\"EntryPoint\",\"urlTemplate\":\"https:\/\/magmont.com\/?s={search_term_string}\"},\"query-input\":{\"@type\":\"PropertyValueSpecification\",\"valueRequired\":true,\"valueName\":\"search_term_string\"}}],\"inLanguage\":\"en-US\"},{\"@type\":\"Organization\",\"@id\":\"https:\/\/magmont.com\/#organization\",\"name\":\"MAGMONT | Castell Universal | Adhesivos de cianocrilato en distintos formatos\",\"url\":\"https:\/\/magmont.com\/\",\"logo\":{\"@type\":\"ImageObject\",\"inLanguage\":\"en-US\",\"@id\":\"https:\/\/magmont.com\/#\/schema\/logo\/image\/\",\"url\":\"https:\/\/magmont.com\/wp-content\/uploads\/2024\/06\/logo2.png\",\"contentUrl\":\"https:\/\/magmont.com\/wp-content\/uploads\/2024\/06\/logo2.png\",\"width\":536,\"height\":162,\"caption\":\"MAGMONT | Castell Universal | Adhesivos de cianocrilato en distintos formatos\"},\"image\":{\"@id\":\"https:\/\/magmont.com\/#\/schema\/logo\/image\/\"},\"sameAs\":[\"https:\/\/www.instagram.com\/adhesivosmagmont\/\",\"https:\/\/es.linkedin.com\/in\/magmont-adhesives\"]}]}<\/script>\n<!-- \/ Yoast SEO plugin. -->","yoast_head_json":{"title":"Epoxy Multipurpose - MAGMONT | Castell Universal | Adhesivos de cianocrilato en distintos formatos","description":"Epoxy Multipurpose. Epoxy Putty Bicomponent Multipurpose. Specially designed for application on materials such as wood or plastic.","robots":{"index":"index","follow":"follow","max-snippet":"max-snippet:-1","max-image-preview":"max-image-preview:large","max-video-preview":"max-video-preview:-1"},"canonical":"https:\/\/magmont.com\/en\/producto\/epoxy-multipurpose\/","og_locale":"en_US","og_type":"article","og_title":"Epoxy Multipurpose - MAGMONT | Castell Universal | Adhesivos de cianocrilato en distintos formatos","og_description":"Epoxy Multipurpose. Epoxy Putty Bicomponent Multipurpose. Specially designed for application on materials such as wood or plastic.","og_url":"https:\/\/magmont.com\/en\/producto\/epoxy-multipurpose\/","og_site_name":"MAGMONT | Castell Universal | Adhesivos de cianocrilato en distintos formatos","article_modified_time":"2025-10-13T14:29:56+00:00","og_image":[{"width":1000,"height":1000,"url":"https:\/\/magmont.com\/wp-content\/uploads\/2024\/03\/epoxi-multiusos-1.jpg","type":"image\/jpeg"}],"twitter_misc":{"Est. reading time":"3 minutes"},"schema":{"@context":"https:\/\/schema.org","@graph":[{"@type":"WebPage","@id":"https:\/\/magmont.com\/en\/producto\/epoxy-multipurpose\/","url":"https:\/\/magmont.com\/en\/producto\/epoxy-multipurpose\/","name":"Epoxy Multipurpose - MAGMONT | Castell Universal | Adhesivos de cianocrilato en distintos formatos","isPartOf":{"@id":"https:\/\/magmont.com\/#website"},"primaryImageOfPage":{"@id":"https:\/\/magmont.com\/en\/producto\/epoxy-multipurpose\/#primaryimage"},"image":{"@id":"https:\/\/magmont.com\/en\/producto\/epoxy-multipurpose\/#primaryimage"},"thumbnailUrl":"https:\/\/magmont.com\/wp-content\/uploads\/2024\/03\/epoxi-multiusos-1.jpg","datePublished":"2024-03-13T14:43:55+00:00","dateModified":"2025-10-13T14:29:56+00:00","description":"Epoxy Multipurpose. Epoxy Putty Bicomponent Multipurpose. Specially designed for application on materials such as wood or plastic.","breadcrumb":{"@id":"https:\/\/magmont.com\/en\/producto\/epoxy-multipurpose\/#breadcrumb"},"inLanguage":"en-US","potentialAction":[{"@type":"ReadAction","target":["https:\/\/magmont.com\/en\/producto\/epoxy-multipurpose\/"]}]},{"@type":"ImageObject","inLanguage":"en-US","@id":"https:\/\/magmont.com\/en\/producto\/epoxy-multipurpose\/#primaryimage","url":"https:\/\/magmont.com\/wp-content\/uploads\/2024\/03\/epoxi-multiusos-1.jpg","contentUrl":"https:\/\/magmont.com\/wp-content\/uploads\/2024\/03\/epoxi-multiusos-1.jpg","width":1000,"height":1000},{"@type":"BreadcrumbList","@id":"https:\/\/magmont.com\/en\/producto\/epoxy-multipurpose\/#breadcrumb","itemListElement":[{"@type":"ListItem","position":1,"name":"Portada","item":"https:\/\/magmont.com\/"},{"@type":"ListItem","position":2,"name":"PRODUCTOS","item":"https:\/\/magmont.com\/productos\/"},{"@type":"ListItem","position":3,"name":"Epoxy Multipurpose"}]},{"@type":"WebSite","@id":"https:\/\/magmont.com\/#website","url":"https:\/\/magmont.com\/","name":"MAGMONT | Castell Universal | Adhesivos de cianocrilato en distintos formatos","description":"Fabricantes de adhesivos de cianocrilato, adhesivos termoconductores, fija tuercas, sellador en pasta y recubrimientos anti manipulaci\u00f3n. Servicio y Calidad, unas de las principales prioridades con m\u00e1s de 15 a\u00f1os de experiencia","publisher":{"@id":"https:\/\/magmont.com\/#organization"},"alternateName":"Castell Universal","potentialAction":[{"@type":"SearchAction","target":{"@type":"EntryPoint","urlTemplate":"https:\/\/magmont.com\/?s={search_term_string}"},"query-input":{"@type":"PropertyValueSpecification","valueRequired":true,"valueName":"search_term_string"}}],"inLanguage":"en-US"},{"@type":"Organization","@id":"https:\/\/magmont.com\/#organization","name":"MAGMONT | Castell Universal | Adhesivos de cianocrilato en distintos formatos","url":"https:\/\/magmont.com\/","logo":{"@type":"ImageObject","inLanguage":"en-US","@id":"https:\/\/magmont.com\/#\/schema\/logo\/image\/","url":"https:\/\/magmont.com\/wp-content\/uploads\/2024\/06\/logo2.png","contentUrl":"https:\/\/magmont.com\/wp-content\/uploads\/2024\/06\/logo2.png","width":536,"height":162,"caption":"MAGMONT | Castell Universal | Adhesivos de cianocrilato en distintos formatos"},"image":{"@id":"https:\/\/magmont.com\/#\/schema\/logo\/image\/"},"sameAs":["https:\/\/www.instagram.com\/adhesivosmagmont\/","https:\/\/es.linkedin.com\/in\/magmont-adhesives"]}]}},"_links":{"self":[{"href":"https:\/\/magmont.com\/en\/wp-json\/wp\/v2\/product\/3201","targetHints":{"allow":["GET"]}}],"collection":[{"href":"https:\/\/magmont.com\/en\/wp-json\/wp\/v2\/product"}],"about":[{"href":"https:\/\/magmont.com\/en\/wp-json\/wp\/v2\/types\/product"}],"replies":[{"embeddable":true,"href":"https:\/\/magmont.com\/en\/wp-json\/wp\/v2\/comments?post=3201"}],"wp:featuredmedia":[{"embeddable":true,"href":"https:\/\/magmont.com\/en\/wp-json\/wp\/v2\/media\/2607"}],"wp:attachment":[{"href":"https:\/\/magmont.com\/en\/wp-json\/wp\/v2\/media?parent=3201"}],"wp:term":[{"taxonomy":"product_brand","embeddable":true,"href":"https:\/\/magmont.com\/en\/wp-json\/wp\/v2\/product_brand?post=3201"},{"taxonomy":"product_cat","embeddable":true,"href":"https:\/\/magmont.com\/en\/wp-json\/wp\/v2\/product_cat?post=3201"},{"taxonomy":"product_tag","embeddable":true,"href":"https:\/\/magmont.com\/en\/wp-json\/wp\/v2\/product_tag?post=3201"}],"curies":[{"name":"wp","href":"https:\/\/api.w.org\/{rel}","templated":true}]}}